{"id":901,"date":"2024-03-22T12:44:41","date_gmt":"2024-03-22T12:44:41","guid":{"rendered":"http:\/\/the-codest.localhost\/?page_id=901"},"modified":"2026-04-10T10:17:09","modified_gmt":"2026-04-10T10:17:09","slug":"om-oss","status":"publish","type":"page","link":"https:\/\/thecodest.co\/sv\/about-us\/","title":{"rendered":"Om oss"},"content":{"rendered":"<section id=\"intro-block_ab2178f3fe5d47d7becfe29028152f08\"\n         class=\"section intro intro--movie no-image-bg intro--normal\"\n  >\n      <div class=\"wrapper\">\n      <div class=\"intro__container\">\n        <h1 class=\"intro__title\">V\u00e5r ber\u00e4ttelse <\/h1>\n        <iframe src=\"https:\/\/www.youtube.com\/embed\/ikMXhIUaCyI\" frameborder=\"0\"\n                class=\"intro__video\"><\/iframe>\n      <\/div>\n    <\/div>\n      <\/section>\n\n\n\n<section id=\"description-block_a3ef9f058ebbb660f8b288679742fe2e\"\n         class=\"section description description--none description--left description--long description--start\">\n  <div class=\"wrapper\">\n    <div class=\"description__container\">\n      <div class=\"description__content\">\n        <h2 class=\"display-lg\">Grundande team<\/h2>\n        <div class=\"description__desc\">\n          <p>Inledningsvis var Codest en del av AdTaily-f\u00f6retaget d\u00e4r det fick erk\u00e4nnande f\u00f6r att ha utvecklat och lanserat en banbrytande AdTech-l\u00f6sning.<\/p>\n<p>Under 2009 lockade deras framg\u00e5ngar till sig investeringar fr\u00e5n Agora Group - en av de st\u00f6rsta mediekoncernerna i Polen.<\/p>\n<p>De beg\u00e5vade utvecklarna p\u00e5 Codest byggde vidare p\u00e5 sina framg\u00e5ngar och skapade en annan Adtech-l\u00f6sning kallad \"Yieldbird\" - en programvara f\u00f6r programmatisk annonsering och optimering. Denna produkt har haft betydande framg\u00e5ngar p\u00e5 den globala marknaden och bel\u00f6nades med det prestigefyllda Top25 Deloitte-priset.<\/p>\n<p>\u00c5r 2020 genomf\u00f6rde Greg och Jakub som chefer p\u00e5 Codest en MBO fr\u00e5n Agora Group och skapade The Codest - ett internationellt mjukvaruutvecklingsf\u00f6retag.<\/p>\n<p>Med sin omfattande erfarenhet av att bygga framg\u00e5ngsrika produkter, digitala transformationsprojekt och \u00e4ven skapa och leda ett team av f\u00f6rstklassiga utvecklare, har The Codest-grundarna ov\u00e4rderliga insikter i de utmaningar som ligger i produktutveckling.<\/p>\n<p><span style=\"font-weight: 400;\">Under \u00e5rens lopp har de skaffat sig djup expertis inom olika branscher, inklusive e-handel, fintech\/bank, logistik och mer, och har genomf\u00f6rt \u00f6ver 150 projekt<\/span><span style=\"font-weight: 400;\">.\u00a0<\/span><\/p>\n<p>Denna kunskap g\u00f6r att de kan ge v\u00e4rdefulla r\u00e5d till sina kunder och hj\u00e4lpa dem att undvika kritiska misstag och optimera sina satsningar.<\/p>\n<p>L\u00e5t oss diskutera hur v\u00e5rt team kan \u00f6ka din IT-leverans eller hj\u00e4lpa dig att bygga effektiva digitala produkter.<\/p>\n        <\/div>\n              <\/div>\n      <div class=\"description__image vertical start\">\n                  <img \n    src=\"https:\/\/thecodest.co\/app\/uploads\/2024\/04\/foto-4_3.png\" \n    width=\"380\" \n    height=\"460\" \n    srcset=\"https:\/\/thecodest.co\/app\/uploads\/2024\/04\/foto-4_3.png 300w, https:\/\/thecodest.co\/app\/uploads\/2024\/04\/foto-4_3-225x300.png 225w, https:\/\/thecodest.co\/app\/uploads\/2024\/04\/foto-4_3-9x12.png 9w, https:\/\/thecodest.co\/app\/uploads\/2024\/04\/foto-4_3-18x24.png 18w\" sizes=\"auto, (min-width: 1024px) 460px, 100vw\"\n    decoding=\"async\"\n    loading=\"lazy\"\n    alt=\"Codest\"\n    >              <\/div>\n    <\/div>\n  <\/div>\n      <lottie-player\n        data-src=\"https:\/\/assets10.lottiefiles.com\/private_files\/lf30_anpknwfr.json\"\n        :speed=\"1\"\n        loop\n autoplay\n class=\"lottie-box\"\n    ><\/lottie-player>\n  <\/section>\n\n\n\n<section id=\"numbers-block_1715e7cdb5fba902965d2078f8657e83\" class=\"section numbers\">\n  <div class=\"wrapper\">\n    <div class=\"numbers__container numbers__left\">\n      <numbers :index=\"1\"><\/numbers>\n    <\/div>\n  <\/div>\n<\/section>\n\n\n\n<section id=\"tiles-block_09f5c4deb81382d14f238e92ca671eb5\"\n         class=\"section tiles tiles--white\">\n  <div class=\"wrapper\">\n    <div class=\"tiles__container\">\n              <h2 class=\"tiles__head display-lg weight-bold\">\n          Frontend-utveckling med The Codest        <\/h2>\n                  <div class=\"tiles__content\">\n                  <div class=\"tiles__item\">\n            <img decoding=\"async\" src=\"https:\/\/thecodest.co\/app\/themes\/the-codest\/images\/icon-check2.svg\">\n            <h3 class=\"head display-sm weight-bold\">Partnerskap<\/h3>\n            <p class=\"desc text-md\">\n              Som ett f\u00f6retag med ett produktbaserat DNA k\u00e4nner vi till de tekniska utmaningar som m\u00e5nga f\u00f6retag st\u00e5r inf\u00f6r. H\u00e4r \u00e4r v\u00e5r marknadsf\u00f6rdel och v\u00e5rt k\u00e4rnomr\u00e5de f\u00f6r att fr\u00e4mja ditt f\u00f6retag.            <\/p>\n          <\/div>\n                  <div class=\"tiles__item\">\n            <img decoding=\"async\" src=\"https:\/\/thecodest.co\/app\/themes\/the-codest\/images\/icon-check2.svg\">\n            <h3 class=\"head display-sm weight-bold\">Involvering<\/h3>\n            <p class=\"desc text-md\">\n              Som The Codest ger vi proaktivt r\u00e5d till kunden med hj\u00e4lp av v\u00e5r arbetskultur och bepr\u00f6vade metoder, f\u00f6resl\u00e5r de b\u00e4sta l\u00f6sningarna och tar initiativ.            <\/p>\n          <\/div>\n                  <div class=\"tiles__item\">\n            <img decoding=\"async\" src=\"https:\/\/thecodest.co\/app\/themes\/the-codest\/images\/icon-check2.svg\">\n            <h3 class=\"head display-sm weight-bold\">Kontinuerlig f\u00f6rb\u00e4ttring<\/h3>\n            <p class=\"desc text-md\">\n              Vi f\u00f6rb\u00e4ttrar kontinuerligt v\u00e5ra f\u00e4rdigheter och delar med oss av v\u00e5r expertis inom v\u00e5rt team och med v\u00e5ra kunder, med m\u00e5let att \u00f6ka v\u00e5ra partners produktivitet i det dagliga arbetet genom f\u00f6rfinade samarbetsmetoder.            <\/p>\n          <\/div>\n                  <div class=\"tiles__item\">\n            <img decoding=\"async\" src=\"https:\/\/thecodest.co\/app\/themes\/the-codest\/images\/icon-check2.svg\">\n            <h3 class=\"head display-sm weight-bold\">Passion<\/h3>\n            <p class=\"desc text-md\">\n              Vi manifesterar v\u00e5r passion f\u00f6r programmering genom att skapa kod av h\u00f6gsta kvalitet. Codest-bes\u00e4ttningen \u00e4r uppbyggd av m\u00e4nniskor som helt enkelt gillar sitt arbete.            <\/p>\n          <\/div>\n              <\/div>\n    <\/div>\n  <\/div>\n<\/section>\n\n\n\n<section id=\"circles-block_9abf204a9844d8b429c7f54e74c2c1cb\" class=\"section circles\">\n  <div class=\"wrapper\">\n    <div class=\"circles__container\">\n      <div class=\"circles__head\">\n        <h2 class=\"head display-lg weight-bold\">Kompetensomr\u00e5den<\/h2>\n        <div class=\"desc\"><\/div>\n      <\/div>\n\n      <div class=\"circles__content\">\n        <div class=\"circles__technologies\">\n                                    <div class=\"technologies__item\">\n                <div class=\"technologies__content\">\n                  <img \n    src=\"https:\/\/thecodest.co\/app\/uploads\/2024\/04\/react-expertise.svg\" \n    width=\"54\" \n    height=\"54\" \n    srcset=\"\"\n    decoding=\"async\"\n    loading=\"lazy\"\n    alt=\"Codest\"\n    >                <\/div>\n                <div id=\"curved-corner-bottomleft\"><\/div>\n                <div id=\"curved-corner-bottomright\"><\/div>\n                <div id=\"curved-corner-topleft\"><\/div>\n                <div id=\"curved-corner-topright\"><\/div>\n              <\/div>\n                                                <div class=\"technologies__item\">\n                <div class=\"technologies__content\">\n                  <img \n    src=\"https:\/\/thecodest.co\/app\/uploads\/2024\/04\/ruby-expertise.svg\" \n    width=\"54\" \n    height=\"54\" \n    srcset=\"\"\n    decoding=\"async\"\n    loading=\"lazy\"\n    alt=\"Codest\"\n    >                <\/div>\n                <div id=\"curved-corner-bottomleft\"><\/div>\n                <div id=\"curved-corner-bottomright\"><\/div>\n                <div id=\"curved-corner-topleft\"><\/div>\n                <div id=\"curved-corner-topright\"><\/div>\n              <\/div>\n                                                <div class=\"technologies__item\">\n                <div class=\"technologies__content\">\n                  <img \n    src=\"https:\/\/thecodest.co\/app\/uploads\/2024\/04\/typescript-expertise.svg\" \n    width=\"54\" \n    height=\"54\" \n    srcset=\"\"\n    decoding=\"async\"\n    loading=\"lazy\"\n    alt=\"Codest\"\n    >                <\/div>\n                <div id=\"curved-corner-bottomleft\"><\/div>\n                <div id=\"curved-corner-bottomright\"><\/div>\n                <div id=\"curved-corner-topleft\"><\/div>\n                <div id=\"curved-corner-topright\"><\/div>\n              <\/div>\n                                                <div class=\"technologies__item\">\n                <div class=\"technologies__content\">\n                  <img \n    src=\"https:\/\/thecodest.co\/app\/uploads\/2024\/04\/vue-expertise.svg\" \n    width=\"54\" \n    height=\"54\" \n    srcset=\"\"\n    decoding=\"async\"\n    loading=\"lazy\"\n    alt=\"Codest\"\n    >                <\/div>\n                <div id=\"curved-corner-bottomleft\"><\/div>\n                <div id=\"curved-corner-bottomright\"><\/div>\n                <div id=\"curved-corner-topleft\"><\/div>\n                <div id=\"curved-corner-topright\"><\/div>\n              <\/div>\n                                                <div class=\"technologies__item\">\n                <div class=\"technologies__content\">\n                  <img \n    src=\"https:\/\/thecodest.co\/app\/uploads\/2024\/04\/python-expertise.svg\" \n    width=\"54\" \n    height=\"54\" \n    srcset=\"\"\n    decoding=\"async\"\n    loading=\"lazy\"\n    alt=\"Codest\"\n    >                <\/div>\n                <div id=\"curved-corner-bottomleft\"><\/div>\n                <div id=\"curved-corner-bottomright\"><\/div>\n                <div id=\"curved-corner-topleft\"><\/div>\n                <div id=\"curved-corner-topright\"><\/div>\n              <\/div>\n                                                <div class=\"technologies__item\">\n                <div class=\"technologies__content\">\n                  <img \n    src=\"https:\/\/thecodest.co\/app\/uploads\/2024\/04\/php-expertise.svg\" \n    width=\"54\" \n    height=\"54\" \n    srcset=\"\"\n    decoding=\"async\"\n    loading=\"lazy\"\n    alt=\"Codest\"\n    >                <\/div>\n                <div id=\"curved-corner-bottomleft\"><\/div>\n                <div id=\"curved-corner-bottomright\"><\/div>\n                <div id=\"curved-corner-topleft\"><\/div>\n                <div id=\"curved-corner-topright\"><\/div>\n              <\/div>\n                                                <div class=\"technologies__item\">\n                <div class=\"technologies__content\">\n                  <img \n    src=\"https:\/\/thecodest.co\/app\/uploads\/2024\/04\/java-expertise.svg\" \n    width=\"54\" \n    height=\"54\" \n    srcset=\"\"\n    decoding=\"async\"\n    loading=\"lazy\"\n    alt=\"Codest\"\n    >                <\/div>\n                <div id=\"curved-corner-bottomleft\"><\/div>\n                <div id=\"curved-corner-bottomright\"><\/div>\n                <div id=\"curved-corner-topleft\"><\/div>\n                <div id=\"curved-corner-topright\"><\/div>\n              <\/div>\n                              <\/div>\n      <\/div>\n    <\/div>\n  <\/div>\n<\/section>\n\n\n\n<section id=\"description-block_63ecbf8f4a7a687afce783d7413ab9f0\"\n         class=\"section description description--light description--right description--short description--start\">\n  <div class=\"wrapper\">\n    <div class=\"description__container\">\n      <div class=\"description__content\">\n        <h2 class=\"display-lg\">V\u00e5r kultur \u00e4r byggd f\u00f6r beg\u00e5vade IT-proffs<\/h2>\n        <div class=\"description__desc\">\n          <p>P\u00e5 The Codest str\u00e4var vi efter att skapa en f\u00f6rdomsfri och ambiti\u00f6s milj\u00f6 f\u00f6r varje medarbetares utveckling.<\/p>\n        <\/div>\n                              <a href=\"https:\/\/thecodest.co\/sv\/our-team\/\" class=\"description__button\">\n              Tr\u00e4ffa v\u00e5rt team            <\/a>\n                        <\/div>\n      <div class=\"description__image horizontal start\">\n                  <img \n    src=\"https:\/\/thecodest.co\/app\/uploads\/2024\/04\/v8a6125-1-.jpg\" \n    width=\"520\" \n    height=\"345\" \n    srcset=\"https:\/\/thecodest.co\/app\/uploads\/2024\/04\/v8a6125-1-.jpg 2000w, https:\/\/thecodest.co\/app\/uploads\/2024\/04\/v8a6125-1--300x200.jpg 300w, https:\/\/thecodest.co\/app\/uploads\/2024\/04\/v8a6125-1--1024x682.jpg 1024w, https:\/\/thecodest.co\/app\/uploads\/2024\/04\/v8a6125-1--768x512.jpg 768w, https:\/\/thecodest.co\/app\/uploads\/2024\/04\/v8a6125-1--1536x1024.jpg 1536w, https:\/\/thecodest.co\/app\/uploads\/2024\/04\/v8a6125-1--18x12.jpg 18w, https:\/\/thecodest.co\/app\/uploads\/2024\/04\/v8a6125-1--36x24.jpg 36w\" sizes=\"auto, (min-width: 1024px) 520px, 100vw\"\n    decoding=\"async\"\n    loading=\"lazy\"\n    alt=\"Codest\"\n    >              <\/div>\n    <\/div>\n  <\/div>\n  <\/section>\n\n\n\n<section id=\"content-box-block_d5284c49740c79ed50954003c1b78f4d\" class=\"section content-box\">\n  <div class=\"wrapper\">\n    <div class=\"content-box__container\">\n              <div class=\"content-box__head\">\n                      <h2 class=\"head display-lg weight-bold\">\n              Codest deltar i projekt \u00f6ver hela v\u00e4rlden            <\/h2>\n                                <p>Under v\u00e5r \u00f6ver 15 \u00e5r l\u00e5nga resa i branschen har vi kunnat arbeta med flera partners fr\u00e5n hela v\u00e4rlden. Vi har samarbetat med partners fr\u00e5n \u00f6ver 15 l\u00e4nder och skapat f\u00f6rstklassiga digitala produkter f\u00f6r att hj\u00e4lpa v\u00e5ra kunders f\u00f6retag att v\u00e4xa.<\/p>\n                  <\/div>\n      \n              <div class=\"content-box__content\">\n                      <img \n    src=\"https:\/\/thecodest.co\/app\/uploads\/2024\/04\/map-about-us.svg\" \n    width=\"1024\" \n    height=\"504\" \n    srcset=\"\"\n    decoding=\"async\"\n    loading=\"lazy\"\n    alt=\"Codest\"\n    >                                <a href=\"https:\/\/thecodest.co\/case-studies\/\" class=\"button button--primary button--inverted\">\n              <span class=\"button__content\">Uppt\u00e4ck v\u00e5ra fall<\/span>\n            <\/a>\n                  <\/div>\n          <\/div>\n  <\/div>\n<\/section>\n\n\n\n<section id=\"banner-block_7185d58f2dd9735849764dfeec48bbc2\" class=\"section banner banner--default\">\n  <lottie-player\n      data-src=\"https:\/\/assets5.lottiefiles.com\/private_files\/lf30_oesx2rbi.json\"\n      background-color=\"transparent\"\n      :speed=\"1\"\n      loop\n autoplay\n class=\"lottie-box lottie-box--one\"\n  ><\/lottie-player>\n  <div class=\"wrapper\">\n    <div class=\"banner__container\">\n      <div class=\"banner__content\">\n                  <h2 class=\"display-xl\">L\u00e5t oss prata om din id\u00e9<\/h2>\n                                  <a href=\"https:\/\/thecodest.co\/sv\/contact\/\" class=\"button button--primary\">\n            <span class=\"button__content\">Kontakta oss<\/span>\n          <\/a>\n              <\/div>\n    <\/div>\n  <\/div>\n  <lottie-player\n      data-src=\"https:\/\/assets10.lottiefiles.com\/private_files\/lf30_eymwl02x.json\"\n      :speed=\"1\"\n      loop\n autoplay\n class=\"lottie-box lottie-box--two\"\n  ><\/lottie-player>\n<\/section>","protected":false},"excerpt":{"rendered":"","protected":false},"author":1,"featured_media":0,"parent":0,"menu_order":0,"comment_status":"closed","ping_status":"closed","template":"","meta":{"_acf_changed":false,"inline_featured_image":false,"footnotes":""},"class_list":["post-901","page","type-page","status-publish","hentry"],"acf":[],"yoast_head":"<!-- This site is optimized with the Yoast SEO Premium plugin v27.3 (Yoast SEO v27.3) - https:\/\/yoast.com\/product\/yoast-seo-premium-wordpress\/ -->\n<title>About us - The Codest<\/title>\n<meta name=\"description\" content=\"Meet The Codest, an international tech software company helping businesses grow with experienced developers, scalable teams, and strong product development expertise.\" \/>\n<meta name=\"robots\" content=\"index, follow, max-snippet:-1, max-image-preview:large, max-video-preview:-1\" \/>\n<link rel=\"canonical\" href=\"https:\/\/thecodest.co\/sv\/om-oss\/\" \/>\n<meta property=\"og:locale\" content=\"sv_SE\" \/>\n<meta property=\"og:type\" content=\"article\" \/>\n<meta property=\"og:title\" content=\"About us\" \/>\n<meta property=\"og:description\" content=\"Meet The Codest, an international tech software company helping businesses grow with experienced developers, scalable teams, and strong product development expertise.\" \/>\n<meta property=\"og:url\" content=\"https:\/\/thecodest.co\/sv\/om-oss\/\" \/>\n<meta property=\"og:site_name\" content=\"The Codest\" \/>\n<meta property=\"article:modified_time\" content=\"2026-04-10T10:17:09+00:00\" \/>\n<meta property=\"og:image\" content=\"https:\/\/thecodest.co\/app\/uploads\/2024\/06\/cover-image.png\" \/>\n\t<meta property=\"og:image:width\" content=\"1200\" \/>\n\t<meta property=\"og:image:height\" content=\"675\" \/>\n\t<meta property=\"og:image:type\" content=\"image\/png\" \/>\n<meta name=\"twitter:card\" content=\"summary_large_image\" \/>\n<script type=\"application\/ld+json\" class=\"yoast-schema-graph\">{\"@context\":\"https:\\\/\\\/schema.org\",\"@graph\":[{\"@type\":\"WebPage\",\"@id\":\"https:\\\/\\\/thecodest.co\\\/about-us\\\/\",\"url\":\"https:\\\/\\\/thecodest.co\\\/about-us\\\/\",\"name\":\"About us - The Codest\",\"isPartOf\":{\"@id\":\"https:\\\/\\\/thecodest.co\\\/#website\"},\"datePublished\":\"2024-03-22T12:44:41+00:00\",\"dateModified\":\"2026-04-10T10:17:09+00:00\",\"description\":\"Meet The Codest, an international tech software company helping businesses grow with experienced developers, scalable teams, and strong product development expertise.\",\"breadcrumb\":{\"@id\":\"https:\\\/\\\/thecodest.co\\\/about-us\\\/#breadcrumb\"},\"inLanguage\":\"sv-SE\",\"potentialAction\":[{\"@type\":\"ReadAction\",\"target\":[\"https:\\\/\\\/thecodest.co\\\/about-us\\\/\"]}]},{\"@type\":\"BreadcrumbList\",\"@id\":\"https:\\\/\\\/thecodest.co\\\/about-us\\\/#breadcrumb\",\"itemListElement\":[{\"@type\":\"ListItem\",\"position\":1,\"name\":\"Home\",\"item\":\"https:\\\/\\\/thecodest.co\\\/\"},{\"@type\":\"ListItem\",\"position\":2,\"name\":\"About us\"}]},{\"@type\":\"WebSite\",\"@id\":\"https:\\\/\\\/thecodest.co\\\/#website\",\"url\":\"https:\\\/\\\/thecodest.co\\\/\",\"name\":\"The Codest\",\"description\":\"\",\"publisher\":{\"@id\":\"https:\\\/\\\/thecodest.co\\\/#organization\"},\"potentialAction\":[{\"@type\":\"SearchAction\",\"target\":{\"@type\":\"EntryPoint\",\"urlTemplate\":\"https:\\\/\\\/thecodest.co\\\/?s={search_term_string}\"},\"query-input\":{\"@type\":\"PropertyValueSpecification\",\"valueRequired\":true,\"valueName\":\"search_term_string\"}}],\"inLanguage\":\"sv-SE\"},{\"@type\":\"Organization\",\"@id\":\"https:\\\/\\\/thecodest.co\\\/#organization\",\"name\":\"The Codest\",\"url\":\"https:\\\/\\\/thecodest.co\\\/\",\"logo\":{\"@type\":\"ImageObject\",\"inLanguage\":\"sv-SE\",\"@id\":\"https:\\\/\\\/thecodest.co\\\/#\\\/schema\\\/logo\\\/image\\\/\",\"url\":\"https:\\\/\\\/thecodest.co\\\/app\\\/uploads\\\/2024\\\/03\\\/thecodest-logo.svg\",\"contentUrl\":\"https:\\\/\\\/thecodest.co\\\/app\\\/uploads\\\/2024\\\/03\\\/thecodest-logo.svg\",\"width\":144,\"height\":36,\"caption\":\"The Codest\"},\"image\":{\"@id\":\"https:\\\/\\\/thecodest.co\\\/#\\\/schema\\\/logo\\\/image\\\/\"},\"sameAs\":[\"https:\\\/\\\/pl.linkedin.com\\\/company\\\/codest\",\"https:\\\/\\\/clutch.co\\\/profile\\\/codest\"]}]}<\/script>\n<!-- \/ Yoast SEO Premium plugin. -->","yoast_head_json":{"title":"Om oss - The Codest","description":"M\u00f6t The Codest, ett internationellt tekniskt mjukvaruf\u00f6retag som hj\u00e4lper f\u00f6retag att v\u00e4xa med erfarna utvecklare, skalbara team och stark produktutvecklingsexpertis.","robots":{"index":"index","follow":"follow","max-snippet":"max-snippet:-1","max-image-preview":"max-image-preview:large","max-video-preview":"max-video-preview:-1"},"canonical":"https:\/\/thecodest.co\/sv\/om-oss\/","og_locale":"sv_SE","og_type":"article","og_title":"About us","og_description":"Meet The Codest, an international tech software company helping businesses grow with experienced developers, scalable teams, and strong product development expertise.","og_url":"https:\/\/thecodest.co\/sv\/om-oss\/","og_site_name":"The Codest","article_modified_time":"2026-04-10T10:17:09+00:00","og_image":[{"width":1200,"height":675,"url":"https:\/\/thecodest.co\/app\/uploads\/2024\/06\/cover-image.png","type":"image\/png"}],"twitter_card":"summary_large_image","schema":{"@context":"https:\/\/schema.org","@graph":[{"@type":"WebPage","@id":"https:\/\/thecodest.co\/about-us\/","url":"https:\/\/thecodest.co\/about-us\/","name":"Om oss - The Codest","isPartOf":{"@id":"https:\/\/thecodest.co\/#website"},"datePublished":"2024-03-22T12:44:41+00:00","dateModified":"2026-04-10T10:17:09+00:00","description":"M\u00f6t The Codest, ett internationellt tekniskt mjukvaruf\u00f6retag som hj\u00e4lper f\u00f6retag att v\u00e4xa med erfarna utvecklare, skalbara team och stark produktutvecklingsexpertis.","breadcrumb":{"@id":"https:\/\/thecodest.co\/about-us\/#breadcrumb"},"inLanguage":"sv-SE","potentialAction":[{"@type":"ReadAction","target":["https:\/\/thecodest.co\/about-us\/"]}]},{"@type":"BreadcrumbList","@id":"https:\/\/thecodest.co\/about-us\/#breadcrumb","itemListElement":[{"@type":"ListItem","position":1,"name":"Home","item":"https:\/\/thecodest.co\/"},{"@type":"ListItem","position":2,"name":"About us"}]},{"@type":"WebSite","@id":"https:\/\/thecodest.co\/#website","url":"https:\/\/thecodest.co\/","name":"Codest","description":"","publisher":{"@id":"https:\/\/thecodest.co\/#organization"},"potentialAction":[{"@type":"SearchAction","target":{"@type":"EntryPoint","urlTemplate":"https:\/\/thecodest.co\/?s={search_term_string}"},"query-input":{"@type":"PropertyValueSpecification","valueRequired":true,"valueName":"search_term_string"}}],"inLanguage":"sv-SE"},{"@type":"Organization","@id":"https:\/\/thecodest.co\/#organization","name":"Codest","url":"https:\/\/thecodest.co\/","logo":{"@type":"ImageObject","inLanguage":"sv-SE","@id":"https:\/\/thecodest.co\/#\/schema\/logo\/image\/","url":"https:\/\/thecodest.co\/app\/uploads\/2024\/03\/thecodest-logo.svg","contentUrl":"https:\/\/thecodest.co\/app\/uploads\/2024\/03\/thecodest-logo.svg","width":144,"height":36,"caption":"The Codest"},"image":{"@id":"https:\/\/thecodest.co\/#\/schema\/logo\/image\/"},"sameAs":["https:\/\/pl.linkedin.com\/company\/codest","https:\/\/clutch.co\/profile\/codest"]}]}},"_links":{"self":[{"href":"https:\/\/thecodest.co\/sv\/wp-json\/wp\/v2\/pages\/901","targetHints":{"allow":["GET"]}}],"collection":[{"href":"https:\/\/thecodest.co\/sv\/wp-json\/wp\/v2\/pages"}],"about":[{"href":"https:\/\/thecodest.co\/sv\/wp-json\/wp\/v2\/types\/page"}],"author":[{"embeddable":true,"href":"https:\/\/thecodest.co\/sv\/wp-json\/wp\/v2\/users\/1"}],"replies":[{"embeddable":true,"href":"https:\/\/thecodest.co\/sv\/wp-json\/wp\/v2\/comments?post=901"}],"version-history":[{"count":98,"href":"https:\/\/thecodest.co\/sv\/wp-json\/wp\/v2\/pages\/901\/revisions"}],"predecessor-version":[{"id":11095,"href":"https:\/\/thecodest.co\/sv\/wp-json\/wp\/v2\/pages\/901\/revisions\/11095"}],"wp:attachment":[{"href":"https:\/\/thecodest.co\/sv\/wp-json\/wp\/v2\/media?parent=901"}],"curies":[{"name":"wp","href":"https:\/\/api.w.org\/{rel}","templated":true}]}}