{"id":901,"date":"2024-03-22T12:44:41","date_gmt":"2024-03-22T12:44:41","guid":{"rendered":"http:\/\/the-codest.localhost\/?page_id=901"},"modified":"2026-03-30T12:14:55","modified_gmt":"2026-03-30T12:14:55","slug":"sobre-nos","status":"publish","type":"page","link":"https:\/\/thecodest.co\/pt\/about-us\/","title":{"rendered":"Sobre n\u00f3s"},"content":{"rendered":"<section id=\"intro-block_2d47fa9b9c8b85011584429e5c35c6aa\"\n         class=\"section intro intro--movie no-image-bg intro--normal\"\n  >\n      <div class=\"wrapper\">\n      <div class=\"intro__container\">\n        <h1 class=\"intro__title\">A nossa hist\u00f3ria<\/h1>\n        <iframe src=\"https:\/\/www.youtube.com\/embed\/ikMXhIUaCyI\" frameborder=\"0\"\n                class=\"intro__video\"><\/iframe>\n      <\/div>\n    <\/div>\n      <\/section>\n\n\n\n<section id=\"description-block_a3ef9f058ebbb660f8b288679742fe2e\"\n         class=\"section description description--none description--left description--long description--start\">\n  <div class=\"wrapper\">\n    <div class=\"description__container\">\n      <div class=\"description__content\">\n        <h2 class=\"display-lg\">Equipa fundadora<\/h2>\n        <div class=\"description__desc\">\n          <p>Inicialmente, a Codest fazia parte da empresa AdTaily, onde ganhou reconhecimento pelo desenvolvimento e lan\u00e7amento de uma solu\u00e7\u00e3o AdTech inovadora.<\/p>\n<p>Em 2009, o seu sucesso atraiu o investimento do Agora Group, um dos maiores grupos de comunica\u00e7\u00e3o social da Pol\u00f3nia.<\/p>\n<p>Com base nas suas realiza\u00e7\u00f5es, os talentosos programadores da Codest criaram outra solu\u00e7\u00e3o Adtech chamada \"Yieldbird\" - software de otimiza\u00e7\u00e3o e publicidade program\u00e1tica. Este produto teve um sucesso significativo no mercado global e foi distinguido com o prestigiado pr\u00e9mio Top25 da Deloitte.<\/p>\n<p>Em 2020, Greg e Jakub, enquanto gestores da Codest, executaram um MBO do Agora Group e criaram a The Codest - uma empresa internacional de desenvolvimento de software.<\/p>\n<p>Com a sua vasta experi\u00eancia na cria\u00e7\u00e3o de produtos de sucesso, projectos de transforma\u00e7\u00e3o digital e tamb\u00e9m na cria\u00e7\u00e3o e gest\u00e3o de uma equipa de programadores de alto n\u00edvel, os fundadores da The Codest possuem conhecimentos inestim\u00e1veis sobre os desafios inerentes ao desenvolvimento de produtos.<\/p>\n<p><span style=\"font-weight: 400;\">Ao longo dos anos, adquiriram uma profunda experi\u00eancia em v\u00e1rios sectores, incluindo com\u00e9rcio eletr\u00f3nico, fintech\/bancos, log\u00edstica, entre outros, tendo conclu\u00eddo mais de 150 projectos<\/span><span style=\"font-weight: 400;\">.\u00a0<\/span><\/p>\n<p>Este know-how permite-lhes fornecer conselhos valiosos aos seus clientes, ajudando-os a evitar erros cr\u00edticos e a otimizar os seus empreendimentos.<\/p>\n<p>Vamos discutir como a nossa equipa pode melhorar a sua presta\u00e7\u00e3o de servi\u00e7os de TI ou ajud\u00e1-lo a criar produtos digitais com impacto.<\/p>\n        <\/div>\n              <\/div>\n      <div class=\"description__image vertical start\">\n                  <img decoding=\"async\" \n    src=\"https:\/\/thecodest.co\/app\/uploads\/2024\/04\/foto-4_3.png\" \n    width=\"380\" \n    height=\"460\" \n    srcset=\"https:\/\/thecodest.co\/app\/uploads\/2024\/04\/foto-4_3.png 300w, https:\/\/thecodest.co\/app\/uploads\/2024\/04\/foto-4_3-225x300.png 225w, https:\/\/thecodest.co\/app\/uploads\/2024\/04\/foto-4_3-9x12.png 9w, https:\/\/thecodest.co\/app\/uploads\/2024\/04\/foto-4_3-18x24.png 18w\" sizes=\"auto, (max-width: 300px) 100vw, 300px\"\n    loading=\"lazy\"\n    alt=\"The Codest\"\n    >              <\/div>\n    <\/div>\n  <\/div>\n      <lottie-player\n        data-src=\"https:\/\/assets10.lottiefiles.com\/private_files\/lf30_anpknwfr.json\"\n        :speed=\"1\"\n        loop\n autoplay\n class=\"lottie-box\"\n    ><\/lottie-player>\n  <\/section>\n\n\n\n<section id=\"numbers-block_1715e7cdb5fba902965d2078f8657e83\" class=\"section numbers\">\n  <div class=\"wrapper\">\n    <div class=\"numbers__container numbers__left\">\n      <numbers :index=\"1\"><\/numbers>\n    <\/div>\n  <\/div>\n<\/section>\n\n\n\n<section id=\"tiles-block_09f5c4deb81382d14f238e92ca671eb5\"\n         class=\"section tiles tiles--white\">\n  <div class=\"wrapper\">\n    <div class=\"tiles__container\">\n              <h2 class=\"tiles__head display-lg weight-bold\">\n          Desenvolvimento de front-end com The Codest        <\/h2>\n                  <div class=\"tiles__content\">\n                  <div class=\"tiles__item\">\n            <img decoding=\"async\" src=\"https:\/\/thecodest.co\/app\/themes\/the-codest\/images\/icon-check2.svg\">\n            <h3 class=\"head display-sm weight-bold\">Parceria<\/h3>\n            <p class=\"desc text-md\">\n              Sendo uma empresa com ADN baseado em produtos, conhecemos os actuais desafios tecnol\u00f3gicos de muitas empresas. Aqui est\u00e1 a nossa vantagem de mercado e a nossa principal \u00e1rea de defesa para o seu neg\u00f3cio.            <\/p>\n          <\/div>\n                  <div class=\"tiles__item\">\n            <img decoding=\"async\" src=\"https:\/\/thecodest.co\/app\/themes\/the-codest\/images\/icon-check2.svg\">\n            <h3 class=\"head display-sm weight-bold\">Participa\u00e7\u00e3o<\/h3>\n            <p class=\"desc text-md\">\n              Como The Codest, aconselhamos o cliente de forma proactiva, com a nossa cultura de trabalho e m\u00e9todos comprovados, sugerindo as melhores solu\u00e7\u00f5es e tomando a iniciativa.            <\/p>\n          <\/div>\n                  <div class=\"tiles__item\">\n            <img decoding=\"async\" src=\"https:\/\/thecodest.co\/app\/themes\/the-codest\/images\/icon-check2.svg\">\n            <h3 class=\"head display-sm weight-bold\">Melhoria cont\u00ednua<\/h3>\n            <p class=\"desc text-md\">\n              Melhoramos continuamente as nossas compet\u00eancias e partilhamos conhecimentos dentro da nossa equipa e com os clientes, com o objetivo de aumentar a produtividade do trabalho di\u00e1rio dos nossos parceiros atrav\u00e9s de m\u00e9todos de colabora\u00e7\u00e3o aperfei\u00e7oados.            <\/p>\n          <\/div>\n                  <div class=\"tiles__item\">\n            <img decoding=\"async\" src=\"https:\/\/thecodest.co\/app\/themes\/the-codest\/images\/icon-check2.svg\">\n            <h3 class=\"head display-sm weight-bold\">Paix\u00e3o<\/h3>\n            <p class=\"desc text-md\">\n              Manifestamos a nossa paix\u00e3o pela programa\u00e7\u00e3o criando c\u00f3digo da mais alta qualidade. The Codest crew \u00e9 constru\u00eddo por pessoas que simplesmente gostam do seu trabalho.            <\/p>\n          <\/div>\n              <\/div>\n    <\/div>\n  <\/div>\n<\/section>\n\n\n\n<section id=\"circles-block_9abf204a9844d8b429c7f54e74c2c1cb\" class=\"section circles\">\n  <div class=\"wrapper\">\n    <div class=\"circles__container\">\n      <div class=\"circles__head\">\n        <h2 class=\"head display-lg weight-bold\">\u00c1reas de especializa\u00e7\u00e3o<\/h2>\n        <div class=\"desc\"><\/div>\n      <\/div>\n\n      <div class=\"circles__content\">\n        <div class=\"circles__technologies\">\n                                    <div class=\"technologies__item\">\n                <div class=\"technologies__content\">\n                  <img decoding=\"async\" \n    src=\"https:\/\/thecodest.co\/app\/uploads\/2024\/04\/react-expertise.svg\" \n    width=\"54\" \n    height=\"54\" \n    srcset=\"\"\n    loading=\"lazy\"\n    alt=\"The Codest\"\n    >                <\/div>\n                <div id=\"curved-corner-bottomleft\"><\/div>\n                <div id=\"curved-corner-bottomright\"><\/div>\n                <div id=\"curved-corner-topleft\"><\/div>\n                <div id=\"curved-corner-topright\"><\/div>\n              <\/div>\n                                                <div class=\"technologies__item\">\n                <div class=\"technologies__content\">\n                  <img decoding=\"async\" \n    src=\"https:\/\/thecodest.co\/app\/uploads\/2024\/04\/ruby-expertise.svg\" \n    width=\"54\" \n    height=\"54\" \n    srcset=\"\"\n    loading=\"lazy\"\n    alt=\"The Codest\"\n    >                <\/div>\n                <div id=\"curved-corner-bottomleft\"><\/div>\n                <div id=\"curved-corner-bottomright\"><\/div>\n                <div id=\"curved-corner-topleft\"><\/div>\n                <div id=\"curved-corner-topright\"><\/div>\n              <\/div>\n                                                <div class=\"technologies__item\">\n                <div class=\"technologies__content\">\n                  <img decoding=\"async\" \n    src=\"https:\/\/thecodest.co\/app\/uploads\/2024\/04\/typescript-expertise.svg\" \n    width=\"54\" \n    height=\"54\" \n    srcset=\"\"\n    loading=\"lazy\"\n    alt=\"The Codest\"\n    >                <\/div>\n                <div id=\"curved-corner-bottomleft\"><\/div>\n                <div id=\"curved-corner-bottomright\"><\/div>\n                <div id=\"curved-corner-topleft\"><\/div>\n                <div id=\"curved-corner-topright\"><\/div>\n              <\/div>\n                                                <div class=\"technologies__item\">\n                <div class=\"technologies__content\">\n                  <img decoding=\"async\" \n    src=\"https:\/\/thecodest.co\/app\/uploads\/2024\/04\/vue-expertise.svg\" \n    width=\"54\" \n    height=\"54\" \n    srcset=\"\"\n    loading=\"lazy\"\n    alt=\"The Codest\"\n    >                <\/div>\n                <div id=\"curved-corner-bottomleft\"><\/div>\n                <div id=\"curved-corner-bottomright\"><\/div>\n                <div id=\"curved-corner-topleft\"><\/div>\n                <div id=\"curved-corner-topright\"><\/div>\n              <\/div>\n                                                <div class=\"technologies__item\">\n                <div class=\"technologies__content\">\n                  <img decoding=\"async\" \n    src=\"https:\/\/thecodest.co\/app\/uploads\/2024\/04\/python-expertise.svg\" \n    width=\"54\" \n    height=\"54\" \n    srcset=\"\"\n    loading=\"lazy\"\n    alt=\"The Codest\"\n    >                <\/div>\n                <div id=\"curved-corner-bottomleft\"><\/div>\n                <div id=\"curved-corner-bottomright\"><\/div>\n                <div id=\"curved-corner-topleft\"><\/div>\n                <div id=\"curved-corner-topright\"><\/div>\n              <\/div>\n                                                <div class=\"technologies__item\">\n                <div class=\"technologies__content\">\n                  <img decoding=\"async\" \n    src=\"https:\/\/thecodest.co\/app\/uploads\/2024\/04\/php-expertise.svg\" \n    width=\"54\" \n    height=\"54\" \n    srcset=\"\"\n    loading=\"lazy\"\n    alt=\"The Codest\"\n    >                <\/div>\n                <div id=\"curved-corner-bottomleft\"><\/div>\n                <div id=\"curved-corner-bottomright\"><\/div>\n                <div id=\"curved-corner-topleft\"><\/div>\n                <div id=\"curved-corner-topright\"><\/div>\n              <\/div>\n                                                <div class=\"technologies__item\">\n                <div class=\"technologies__content\">\n                  <img decoding=\"async\" \n    src=\"https:\/\/thecodest.co\/app\/uploads\/2024\/04\/java-expertise.svg\" \n    width=\"54\" \n    height=\"54\" \n    srcset=\"\"\n    loading=\"lazy\"\n    alt=\"The Codest\"\n    >                <\/div>\n                <div id=\"curved-corner-bottomleft\"><\/div>\n                <div id=\"curved-corner-bottomright\"><\/div>\n                <div id=\"curved-corner-topleft\"><\/div>\n                <div id=\"curved-corner-topright\"><\/div>\n              <\/div>\n                              <\/div>\n      <\/div>\n    <\/div>\n  <\/div>\n<\/section>\n\n\n\n<section id=\"description-block_63ecbf8f4a7a687afce783d7413ab9f0\"\n         class=\"section description description--light description--right description--short description--start\">\n  <div class=\"wrapper\">\n    <div class=\"description__container\">\n      <div class=\"description__content\">\n        <h2 class=\"display-lg\">A nossa cultura foi criada para profissionais de TI talentosos<\/h2>\n        <div class=\"description__desc\">\n          <p>Na The Codest, o nosso objetivo \u00e9 criar um ambiente aberto e ambicioso para o crescimento de cada colaborador.<\/p>\n        <\/div>\n                              <a href=\"https:\/\/thecodest.co\/pt\/our-team\/\" class=\"description__button\">\n              Conhe\u00e7a a nossa equipa            <\/a>\n                        <\/div>\n      <div class=\"description__image horizontal start\">\n                  <img decoding=\"async\" \n    src=\"https:\/\/thecodest.co\/app\/uploads\/2024\/04\/v8a6125-1--1024x682.jpg\" \n    width=\"520\" \n    height=\"345\" \n    srcset=\"https:\/\/thecodest.co\/app\/uploads\/2024\/04\/v8a6125-1--1024x682.jpg 1024w, https:\/\/thecodest.co\/app\/uploads\/2024\/04\/v8a6125-1--300x200.jpg 300w, https:\/\/thecodest.co\/app\/uploads\/2024\/04\/v8a6125-1--768x512.jpg 768w, https:\/\/thecodest.co\/app\/uploads\/2024\/04\/v8a6125-1--1536x1024.jpg 1536w, https:\/\/thecodest.co\/app\/uploads\/2024\/04\/v8a6125-1--18x12.jpg 18w, https:\/\/thecodest.co\/app\/uploads\/2024\/04\/v8a6125-1--36x24.jpg 36w, https:\/\/thecodest.co\/app\/uploads\/2024\/04\/v8a6125-1-.jpg 2000w\" sizes=\"auto, (max-width: 1024px) 100vw, 1024px\"\n    loading=\"lazy\"\n    alt=\"The Codest\"\n    >              <\/div>\n    <\/div>\n  <\/div>\n  <\/section>\n\n\n\n<section id=\"content-box-block_d5284c49740c79ed50954003c1b78f4d\" class=\"section content-box\">\n  <div class=\"wrapper\">\n    <div class=\"content-box__container\">\n              <div class=\"content-box__head\">\n                      <h2 class=\"head display-lg weight-bold\">\n              The Codest participa em projectos em todo o mundo            <\/h2>\n                                <p>Durante a nossa jornada de mais de 15 anos no sector, conseguimos trabalhar com v\u00e1rios parceiros de todo o mundo. Colabor\u00e1mos com parceiros de mais de 15 pa\u00edses, criando produtos digitais de topo para ajudar os neg\u00f3cios dos nossos clientes a crescer.<\/p>\n                  <\/div>\n      \n              <div class=\"content-box__content\">\n                      <img decoding=\"async\" \n    src=\"https:\/\/thecodest.co\/app\/uploads\/2024\/04\/map-about-us.svg\" \n    width=\"1024\" \n    height=\"504\" \n    srcset=\"\"\n    loading=\"lazy\"\n    alt=\"The Codest\"\n    >                                <a href=\"https:\/\/thecodest.co\/case-studies\/\" class=\"button button--primary button--inverted\">\n              <span class=\"button__content\">Descubra os nossos casos<\/span>\n            <\/a>\n                  <\/div>\n          <\/div>\n  <\/div>\n<\/section>\n\n\n\n<section id=\"banner-block_7185d58f2dd9735849764dfeec48bbc2\" class=\"section banner banner--default\">\n  <lottie-player\n      data-src=\"https:\/\/assets5.lottiefiles.com\/private_files\/lf30_oesx2rbi.json\"\n      background-color=\"transparent\"\n      :speed=\"1\"\n      loop\n autoplay\n class=\"lottie-box lottie-box--one\"\n  ><\/lottie-player>\n  <div class=\"wrapper\">\n    <div class=\"banner__container\">\n      <div class=\"banner__content\">\n                  <h2 class=\"display-xl\">Vamos falar sobre a sua ideia<\/h2>\n                                  <a href=\"https:\/\/thecodest.co\/pt\/contact\/\" class=\"button button--primary\">\n            <span class=\"button__content\">Contactar-nos<\/span>\n          <\/a>\n              <\/div>\n    <\/div>\n  <\/div>\n  <lottie-player\n      data-src=\"https:\/\/assets10.lottiefiles.com\/private_files\/lf30_eymwl02x.json\"\n      :speed=\"1\"\n      loop\n autoplay\n class=\"lottie-box lottie-box--two\"\n  ><\/lottie-player>\n<\/section>","protected":false},"excerpt":{"rendered":"","protected":false},"author":1,"featured_media":0,"parent":0,"menu_order":0,"comment_status":"closed","ping_status":"closed","template":"","meta":{"_acf_changed":false,"inline_featured_image":false,"footnotes":""},"class_list":["post-901","page","type-page","status-publish","hentry"],"acf":[],"yoast_head":"<!-- This site is optimized with the Yoast SEO Premium plugin v27.3 (Yoast SEO v27.3) - https:\/\/yoast.com\/product\/yoast-seo-premium-wordpress\/ -->\n<title>About us - The Codest<\/title>\n<meta name=\"description\" content=\"Meet The Codest, an international tech software company helping businesses grow with experienced developers, scalable teams, and strong product development expertise.\" \/>\n<meta name=\"robots\" content=\"index, follow, max-snippet:-1, max-image-preview:large, max-video-preview:-1\" \/>\n<link rel=\"canonical\" href=\"https:\/\/thecodest.co\/pt\/sobre-nos\/\" \/>\n<meta property=\"og:locale\" content=\"pt_PT\" \/>\n<meta property=\"og:type\" content=\"article\" \/>\n<meta property=\"og:title\" content=\"About us\" \/>\n<meta property=\"og:description\" content=\"Meet The Codest, an international tech software company helping businesses grow with experienced developers, scalable teams, and strong product development expertise.\" \/>\n<meta property=\"og:url\" content=\"https:\/\/thecodest.co\/pt\/sobre-nos\/\" \/>\n<meta property=\"og:site_name\" content=\"The Codest\" \/>\n<meta property=\"article:modified_time\" content=\"2026-03-30T12:14:55+00:00\" \/>\n<meta property=\"og:image\" content=\"https:\/\/thecodest.co\/app\/uploads\/2024\/06\/cover-image.png\" \/>\n\t<meta property=\"og:image:width\" content=\"1200\" \/>\n\t<meta property=\"og:image:height\" content=\"675\" \/>\n\t<meta property=\"og:image:type\" content=\"image\/png\" \/>\n<meta name=\"twitter:card\" content=\"summary_large_image\" \/>\n<script type=\"application\/ld+json\" class=\"yoast-schema-graph\">{\"@context\":\"https:\\\/\\\/schema.org\",\"@graph\":[{\"@type\":\"WebPage\",\"@id\":\"https:\\\/\\\/thecodest.co\\\/about-us\\\/\",\"url\":\"https:\\\/\\\/thecodest.co\\\/about-us\\\/\",\"name\":\"About us - The Codest\",\"isPartOf\":{\"@id\":\"https:\\\/\\\/thecodest.co\\\/#website\"},\"datePublished\":\"2024-03-22T12:44:41+00:00\",\"dateModified\":\"2026-03-30T12:14:55+00:00\",\"description\":\"Meet The Codest, an international tech software company helping businesses grow with experienced developers, scalable teams, and strong product development expertise.\",\"breadcrumb\":{\"@id\":\"https:\\\/\\\/thecodest.co\\\/about-us\\\/#breadcrumb\"},\"inLanguage\":\"pt-PT\",\"potentialAction\":[{\"@type\":\"ReadAction\",\"target\":[\"https:\\\/\\\/thecodest.co\\\/about-us\\\/\"]}]},{\"@type\":\"BreadcrumbList\",\"@id\":\"https:\\\/\\\/thecodest.co\\\/about-us\\\/#breadcrumb\",\"itemListElement\":[{\"@type\":\"ListItem\",\"position\":1,\"name\":\"Home\",\"item\":\"https:\\\/\\\/thecodest.co\\\/\"},{\"@type\":\"ListItem\",\"position\":2,\"name\":\"About us\"}]},{\"@type\":\"WebSite\",\"@id\":\"https:\\\/\\\/thecodest.co\\\/#website\",\"url\":\"https:\\\/\\\/thecodest.co\\\/\",\"name\":\"The Codest\",\"description\":\"\",\"publisher\":{\"@id\":\"https:\\\/\\\/thecodest.co\\\/#organization\"},\"potentialAction\":[{\"@type\":\"SearchAction\",\"target\":{\"@type\":\"EntryPoint\",\"urlTemplate\":\"https:\\\/\\\/thecodest.co\\\/?s={search_term_string}\"},\"query-input\":{\"@type\":\"PropertyValueSpecification\",\"valueRequired\":true,\"valueName\":\"search_term_string\"}}],\"inLanguage\":\"pt-PT\"},{\"@type\":\"Organization\",\"@id\":\"https:\\\/\\\/thecodest.co\\\/#organization\",\"name\":\"The Codest\",\"url\":\"https:\\\/\\\/thecodest.co\\\/\",\"logo\":{\"@type\":\"ImageObject\",\"inLanguage\":\"pt-PT\",\"@id\":\"https:\\\/\\\/thecodest.co\\\/#\\\/schema\\\/logo\\\/image\\\/\",\"url\":\"https:\\\/\\\/thecodest.co\\\/app\\\/uploads\\\/2024\\\/03\\\/thecodest-logo.svg\",\"contentUrl\":\"https:\\\/\\\/thecodest.co\\\/app\\\/uploads\\\/2024\\\/03\\\/thecodest-logo.svg\",\"width\":144,\"height\":36,\"caption\":\"The Codest\"},\"image\":{\"@id\":\"https:\\\/\\\/thecodest.co\\\/#\\\/schema\\\/logo\\\/image\\\/\"},\"sameAs\":[\"https:\\\/\\\/pl.linkedin.com\\\/company\\\/codest\",\"https:\\\/\\\/clutch.co\\\/profile\\\/codest\"]}]}<\/script>\n<!-- \/ Yoast SEO Premium plugin. -->","yoast_head_json":{"title":"Sobre n\u00f3s - The Codest","description":"Conhe\u00e7a a The Codest, uma empresa internacional de software tecnol\u00f3gico que ajuda as empresas a crescer com programadores experientes, equipas escal\u00e1veis e uma forte especializa\u00e7\u00e3o no desenvolvimento de produtos.","robots":{"index":"index","follow":"follow","max-snippet":"max-snippet:-1","max-image-preview":"max-image-preview:large","max-video-preview":"max-video-preview:-1"},"canonical":"https:\/\/thecodest.co\/pt\/sobre-nos\/","og_locale":"pt_PT","og_type":"article","og_title":"About us","og_description":"Meet The Codest, an international tech software company helping businesses grow with experienced developers, scalable teams, and strong product development expertise.","og_url":"https:\/\/thecodest.co\/pt\/sobre-nos\/","og_site_name":"The Codest","article_modified_time":"2026-03-30T12:14:55+00:00","og_image":[{"width":1200,"height":675,"url":"https:\/\/thecodest.co\/app\/uploads\/2024\/06\/cover-image.png","type":"image\/png"}],"twitter_card":"summary_large_image","schema":{"@context":"https:\/\/schema.org","@graph":[{"@type":"WebPage","@id":"https:\/\/thecodest.co\/about-us\/","url":"https:\/\/thecodest.co\/about-us\/","name":"Sobre n\u00f3s - The Codest","isPartOf":{"@id":"https:\/\/thecodest.co\/#website"},"datePublished":"2024-03-22T12:44:41+00:00","dateModified":"2026-03-30T12:14:55+00:00","description":"Conhe\u00e7a a The Codest, uma empresa internacional de software tecnol\u00f3gico que ajuda as empresas a crescer com programadores experientes, equipas escal\u00e1veis e uma forte especializa\u00e7\u00e3o no desenvolvimento de produtos.","breadcrumb":{"@id":"https:\/\/thecodest.co\/about-us\/#breadcrumb"},"inLanguage":"pt-PT","potentialAction":[{"@type":"ReadAction","target":["https:\/\/thecodest.co\/about-us\/"]}]},{"@type":"BreadcrumbList","@id":"https:\/\/thecodest.co\/about-us\/#breadcrumb","itemListElement":[{"@type":"ListItem","position":1,"name":"Home","item":"https:\/\/thecodest.co\/"},{"@type":"ListItem","position":2,"name":"About us"}]},{"@type":"WebSite","@id":"https:\/\/thecodest.co\/#website","url":"https:\/\/thecodest.co\/","name":"The Codest","description":"","publisher":{"@id":"https:\/\/thecodest.co\/#organization"},"potentialAction":[{"@type":"SearchAction","target":{"@type":"EntryPoint","urlTemplate":"https:\/\/thecodest.co\/?s={search_term_string}"},"query-input":{"@type":"PropertyValueSpecification","valueRequired":true,"valueName":"search_term_string"}}],"inLanguage":"pt-PT"},{"@type":"Organization","@id":"https:\/\/thecodest.co\/#organization","name":"The Codest","url":"https:\/\/thecodest.co\/","logo":{"@type":"ImageObject","inLanguage":"pt-PT","@id":"https:\/\/thecodest.co\/#\/schema\/logo\/image\/","url":"https:\/\/thecodest.co\/app\/uploads\/2024\/03\/thecodest-logo.svg","contentUrl":"https:\/\/thecodest.co\/app\/uploads\/2024\/03\/thecodest-logo.svg","width":144,"height":36,"caption":"The Codest"},"image":{"@id":"https:\/\/thecodest.co\/#\/schema\/logo\/image\/"},"sameAs":["https:\/\/pl.linkedin.com\/company\/codest","https:\/\/clutch.co\/profile\/codest"]}]}},"_links":{"self":[{"href":"https:\/\/thecodest.co\/pt\/wp-json\/wp\/v2\/pages\/901","targetHints":{"allow":["GET"]}}],"collection":[{"href":"https:\/\/thecodest.co\/pt\/wp-json\/wp\/v2\/pages"}],"about":[{"href":"https:\/\/thecodest.co\/pt\/wp-json\/wp\/v2\/types\/page"}],"author":[{"embeddable":true,"href":"https:\/\/thecodest.co\/pt\/wp-json\/wp\/v2\/users\/1"}],"replies":[{"embeddable":true,"href":"https:\/\/thecodest.co\/pt\/wp-json\/wp\/v2\/comments?post=901"}],"version-history":[{"count":97,"href":"https:\/\/thecodest.co\/pt\/wp-json\/wp\/v2\/pages\/901\/revisions"}],"predecessor-version":[{"id":9138,"href":"https:\/\/thecodest.co\/pt\/wp-json\/wp\/v2\/pages\/901\/revisions\/9138"}],"wp:attachment":[{"href":"https:\/\/thecodest.co\/pt\/wp-json\/wp\/v2\/media?parent=901"}],"curies":[{"name":"wp","href":"https:\/\/api.w.org\/{rel}","templated":true}]}}