{"id":901,"date":"2024-03-22T12:44:41","date_gmt":"2024-03-22T12:44:41","guid":{"rendered":"http:\/\/the-codest.localhost\/?page_id=901"},"modified":"2026-03-30T12:14:55","modified_gmt":"2026-03-30T12:14:55","slug":"par-mums","status":"publish","type":"page","link":"https:\/\/thecodest.co\/lv\/about-us\/","title":{"rendered":"Par mums"},"content":{"rendered":"<section id=\"intro-block_2d47fa9b9c8b85011584429e5c35c6aa\"\n         class=\"section intro intro--movie no-image-bg intro--normal\"\n  >\n      <div class=\"wrapper\">\n      <div class=\"intro__container\">\n        <h1 class=\"intro__title\">M\u016bsu st\u0101sts<\/h1>\n        <iframe src=\"https:\/\/www.youtube.com\/embed\/ikMXhIUaCyI\" frameborder=\"0\"\n                class=\"intro__video\"><\/iframe>\n      <\/div>\n    <\/div>\n      <\/section>\n\n\n\n<section id=\"description-block_a3ef9f058ebbb660f8b288679742fe2e\"\n         class=\"section description description--none description--left description--long description--start\">\n  <div class=\"wrapper\">\n    <div class=\"description__container\">\n      <div class=\"description__content\">\n        <h2 class=\"display-lg\">Dibin\u0101t\u0101ju komanda<\/h2>\n        <div class=\"description__desc\">\n          <p>S\u0101kotn\u0113ji Codest bija da\u013ca no uz\u0146\u0113muma AdTaily, kur tas guva atzin\u012bbu, izstr\u0101d\u0101jot un ievie\u0161ot revolucion\u0101ru AdTech risin\u0101jumu.<\/p>\n<p>2009. gad\u0101 vi\u0146u pan\u0101kumi piesaist\u012bja invest\u012bcijas no Agora Group - vienas no liel\u0101kaj\u0101m mediju grup\u0101m Polij\u0101.<\/p>\n<p>Balstoties uz saviem sasniegumiem, Codest talant\u012bgie izstr\u0101d\u0101t\u0101ji turpin\u0101ja rad\u012bt v\u0113l vienu Adtech risin\u0101jumu ar nosaukumu \"Yieldbird\" - programmatisk\u0101s rekl\u0101mas un optimiz\u0101cijas programmat\u016bru. \u0160is produkts ir guvis iev\u0113rojamus pan\u0101kumus glob\u0101laj\u0101 tirg\u016b un tika godalgots k\u0101 presti\u017e\u0101s Deloitte Top25 balvas laure\u0101ts.<\/p>\n<p>2020. gad\u0101 Gregs un Jakubs k\u0101 Codest vad\u012bt\u0101ji veica uz\u0146\u0113muma MBO no Agora Group un izveidoja The Codest - starptautisku programmat\u016bras izstr\u0101des uz\u0146\u0113mumu.<\/p>\n<p>The Codest dibin\u0101t\u0101jiem ir pla\u0161a pieredze veiksm\u012bgu produktu rad\u012b\u0161an\u0101, digit\u0101l\u0101s transform\u0101cijas projektos, k\u0101 ar\u012b augstas klases programm\u0113t\u0101ju komandas izveid\u0113 un vad\u012b\u0161an\u0101, t\u0101p\u0113c vi\u0146iem ir nenov\u0113rt\u0113jamas zin\u0101\u0161anas par produktu izstr\u0101d\u0113 sastopamajiem izaicin\u0101jumiem.<\/p>\n<p><span style=\"font-weight: 400;\">Gadu gait\u0101 vi\u0146i ir ieguvu\u0161i padzi\u013cin\u0101tu pieredzi da\u017e\u0101d\u0101s nozar\u0113s, tostarp e-komercijas, finan\u0161u tehnolo\u0123iju\/banku, lo\u0123istikas un cit\u0101s, un ir \u012bstenoju\u0161i vair\u0101k nek\u0101 150 projektu.<\/span><span style=\"font-weight: 400;\">.\u00a0<\/span><\/p>\n<p>\u0160\u012b zin\u0101t\u012bba \u013cauj vi\u0146iem sniegt v\u0113rt\u012bgus padomus saviem klientiem, pal\u012bdzot vi\u0146iem izvair\u012bties no b\u016btisk\u0101m k\u013c\u016bd\u0101m un optimiz\u0113t savus uz\u0146\u0113mumus.<\/p>\n<p>Apspried\u012bsim, k\u0101 m\u016bsu komanda var uzlabot j\u016bsu IT pakalpojumu snieg\u0161anu vai pal\u012bdz\u0113t jums izveidot ietekm\u012bgus digit\u0101los produktus.<\/p>\n        <\/div>\n              <\/div>\n      <div class=\"description__image vertical start\">\n                  <img decoding=\"async\" \n    src=\"https:\/\/thecodest.co\/app\/uploads\/2024\/04\/foto-4_3.png\" \n    width=\"380\" \n    height=\"460\" \n    srcset=\"\" \n    loading=\"lazy\"\n    alt=\"The Codest\"\n    >              <\/div>\n    <\/div>\n  <\/div>\n      <lottie-player\n        src=\"https:\/\/assets10.lottiefiles.com\/private_files\/lf30_anpknwfr.json\"\n        :speed=\"1\"\n        loop\n autoplay\n class=\"lottie-box\"\n    ><\/lottie-player>\n  <\/section>\n\n\n\n<section id=\"numbers-block_1715e7cdb5fba902965d2078f8657e83\" class=\"section numbers\">\n  <div class=\"wrapper\">\n    <div class=\"numbers__container numbers__left\">\n      <numbers :index=\"1\"><\/numbers>\n    <\/div>\n  <\/div>\n<\/section>\n\n\n\n<section id=\"tiles-block_09f5c4deb81382d14f238e92ca671eb5\"\n         class=\"section tiles tiles--white\">\n  <div class=\"wrapper\">\n    <div class=\"tiles__container\">\n              <h2 class=\"tiles__head display-lg weight-bold\">\n          Frontend izstr\u0101de ar The Codest        <\/h2>\n                  <div class=\"tiles__content\">\n                  <div class=\"tiles__item\">\n            <img decoding=\"async\" src=\"https:\/\/thecodest.co\/app\/themes\/the-codest\/images\/icon-check2.svg\">\n            <h3 class=\"head display-sm weight-bold\">Partner\u012bba<\/h3>\n            <p class=\"desc text-md\">\n              K\u0101 uz\u0146\u0113mums, kura DNS pamat\u0101 ir produkti, m\u0113s zin\u0101m, ar k\u0101d\u0101m tehnolo\u0123isk\u0101m probl\u0113m\u0101m \u0161odien saskaras daudzi uz\u0146\u0113mumi. \u0160eit ir m\u016bsu tirgus priek\u0161roc\u012bbas un galven\u0101 joma, kur\u0101 m\u0113s atbalst\u0101m j\u016bsu uz\u0146\u0113mumu.            <\/p>\n          <\/div>\n                  <div class=\"tiles__item\">\n            <img decoding=\"async\" src=\"https:\/\/thecodest.co\/app\/themes\/the-codest\/images\/icon-check2.svg\">\n            <h3 class=\"head display-sm weight-bold\">Iesaist\u012b\u0161an\u0101s<\/h3>\n            <p class=\"desc text-md\">\n              K\u0101 The Codest m\u0113s proakt\u012bvi konsult\u0113jam klientus, izmantojot savu darba kult\u016bru un p\u0101rbaud\u012btas metodes, pied\u0101v\u0101jot lab\u0101kos risin\u0101jumus un uz\u0146emoties iniciat\u012bvu.            <\/p>\n          <\/div>\n                  <div class=\"tiles__item\">\n            <img decoding=\"async\" src=\"https:\/\/thecodest.co\/app\/themes\/the-codest\/images\/icon-check2.svg\">\n            <h3 class=\"head display-sm weight-bold\">Nep\u0101rtraukta uzlabo\u0161ana<\/h3>\n            <p class=\"desc text-md\">\n              M\u0113s nep\u0101rtraukti pilnveidojam savas prasmes un dal\u0101mies pieredz\u0113 gan sav\u0101 komand\u0101, gan ar klientiem, cen\u0161oties palielin\u0101t m\u016bsu partneru ikdienas darba produktivit\u0101ti, izmantojot pilnveidotas sadarb\u012bbas metodes.            <\/p>\n          <\/div>\n                  <div class=\"tiles__item\">\n            <img decoding=\"async\" src=\"https:\/\/thecodest.co\/app\/themes\/the-codest\/images\/icon-check2.svg\">\n            <h3 class=\"head display-sm weight-bold\">Kaisl\u012bba<\/h3>\n            <p class=\"desc text-md\">\n              Savu aizrau\u0161anos ar programm\u0113\u0161anu m\u0113s izpau\u017eam, radot augst\u0101k\u0101s kvalit\u0101tes kodu. The Codest komandu veido cilv\u0113ki, kuriem vienk\u0101r\u0161i pat\u012bk vi\u0146u darbs.            <\/p>\n          <\/div>\n              <\/div>\n    <\/div>\n  <\/div>\n<\/section>\n\n\n\n<section id=\"circles-block_9abf204a9844d8b429c7f54e74c2c1cb\" class=\"section circles\">\n  <div class=\"wrapper\">\n    <div class=\"circles__container\">\n      <div class=\"circles__head\">\n        <h2 class=\"head display-lg weight-bold\">Kompetences jomas<\/h2>\n        <div class=\"desc\"><\/div>\n      <\/div>\n\n      <div class=\"circles__content\">\n        <div class=\"circles__technologies\">\n                                    <div class=\"technologies__item\">\n                <div class=\"technologies__content\">\n                  <img decoding=\"async\" \n    src=\"https:\/\/thecodest.co\/app\/uploads\/2024\/04\/react-expertise.svg\" \n    width=\"54\" \n    height=\"54\" \n    srcset=\"\" \n    loading=\"lazy\"\n    alt=\"The Codest\"\n    >                <\/div>\n                <div id=\"curved-corner-bottomleft\"><\/div>\n                <div id=\"curved-corner-bottomright\"><\/div>\n                <div id=\"curved-corner-topleft\"><\/div>\n                <div id=\"curved-corner-topright\"><\/div>\n              <\/div>\n                                                <div class=\"technologies__item\">\n                <div class=\"technologies__content\">\n                  <img decoding=\"async\" \n    src=\"https:\/\/thecodest.co\/app\/uploads\/2024\/04\/ruby-expertise.svg\" \n    width=\"54\" \n    height=\"54\" \n    srcset=\"\" \n    loading=\"lazy\"\n    alt=\"The Codest\"\n    >                <\/div>\n                <div id=\"curved-corner-bottomleft\"><\/div>\n                <div id=\"curved-corner-bottomright\"><\/div>\n                <div id=\"curved-corner-topleft\"><\/div>\n                <div id=\"curved-corner-topright\"><\/div>\n              <\/div>\n                                                <div class=\"technologies__item\">\n                <div class=\"technologies__content\">\n                  <img decoding=\"async\" \n    src=\"https:\/\/thecodest.co\/app\/uploads\/2024\/04\/typescript-expertise.svg\" \n    width=\"54\" \n    height=\"54\" \n    srcset=\"\" \n    loading=\"lazy\"\n    alt=\"The Codest\"\n    >                <\/div>\n                <div id=\"curved-corner-bottomleft\"><\/div>\n                <div id=\"curved-corner-bottomright\"><\/div>\n                <div id=\"curved-corner-topleft\"><\/div>\n                <div id=\"curved-corner-topright\"><\/div>\n              <\/div>\n                                                <div class=\"technologies__item\">\n                <div class=\"technologies__content\">\n                  <img decoding=\"async\" \n    src=\"https:\/\/thecodest.co\/app\/uploads\/2024\/04\/vue-expertise.svg\" \n    width=\"54\" \n    height=\"54\" \n    srcset=\"\" \n    loading=\"lazy\"\n    alt=\"The Codest\"\n    >                <\/div>\n                <div id=\"curved-corner-bottomleft\"><\/div>\n                <div id=\"curved-corner-bottomright\"><\/div>\n                <div id=\"curved-corner-topleft\"><\/div>\n                <div id=\"curved-corner-topright\"><\/div>\n              <\/div>\n                                                <div class=\"technologies__item\">\n                <div class=\"technologies__content\">\n                  <img decoding=\"async\" \n    src=\"https:\/\/thecodest.co\/app\/uploads\/2024\/04\/python-expertise.svg\" \n    width=\"54\" \n    height=\"54\" \n    srcset=\"\" \n    loading=\"lazy\"\n    alt=\"The Codest\"\n    >                <\/div>\n                <div id=\"curved-corner-bottomleft\"><\/div>\n                <div id=\"curved-corner-bottomright\"><\/div>\n                <div id=\"curved-corner-topleft\"><\/div>\n                <div id=\"curved-corner-topright\"><\/div>\n              <\/div>\n                                                <div class=\"technologies__item\">\n                <div class=\"technologies__content\">\n                  <img decoding=\"async\" \n    src=\"https:\/\/thecodest.co\/app\/uploads\/2024\/04\/php-expertise.svg\" \n    width=\"54\" \n    height=\"54\" \n    srcset=\"\" \n    loading=\"lazy\"\n    alt=\"The Codest\"\n    >                <\/div>\n                <div id=\"curved-corner-bottomleft\"><\/div>\n                <div id=\"curved-corner-bottomright\"><\/div>\n                <div id=\"curved-corner-topleft\"><\/div>\n                <div id=\"curved-corner-topright\"><\/div>\n              <\/div>\n                                                <div class=\"technologies__item\">\n                <div class=\"technologies__content\">\n                  <img decoding=\"async\" \n    src=\"https:\/\/thecodest.co\/app\/uploads\/2024\/04\/java-expertise.svg\" \n    width=\"54\" \n    height=\"54\" \n    srcset=\"\" \n    loading=\"lazy\"\n    alt=\"The Codest\"\n    >                <\/div>\n                <div id=\"curved-corner-bottomleft\"><\/div>\n                <div id=\"curved-corner-bottomright\"><\/div>\n                <div id=\"curved-corner-topleft\"><\/div>\n                <div id=\"curved-corner-topright\"><\/div>\n              <\/div>\n                              <\/div>\n      <\/div>\n    <\/div>\n  <\/div>\n<\/section>\n\n\n\n<section id=\"description-block_63ecbf8f4a7a687afce783d7413ab9f0\"\n         class=\"section description description--light description--right description--short description--start\">\n  <div class=\"wrapper\">\n    <div class=\"description__container\">\n      <div class=\"description__content\">\n        <h2 class=\"display-lg\">M\u016bsu kult\u016bra ir veidota talant\u012bgiem IT profesion\u0101\u013ciem<\/h2>\n        <div class=\"description__desc\">\n          <p>The Codest m\u0113r\u0137is ir rad\u012bt atv\u0113rtu un ambiciozu vidi katra darbinieka izaugsmei.<\/p>\n        <\/div>\n                              <a href=\"https:\/\/thecodest.co\/lv\/our-team\/\" class=\"description__button\">\n              Iepaz\u012bstieties ar m\u016bsu komandu            <\/a>\n                        <\/div>\n      <div class=\"description__image horizontal start\">\n                  <img decoding=\"async\" \n    src=\"https:\/\/thecodest.co\/app\/uploads\/2024\/04\/v8a6125-1-.jpg\" \n    width=\"520\" \n    height=\"345\" \n    srcset=\"\" \n    loading=\"lazy\"\n    alt=\"The Codest\"\n    >              <\/div>\n    <\/div>\n  <\/div>\n  <\/section>\n\n\n\n<section id=\"content-box-block_d5284c49740c79ed50954003c1b78f4d\" class=\"section content-box\">\n  <div class=\"wrapper\">\n    <div class=\"content-box__container\">\n              <div class=\"content-box__head\">\n                      <h2 class=\"head display-lg weight-bold\">\n              The Codest piedal\u0101s projektos vis\u0101 pasaul\u0113            <\/h2>\n                                <p>Vair\u0101k nek\u0101 15 gadu ilgaj\u0101 darba m\u016b\u017e\u0101 \u0161aj\u0101 nozar\u0113 mums ir izdevies sadarboties ar vair\u0101kiem partneriem no visas pasaules. Esam sadarboju\u0161ies ar partneriem no vair\u0101k nek\u0101 15+ valst\u012bm, radot augst\u0101k\u0101s klases digit\u0101los produktus, kas pal\u012bdz m\u016bsu klientu uz\u0146\u0113mumiem att\u012bst\u012bties.<\/p>\n                  <\/div>\n      \n              <div class=\"content-box__content\">\n                      <img decoding=\"async\" \n    src=\"https:\/\/thecodest.co\/app\/uploads\/2024\/04\/map-about-us.svg\" \n    width=\"1024\" \n    height=\"504\" \n    srcset=\"\" \n    loading=\"lazy\"\n    alt=\"The Codest\"\n    >                                <a href=\"https:\/\/thecodest.co\/case-studies\/\" class=\"button button--primary button--inverted\">\n              <span class=\"button__content\">Iepaz\u012bstiet m\u016bsu gad\u012bjumus<\/span>\n            <\/a>\n                  <\/div>\n          <\/div>\n  <\/div>\n<\/section>\n\n\n\n<section id=\"banner-block_7185d58f2dd9735849764dfeec48bbc2\" class=\"section banner banner--default\">\n  <lottie-player\n      src=\"https:\/\/assets5.lottiefiles.com\/private_files\/lf30_oesx2rbi.json\"\n      background-color=\"transparent\"\n      :speed=\"1\"\n      loop\n autoplay\n class=\"lottie-box lottie-box--one\"\n  ><\/lottie-player>\n  <div class=\"wrapper\">\n    <div class=\"banner__container\">\n      <div class=\"banner__content\">\n                  <h2 class=\"display-xl\">Apspried\u012bsim j\u016bsu ideju<\/h2>\n                                  <a href=\"https:\/\/thecodest.co\/lv\/contact\/\" class=\"button button--primary\">\n            <span class=\"button__content\">Sazinieties ar mums<\/span>\n          <\/a>\n              <\/div>\n    <\/div>\n  <\/div>\n  <lottie-player\n      src=\"https:\/\/assets10.lottiefiles.com\/private_files\/lf30_eymwl02x.json\"\n      :speed=\"1\"\n      loop\n autoplay\n class=\"lottie-box lottie-box--two\"\n  ><\/lottie-player>\n<\/section>","protected":false},"excerpt":{"rendered":"","protected":false},"author":1,"featured_media":0,"parent":0,"menu_order":0,"comment_status":"closed","ping_status":"closed","template":"","meta":{"_acf_changed":false,"inline_featured_image":false,"footnotes":""},"class_list":["post-901","page","type-page","status-publish","hentry"],"acf":[],"yoast_head":"<!-- This site is optimized with the Yoast SEO plugin v27.3 - https:\/\/yoast.com\/product\/yoast-seo-wordpress\/ -->\n<title>About us - The Codest<\/title>\n<meta name=\"description\" content=\"Meet The Codest, an international tech software company helping businesses grow with experienced developers, scalable teams, and strong product development expertise.\" \/>\n<meta name=\"robots\" content=\"index, follow, max-snippet:-1, max-image-preview:large, max-video-preview:-1\" \/>\n<link rel=\"canonical\" href=\"https:\/\/thecodest.co\/lv\/par-mums\/\" \/>\n<meta property=\"og:locale\" content=\"lv_LV\" \/>\n<meta property=\"og:type\" content=\"article\" \/>\n<meta property=\"og:title\" content=\"About us - The Codest\" \/>\n<meta property=\"og:description\" content=\"Meet The Codest, an international tech software company helping businesses grow with experienced developers, scalable teams, and strong product development expertise.\" \/>\n<meta property=\"og:url\" content=\"https:\/\/thecodest.co\/lv\/par-mums\/\" \/>\n<meta property=\"og:site_name\" content=\"The Codest\" \/>\n<meta property=\"article:modified_time\" content=\"2026-03-30T12:14:55+00:00\" \/>\n<meta property=\"og:image\" content=\"https:\/\/thecodest.co\/app\/uploads\/2024\/06\/cover-image.png\" \/>\n\t<meta property=\"og:image:width\" content=\"1200\" \/>\n\t<meta property=\"og:image:height\" content=\"675\" \/>\n\t<meta property=\"og:image:type\" content=\"image\/png\" \/>\n<meta name=\"twitter:card\" content=\"summary_large_image\" \/>\n<script type=\"application\/ld+json\" class=\"yoast-schema-graph\">{\"@context\":\"https:\\\/\\\/schema.org\",\"@graph\":[{\"@type\":\"WebPage\",\"@id\":\"https:\\\/\\\/thecodest.co\\\/about-us\\\/\",\"url\":\"https:\\\/\\\/thecodest.co\\\/about-us\\\/\",\"name\":\"About us - The Codest\",\"isPartOf\":{\"@id\":\"https:\\\/\\\/thecodest.co\\\/#website\"},\"datePublished\":\"2024-03-22T12:44:41+00:00\",\"dateModified\":\"2026-03-30T12:14:55+00:00\",\"description\":\"Meet The Codest, an international tech software company helping businesses grow with experienced developers, scalable teams, and strong product development expertise.\",\"breadcrumb\":{\"@id\":\"https:\\\/\\\/thecodest.co\\\/about-us\\\/#breadcrumb\"},\"inLanguage\":\"lv\",\"potentialAction\":[{\"@type\":\"ReadAction\",\"target\":[\"https:\\\/\\\/thecodest.co\\\/about-us\\\/\"]}]},{\"@type\":\"BreadcrumbList\",\"@id\":\"https:\\\/\\\/thecodest.co\\\/about-us\\\/#breadcrumb\",\"itemListElement\":[{\"@type\":\"ListItem\",\"position\":1,\"name\":\"Home\",\"item\":\"https:\\\/\\\/thecodest.co\\\/\"},{\"@type\":\"ListItem\",\"position\":2,\"name\":\"About us\"}]},{\"@type\":\"WebSite\",\"@id\":\"https:\\\/\\\/thecodest.co\\\/#website\",\"url\":\"https:\\\/\\\/thecodest.co\\\/\",\"name\":\"The Codest\",\"description\":\"\",\"potentialAction\":[{\"@type\":\"SearchAction\",\"target\":{\"@type\":\"EntryPoint\",\"urlTemplate\":\"https:\\\/\\\/thecodest.co\\\/?s={search_term_string}\"},\"query-input\":{\"@type\":\"PropertyValueSpecification\",\"valueRequired\":true,\"valueName\":\"search_term_string\"}}],\"inLanguage\":\"lv\"}]}<\/script>\n<!-- \/ Yoast SEO plugin. -->","yoast_head_json":{"title":"Par mums - The Codest","description":"Iepaz\u012bstieties ar The Codest - starptautisku tehnolo\u0123iju programmat\u016bras uz\u0146\u0113mumu, kas pal\u012bdz uz\u0146\u0113mumiem augt ar pieredz\u0113ju\u0161iem izstr\u0101d\u0101t\u0101jiem, m\u0113rogojam\u0101m komand\u0101m un sp\u0113c\u012bgu produktu izstr\u0101des pieredzi.","robots":{"index":"index","follow":"follow","max-snippet":"max-snippet:-1","max-image-preview":"max-image-preview:large","max-video-preview":"max-video-preview:-1"},"canonical":"https:\/\/thecodest.co\/lv\/par-mums\/","og_locale":"lv_LV","og_type":"article","og_title":"About us - The Codest","og_description":"Meet The Codest, an international tech software company helping businesses grow with experienced developers, scalable teams, and strong product development expertise.","og_url":"https:\/\/thecodest.co\/lv\/par-mums\/","og_site_name":"The Codest","article_modified_time":"2026-03-30T12:14:55+00:00","og_image":[{"width":1200,"height":675,"url":"https:\/\/thecodest.co\/app\/uploads\/2024\/06\/cover-image.png","type":"image\/png"}],"twitter_card":"summary_large_image","schema":{"@context":"https:\/\/schema.org","@graph":[{"@type":"WebPage","@id":"https:\/\/thecodest.co\/about-us\/","url":"https:\/\/thecodest.co\/about-us\/","name":"Par mums - The Codest","isPartOf":{"@id":"https:\/\/thecodest.co\/#website"},"datePublished":"2024-03-22T12:44:41+00:00","dateModified":"2026-03-30T12:14:55+00:00","description":"Iepaz\u012bstieties ar The Codest - starptautisku tehnolo\u0123iju programmat\u016bras uz\u0146\u0113mumu, kas pal\u012bdz uz\u0146\u0113mumiem augt ar pieredz\u0113ju\u0161iem izstr\u0101d\u0101t\u0101jiem, m\u0113rogojam\u0101m komand\u0101m un sp\u0113c\u012bgu produktu izstr\u0101des pieredzi.","breadcrumb":{"@id":"https:\/\/thecodest.co\/about-us\/#breadcrumb"},"inLanguage":"lv","potentialAction":[{"@type":"ReadAction","target":["https:\/\/thecodest.co\/about-us\/"]}]},{"@type":"BreadcrumbList","@id":"https:\/\/thecodest.co\/about-us\/#breadcrumb","itemListElement":[{"@type":"ListItem","position":1,"name":"Home","item":"https:\/\/thecodest.co\/"},{"@type":"ListItem","position":2,"name":"About us"}]},{"@type":"WebSite","@id":"https:\/\/thecodest.co\/#website","url":"https:\/\/thecodest.co\/","name":"The Codest","description":"","potentialAction":[{"@type":"SearchAction","target":{"@type":"EntryPoint","urlTemplate":"https:\/\/thecodest.co\/?s={search_term_string}"},"query-input":{"@type":"PropertyValueSpecification","valueRequired":true,"valueName":"search_term_string"}}],"inLanguage":"lv"}]}},"_links":{"self":[{"href":"https:\/\/thecodest.co\/lv\/wp-json\/wp\/v2\/pages\/901","targetHints":{"allow":["GET"]}}],"collection":[{"href":"https:\/\/thecodest.co\/lv\/wp-json\/wp\/v2\/pages"}],"about":[{"href":"https:\/\/thecodest.co\/lv\/wp-json\/wp\/v2\/types\/page"}],"author":[{"embeddable":true,"href":"https:\/\/thecodest.co\/lv\/wp-json\/wp\/v2\/users\/1"}],"replies":[{"embeddable":true,"href":"https:\/\/thecodest.co\/lv\/wp-json\/wp\/v2\/comments?post=901"}],"version-history":[{"count":97,"href":"https:\/\/thecodest.co\/lv\/wp-json\/wp\/v2\/pages\/901\/revisions"}],"predecessor-version":[{"id":9138,"href":"https:\/\/thecodest.co\/lv\/wp-json\/wp\/v2\/pages\/901\/revisions\/9138"}],"wp:attachment":[{"href":"https:\/\/thecodest.co\/lv\/wp-json\/wp\/v2\/media?parent=901"}],"curies":[{"name":"wp","href":"https:\/\/api.w.org\/{rel}","templated":true}]}}