{"id":1023,"date":"2024-04-08T21:10:29","date_gmt":"2024-04-08T21:10:29","guid":{"rendered":"http:\/\/the-codest.localhost\/?page_id=1023"},"modified":"2024-07-01T11:36:04","modified_gmt":"2024-07-01T11:36:04","slug":"karjeras","status":"publish","type":"page","link":"https:\/\/thecodest.co\/lv\/careers\/","title":{"rendered":"Karjera"},"content":{"rendered":"<section id=\"list-content-block_283724395a01b0a9eb5092537295d2f4\"\n         class=\"section list-content list-content--extended\">\n  <div class=\"wrapper\">\n    <div class=\"list-content__container\">\n      <h2 class=\"list-content__title\">Uzziniet, k\u0101das priek\u0161roc\u012bbas varam pied\u0101v\u0101t<\/h2>\n      <div class=\"list-content__list\">\n                  <div class=\"list-content__item\">\n            <img decoding=\"async\" src=\"https:\/\/thecodest.co\/app\/themes\/the-codest\/images\/icon-check2.svg\" class=\"list-content__image\">\n            <h3\n                class=\"head text-md weight-bold\">Ieteikumu sist\u0113ma<\/h3>            <p>Iesaki draugam un sa\u0146em naudas pr\u0113miju (10 000 PLN)<\/p>\n          <\/div>\n                  <div class=\"list-content__item\">\n            <img decoding=\"async\" src=\"https:\/\/thecodest.co\/app\/themes\/the-codest\/images\/icon-check2.svg\" class=\"list-content__image\">\n            <h3\n                class=\"head text-md weight-bold\">Str\u0101d\u0101jiet t\u0101, k\u0101 jums pat\u012bk<\/h3>            <p>Vien\u0101 no m\u016bsu tehnolo\u0123iju centriem Krakov\u0101, Var\u0161av\u0101, Vroclav\u0101, Gda\u0146sk\u0101 vai 100% att\u0101lin\u0101ti.<\/p>\n          <\/div>\n                  <div class=\"list-content__item\">\n            <img decoding=\"async\" src=\"https:\/\/thecodest.co\/app\/themes\/the-codest\/images\/icon-check2.svg\" class=\"list-content__image\">\n            <h3\n                class=\"head text-md weight-bold\">Person\u012bg\u0101s izaugsmes programma<\/h3>            <p>M\u0113s veidojam att\u012bst\u012bbas ce\u013cus, lai pal\u012bdz\u0113tu jums augt<\/p>\n          <\/div>\n                  <div class=\"list-content__item\">\n            <img decoding=\"async\" src=\"https:\/\/thecodest.co\/app\/themes\/the-codest\/images\/icon-check2.svg\" class=\"list-content__image\">\n            <h3\n                class=\"head text-md weight-bold\">Tehnolo\u0123iju tik\u0161an\u0101s<\/h3>            <p>M\u0113s dal\u0101mies zin\u0101\u0161an\u0101s komand\u0101s.<\/p>\n          <\/div>\n                  <div class=\"list-content__item\">\n            <img decoding=\"async\" src=\"https:\/\/thecodest.co\/app\/themes\/the-codest\/images\/icon-check2.svg\" class=\"list-content__image\">\n            <h3\n                class=\"head text-md weight-bold\">Virtu\u0101l\u0101s kafijas piektdienas<\/h3>            <p>Sarunas lab\u0101 atmosf\u0113r\u0101 pie lieliskas kafijas tases.<\/p>\n          <\/div>\n                  <div class=\"list-content__item\">\n            <img decoding=\"async\" src=\"https:\/\/thecodest.co\/app\/themes\/the-codest\/images\/icon-check2.svg\" class=\"list-content__image\">\n            <h3\n                class=\"head text-md weight-bold\">Komandu integr\u0101cija<\/h3>            <p>Jautri pavad\u0101t laiku p\u0113c darba? K\u0101p\u0113c ne!<\/p>\n          <\/div>\n                  <div class=\"list-content__item\">\n            <img decoding=\"async\" src=\"https:\/\/thecodest.co\/app\/themes\/the-codest\/images\/icon-check2.svg\" class=\"list-content__image\">\n            <h3\n                class=\"head text-md weight-bold\">Starptautiskie projekti<\/h3>            <p>Uz ko j\u016bs varat atst\u0101t b\u016btisku ietekmi.<\/p>\n          <\/div>\n                  <div class=\"list-content__item\">\n            <img decoding=\"async\" src=\"https:\/\/thecodest.co\/app\/themes\/the-codest\/images\/icon-check2.svg\" class=\"list-content__image\">\n            <h3\n                class=\"head text-md weight-bold\">Att\u012bst\u012bbas iesp\u0113jas<\/h3>            <p>Skaidrs iel\u0101ps, kas pal\u012bdz\u0113s jums k\u013c\u016bt par tehnolo\u0123iju l\u012bderi.<\/p>\n          <\/div>\n              <\/div>\n    <\/div>\n  <\/div>\n<\/section>\n\n\n\n<section id=\"line-block_7b745579049272b01f7b0d6ee0e3e223\" class=\"section line\">\n  <div class=\"wrapper\">\n    <div class=\"line__container\">\n      <div class=\"line__head\">\n        <h2 class=\"head display-lg weight-bold\">\n          K\u0101 tas darbojas?        <\/h2>\n        <p>M\u0113s uzskat\u0101m, ka vienk\u0101r\u0161\u012bba ir atsl\u0113ga efekt\u012bvu rezult\u0101tu sasnieg\u0161anai. T\u0101p\u0113c m\u016bsu person\u0101la atlases procesa pamat\u0101 ir 4 vienk\u0101r\u0161i so\u013ci.\r\n\r\n<\/p>\n      <\/div>\n\n      <div class=\"line__content\">\n        <div class=\"line__line\">\n                          <div class=\"line__item\">\n                <p class=\"index display-md weight-bold\">01<\/p>\n                <div class=\"point\"><\/div>\n                <p class=\"desc display-xs weight-bold\">Nos\u016btiet savu pieteikumu<\/p>\n              <\/div>\n                          <div class=\"line__item\">\n                <p class=\"index display-md weight-bold\">02<\/p>\n                <div class=\"point\"><\/div>\n                <p class=\"desc display-xs weight-bold\">Cilv\u0113kresursu p\u0101rbaude<\/p>\n              <\/div>\n                          <div class=\"line__item\">\n                <p class=\"index display-md weight-bold\">03<\/p>\n                <div class=\"point\"><\/div>\n                <p class=\"desc display-xs weight-bold\">Tehniskais zvans (1-1,5 stundas)<\/p>\n              <\/div>\n                          <div class=\"line__item\">\n                <p class=\"index display-md weight-bold\">04<\/p>\n                <div class=\"point\"><\/div>\n                <p class=\"desc display-xs weight-bold\">Darba pied\u0101v\u0101jums<\/p>\n              <\/div>\n                      <\/div>\n        <\/div>\n      <\/div>\n    <\/div>\n  <\/div>\n<\/section>","protected":false},"excerpt":{"rendered":"","protected":false},"author":1,"featured_media":0,"parent":0,"menu_order":0,"comment_status":"closed","ping_status":"closed","template":"page-careers.php","meta":{"_acf_changed":false,"inline_featured_image":false,"footnotes":""},"class_list":["post-1023","page","type-page","status-publish","hentry"],"acf":[],"yoast_head":"<!-- This site is optimized with the Yoast SEO plugin v27.3 - https:\/\/yoast.com\/product\/yoast-seo-wordpress\/ -->\n<title>Careers - The Codest<\/title>\n<meta name=\"robots\" content=\"index, follow, max-snippet:-1, max-image-preview:large, max-video-preview:-1\" \/>\n<link rel=\"canonical\" href=\"https:\/\/thecodest.co\/lv\/karjeras\/\" \/>\n<meta property=\"og:locale\" content=\"lv_LV\" \/>\n<meta property=\"og:type\" content=\"article\" \/>\n<meta property=\"og:title\" content=\"Careers - The Codest\" \/>\n<meta property=\"og:url\" content=\"https:\/\/thecodest.co\/lv\/karjeras\/\" \/>\n<meta property=\"og:site_name\" content=\"The Codest\" \/>\n<meta property=\"article:modified_time\" content=\"2024-07-01T11:36:04+00:00\" \/>\n<meta property=\"og:image\" content=\"https:\/\/thecodest.co\/app\/uploads\/2024\/06\/cover-image.png\" \/>\n\t<meta property=\"og:image:width\" content=\"1200\" \/>\n\t<meta property=\"og:image:height\" content=\"675\" \/>\n\t<meta property=\"og:image:type\" content=\"image\/png\" \/>\n<meta name=\"twitter:card\" content=\"summary_large_image\" \/>\n<script type=\"application\/ld+json\" class=\"yoast-schema-graph\">{\"@context\":\"https:\\\/\\\/schema.org\",\"@graph\":[{\"@type\":\"WebPage\",\"@id\":\"https:\\\/\\\/thecodest.co\\\/careers\\\/\",\"url\":\"https:\\\/\\\/thecodest.co\\\/careers\\\/\",\"name\":\"Careers - The Codest\",\"isPartOf\":{\"@id\":\"https:\\\/\\\/thecodest.co\\\/#website\"},\"datePublished\":\"2024-04-08T21:10:29+00:00\",\"dateModified\":\"2024-07-01T11:36:04+00:00\",\"breadcrumb\":{\"@id\":\"https:\\\/\\\/thecodest.co\\\/careers\\\/#breadcrumb\"},\"inLanguage\":\"lv\",\"potentialAction\":[{\"@type\":\"ReadAction\",\"target\":[\"https:\\\/\\\/thecodest.co\\\/careers\\\/\"]}]},{\"@type\":\"BreadcrumbList\",\"@id\":\"https:\\\/\\\/thecodest.co\\\/careers\\\/#breadcrumb\",\"itemListElement\":[{\"@type\":\"ListItem\",\"position\":1,\"name\":\"Home\",\"item\":\"https:\\\/\\\/thecodest.co\\\/\"},{\"@type\":\"ListItem\",\"position\":2,\"name\":\"Careers\"}]},{\"@type\":\"WebSite\",\"@id\":\"https:\\\/\\\/thecodest.co\\\/#website\",\"url\":\"https:\\\/\\\/thecodest.co\\\/\",\"name\":\"The Codest\",\"description\":\"\",\"potentialAction\":[{\"@type\":\"SearchAction\",\"target\":{\"@type\":\"EntryPoint\",\"urlTemplate\":\"https:\\\/\\\/thecodest.co\\\/?s={search_term_string}\"},\"query-input\":{\"@type\":\"PropertyValueSpecification\",\"valueRequired\":true,\"valueName\":\"search_term_string\"}}],\"inLanguage\":\"lv\"}]}<\/script>\n<!-- \/ Yoast SEO plugin. -->","yoast_head_json":{"title":"Karjera - The Codest","robots":{"index":"index","follow":"follow","max-snippet":"max-snippet:-1","max-image-preview":"max-image-preview:large","max-video-preview":"max-video-preview:-1"},"canonical":"https:\/\/thecodest.co\/lv\/karjeras\/","og_locale":"lv_LV","og_type":"article","og_title":"Careers - The Codest","og_url":"https:\/\/thecodest.co\/lv\/karjeras\/","og_site_name":"The Codest","article_modified_time":"2024-07-01T11:36:04+00:00","og_image":[{"width":1200,"height":675,"url":"https:\/\/thecodest.co\/app\/uploads\/2024\/06\/cover-image.png","type":"image\/png"}],"twitter_card":"summary_large_image","schema":{"@context":"https:\/\/schema.org","@graph":[{"@type":"WebPage","@id":"https:\/\/thecodest.co\/careers\/","url":"https:\/\/thecodest.co\/careers\/","name":"Karjera - The Codest","isPartOf":{"@id":"https:\/\/thecodest.co\/#website"},"datePublished":"2024-04-08T21:10:29+00:00","dateModified":"2024-07-01T11:36:04+00:00","breadcrumb":{"@id":"https:\/\/thecodest.co\/careers\/#breadcrumb"},"inLanguage":"lv","potentialAction":[{"@type":"ReadAction","target":["https:\/\/thecodest.co\/careers\/"]}]},{"@type":"BreadcrumbList","@id":"https:\/\/thecodest.co\/careers\/#breadcrumb","itemListElement":[{"@type":"ListItem","position":1,"name":"Home","item":"https:\/\/thecodest.co\/"},{"@type":"ListItem","position":2,"name":"Careers"}]},{"@type":"WebSite","@id":"https:\/\/thecodest.co\/#website","url":"https:\/\/thecodest.co\/","name":"The Codest","description":"","potentialAction":[{"@type":"SearchAction","target":{"@type":"EntryPoint","urlTemplate":"https:\/\/thecodest.co\/?s={search_term_string}"},"query-input":{"@type":"PropertyValueSpecification","valueRequired":true,"valueName":"search_term_string"}}],"inLanguage":"lv"}]}},"_links":{"self":[{"href":"https:\/\/thecodest.co\/lv\/wp-json\/wp\/v2\/pages\/1023","targetHints":{"allow":["GET"]}}],"collection":[{"href":"https:\/\/thecodest.co\/lv\/wp-json\/wp\/v2\/pages"}],"about":[{"href":"https:\/\/thecodest.co\/lv\/wp-json\/wp\/v2\/types\/page"}],"author":[{"embeddable":true,"href":"https:\/\/thecodest.co\/lv\/wp-json\/wp\/v2\/users\/1"}],"replies":[{"embeddable":true,"href":"https:\/\/thecodest.co\/lv\/wp-json\/wp\/v2\/comments?post=1023"}],"version-history":[{"count":19,"href":"https:\/\/thecodest.co\/lv\/wp-json\/wp\/v2\/pages\/1023\/revisions"}],"predecessor-version":[{"id":8285,"href":"https:\/\/thecodest.co\/lv\/wp-json\/wp\/v2\/pages\/1023\/revisions\/8285"}],"wp:attachment":[{"href":"https:\/\/thecodest.co\/lv\/wp-json\/wp\/v2\/media?parent=1023"}],"curies":[{"name":"wp","href":"https:\/\/api.w.org\/{rel}","templated":true}]}}