{"id":901,"date":"2024-03-22T12:44:41","date_gmt":"2024-03-22T12:44:41","guid":{"rendered":"http:\/\/the-codest.localhost\/?page_id=901"},"modified":"2026-03-30T12:14:55","modified_gmt":"2026-03-30T12:14:55","slug":"apie-mus","status":"publish","type":"page","link":"https:\/\/thecodest.co\/lt\/about-us\/","title":{"rendered":"Apie mus"},"content":{"rendered":"<section id=\"intro-block_2d47fa9b9c8b85011584429e5c35c6aa\"\n         class=\"section intro intro--movie no-image-bg intro--normal\"\n  >\n      <div class=\"wrapper\">\n      <div class=\"intro__container\">\n        <h1 class=\"intro__title\">M\u016bs\u0173 istorija<\/h1>\n        <iframe src=\"https:\/\/www.youtube.com\/embed\/ikMXhIUaCyI\" frameborder=\"0\"\n                class=\"intro__video\"><\/iframe>\n      <\/div>\n    <\/div>\n      <\/section>\n\n\n\n<section id=\"description-block_a3ef9f058ebbb660f8b288679742fe2e\"\n         class=\"section description description--none description--left description--long description--start\">\n  <div class=\"wrapper\">\n    <div class=\"description__container\">\n      <div class=\"description__content\">\n        <h2 class=\"display-lg\">Steig\u0117j\u0173 komanda<\/h2>\n        <div class=\"description__desc\">\n          <p>I\u0161 prad\u017ei\u0173 \"Codest\" priklaus\u0117 bendrovei \"AdTaily\", kurioje buvo pripa\u017einta d\u0117l novatori\u0161ko AdTech sprendimo suk\u016brimo ir paleidimo.<\/p>\n<p>2009 m. \u012f j\u0173 s\u0117km\u0119 investavo viena did\u017eiausi\u0173 Lenkijos \u017einiasklaidos grupi\u0173 \"Agora Group\".<\/p>\n<p>Remdamiesi savo pasiekimais, talentingi \"Codest\" k\u016br\u0117jai suk\u016br\u0117 kit\u0105 \"Adtech\" sprendim\u0105 \"Yieldbird\" - programin\u0119 reklamos ir optimizavimo programin\u0119 \u012frang\u0105. \u0160is produktas sulauk\u0117 didel\u0117s s\u0117km\u0117s pasaulin\u0117je rinkoje ir buvo pagerbtas kaip presti\u017einio \"Deloitte Top25\" apdovanojimo laureatas.<\/p>\n<p>2020 m. Gregas ir Jakubas, kaip \"Codest\" vadovai, \u012fvykd\u0117 \"Agora Group\" MBO ir suk\u016br\u0117 tarptautin\u0119 programin\u0117s \u012frangos k\u016brimo bendrov\u0119 The Codest.<\/p>\n<p>Tur\u0117dami didel\u0119 patirt\u012f kuriant s\u0117kmingus produktus, vykdant skaitmenin\u0117s transformacijos projektus, taip pat kuriant ir valdant auk\u0161\u010diausios klas\u0117s programuotoj\u0173 komand\u0105, The Codest \u012fk\u016br\u0117jai turi ne\u012fkainojam\u0173 \u012f\u017evalg\u0173 apie i\u0161\u0161\u016bkius, susijusius su produkt\u0173 k\u016brimu.<\/p>\n<p><span style=\"font-weight: 400;\">Per daugel\u012f met\u0173 jie \u012fgijo gilios patirties \u012fvairiose pramon\u0117s \u0161akose, \u012fskaitant e. prekyb\u0105, fintech \/ bankininkyst\u0119, logistik\u0105 ir kt., ir \u012fgyvendino daugiau nei 150 projekt\u0173.<\/span><span style=\"font-weight: 400;\">.\u00a0<\/span><\/p>\n<p>\u0160i praktin\u0117 patirtis leid\u017eia jiems teikti vertingus patarimus savo klientams, pad\u0117ti jiems i\u0161vengti esmini\u0173 klaid\u0173 ir optimizuoti savo \u012fmones.<\/p>\n<p>Aptarkime, kaip m\u016bs\u0173 komanda gali pagerinti j\u016bs\u0173 IT paslaug\u0173 teikim\u0105 arba pad\u0117ti sukurti paveikius skaitmeninius produktus.<\/p>\n        <\/div>\n              <\/div>\n      <div class=\"description__image vertical start\">\n                  <img decoding=\"async\" \n    src=\"https:\/\/thecodest.co\/app\/uploads\/2024\/04\/foto-4_3.png\" \n    width=\"380\" \n    height=\"460\" \n    srcset=\"\" \n    loading=\"lazy\"\n    alt=\"The Codest\"\n    >              <\/div>\n    <\/div>\n  <\/div>\n      <lottie-player\n        src=\"https:\/\/assets10.lottiefiles.com\/private_files\/lf30_anpknwfr.json\"\n        :speed=\"1\"\n        loop\n autoplay\n class=\"lottie-box\"\n    ><\/lottie-player>\n  <\/section>\n\n\n\n<section id=\"numbers-block_1715e7cdb5fba902965d2078f8657e83\" class=\"section numbers\">\n  <div class=\"wrapper\">\n    <div class=\"numbers__container numbers__left\">\n      <numbers :index=\"1\"><\/numbers>\n    <\/div>\n  <\/div>\n<\/section>\n\n\n\n<section id=\"tiles-block_09f5c4deb81382d14f238e92ca671eb5\"\n         class=\"section tiles tiles--white\">\n  <div class=\"wrapper\">\n    <div class=\"tiles__container\">\n              <h2 class=\"tiles__head display-lg weight-bold\">\n          Priekin\u0117s dalies k\u016brimas naudojant The Codest        <\/h2>\n                  <div class=\"tiles__content\">\n                  <div class=\"tiles__item\">\n            <img decoding=\"async\" src=\"https:\/\/thecodest.co\/app\/themes\/the-codest\/images\/icon-check2.svg\">\n            <h3 class=\"head display-sm weight-bold\">Partneryst\u0117<\/h3>\n            <p class=\"desc text-md\">\n              Esame \u012fmon\u0117, kurios DNR paremta produktais, tod\u0117l \u017einome, su kokiais technologiniais i\u0161\u0161\u016bkiais \u0161iandien susiduria daugelis \u012fmoni\u0173. \u010cia pateikiame savo rinkos prana\u0161um\u0105 ir pagrindin\u0119 j\u016bs\u0173 verslo r\u0117mimo srit\u012f.            <\/p>\n          <\/div>\n                  <div class=\"tiles__item\">\n            <img decoding=\"async\" src=\"https:\/\/thecodest.co\/app\/themes\/the-codest\/images\/icon-check2.svg\">\n            <h3 class=\"head display-sm weight-bold\">Dalyvavimas<\/h3>\n            <p class=\"desc text-md\">\n              B\u016bdami The Codest, aktyviai konsultuojame klientus naudodamiesi savo darbo kult\u016bra ir patikrintais metodais, si\u016blydami geriausius sprendimus ir imdamiesi iniciatyvos.            <\/p>\n          <\/div>\n                  <div class=\"tiles__item\">\n            <img decoding=\"async\" src=\"https:\/\/thecodest.co\/app\/themes\/the-codest\/images\/icon-check2.svg\">\n            <h3 class=\"head display-sm weight-bold\">Nuolatinis tobulinimas<\/h3>\n            <p class=\"desc text-md\">\n              Nuolat tobuliname savo \u012fg\u016bd\u017eius ir dalijam\u0117s patirtimi su savo komanda bei klientais, siekdami padidinti savo partneri\u0173 kasdienio darbo na\u0161um\u0105, pasitelkdami patobulintus bendradarbiavimo metodus.            <\/p>\n          <\/div>\n                  <div class=\"tiles__item\">\n            <img decoding=\"async\" src=\"https:\/\/thecodest.co\/app\/themes\/the-codest\/images\/icon-check2.svg\">\n            <h3 class=\"head display-sm weight-bold\">Aistra<\/h3>\n            <p class=\"desc text-md\">\n              Savo aistr\u0105 programavimui i\u0161rei\u0161kiame kurdami auk\u0161\u010diausios kokyb\u0117s kod\u0105. The Codest komand\u0105 kuria \u017emon\u0117s, kuriems tiesiog patinka j\u0173 darbas.            <\/p>\n          <\/div>\n              <\/div>\n    <\/div>\n  <\/div>\n<\/section>\n\n\n\n<section id=\"circles-block_9abf204a9844d8b429c7f54e74c2c1cb\" class=\"section circles\">\n  <div class=\"wrapper\">\n    <div class=\"circles__container\">\n      <div class=\"circles__head\">\n        <h2 class=\"head display-lg weight-bold\">Kompetencijos sritys<\/h2>\n        <div class=\"desc\"><\/div>\n      <\/div>\n\n      <div class=\"circles__content\">\n        <div class=\"circles__technologies\">\n                                    <div class=\"technologies__item\">\n                <div class=\"technologies__content\">\n                  <img decoding=\"async\" \n    src=\"https:\/\/thecodest.co\/app\/uploads\/2024\/04\/react-expertise.svg\" \n    width=\"54\" \n    height=\"54\" \n    srcset=\"\" \n    loading=\"lazy\"\n    alt=\"The Codest\"\n    >                <\/div>\n                <div id=\"curved-corner-bottomleft\"><\/div>\n                <div id=\"curved-corner-bottomright\"><\/div>\n                <div id=\"curved-corner-topleft\"><\/div>\n                <div id=\"curved-corner-topright\"><\/div>\n              <\/div>\n                                                <div class=\"technologies__item\">\n                <div class=\"technologies__content\">\n                  <img decoding=\"async\" \n    src=\"https:\/\/thecodest.co\/app\/uploads\/2024\/04\/ruby-expertise.svg\" \n    width=\"54\" \n    height=\"54\" \n    srcset=\"\" \n    loading=\"lazy\"\n    alt=\"The Codest\"\n    >                <\/div>\n                <div id=\"curved-corner-bottomleft\"><\/div>\n                <div id=\"curved-corner-bottomright\"><\/div>\n                <div id=\"curved-corner-topleft\"><\/div>\n                <div id=\"curved-corner-topright\"><\/div>\n              <\/div>\n                                                <div class=\"technologies__item\">\n                <div class=\"technologies__content\">\n                  <img decoding=\"async\" \n    src=\"https:\/\/thecodest.co\/app\/uploads\/2024\/04\/typescript-expertise.svg\" \n    width=\"54\" \n    height=\"54\" \n    srcset=\"\" \n    loading=\"lazy\"\n    alt=\"The Codest\"\n    >                <\/div>\n                <div id=\"curved-corner-bottomleft\"><\/div>\n                <div id=\"curved-corner-bottomright\"><\/div>\n                <div id=\"curved-corner-topleft\"><\/div>\n                <div id=\"curved-corner-topright\"><\/div>\n              <\/div>\n                                                <div class=\"technologies__item\">\n                <div class=\"technologies__content\">\n                  <img decoding=\"async\" \n    src=\"https:\/\/thecodest.co\/app\/uploads\/2024\/04\/vue-expertise.svg\" \n    width=\"54\" \n    height=\"54\" \n    srcset=\"\" \n    loading=\"lazy\"\n    alt=\"The Codest\"\n    >                <\/div>\n                <div id=\"curved-corner-bottomleft\"><\/div>\n                <div id=\"curved-corner-bottomright\"><\/div>\n                <div id=\"curved-corner-topleft\"><\/div>\n                <div id=\"curved-corner-topright\"><\/div>\n              <\/div>\n                                                <div class=\"technologies__item\">\n                <div class=\"technologies__content\">\n                  <img decoding=\"async\" \n    src=\"https:\/\/thecodest.co\/app\/uploads\/2024\/04\/python-expertise.svg\" \n    width=\"54\" \n    height=\"54\" \n    srcset=\"\" \n    loading=\"lazy\"\n    alt=\"The Codest\"\n    >                <\/div>\n                <div id=\"curved-corner-bottomleft\"><\/div>\n                <div id=\"curved-corner-bottomright\"><\/div>\n                <div id=\"curved-corner-topleft\"><\/div>\n                <div id=\"curved-corner-topright\"><\/div>\n              <\/div>\n                                                <div class=\"technologies__item\">\n                <div class=\"technologies__content\">\n                  <img decoding=\"async\" \n    src=\"https:\/\/thecodest.co\/app\/uploads\/2024\/04\/php-expertise.svg\" \n    width=\"54\" \n    height=\"54\" \n    srcset=\"\" \n    loading=\"lazy\"\n    alt=\"The Codest\"\n    >                <\/div>\n                <div id=\"curved-corner-bottomleft\"><\/div>\n                <div id=\"curved-corner-bottomright\"><\/div>\n                <div id=\"curved-corner-topleft\"><\/div>\n                <div id=\"curved-corner-topright\"><\/div>\n              <\/div>\n                                                <div class=\"technologies__item\">\n                <div class=\"technologies__content\">\n                  <img decoding=\"async\" \n    src=\"https:\/\/thecodest.co\/app\/uploads\/2024\/04\/java-expertise.svg\" \n    width=\"54\" \n    height=\"54\" \n    srcset=\"\" \n    loading=\"lazy\"\n    alt=\"The Codest\"\n    >                <\/div>\n                <div id=\"curved-corner-bottomleft\"><\/div>\n                <div id=\"curved-corner-bottomright\"><\/div>\n                <div id=\"curved-corner-topleft\"><\/div>\n                <div id=\"curved-corner-topright\"><\/div>\n              <\/div>\n                              <\/div>\n      <\/div>\n    <\/div>\n  <\/div>\n<\/section>\n\n\n\n<section id=\"description-block_63ecbf8f4a7a687afce783d7413ab9f0\"\n         class=\"section description description--light description--right description--short description--start\">\n  <div class=\"wrapper\">\n    <div class=\"description__container\">\n      <div class=\"description__content\">\n        <h2 class=\"display-lg\">M\u016bs\u0173 kult\u016bra sukurta talentingiems IT specialistams<\/h2>\n        <div class=\"description__desc\">\n          <p>\"The Codest\" siekiame sukurti atvir\u0105 ir ambicing\u0105 aplink\u0105 kiekvieno darbuotojo augimui.<\/p>\n        <\/div>\n                              <a href=\"https:\/\/thecodest.co\/lt\/our-team\/\" class=\"description__button\">\n              Susipa\u017einkite su m\u016bs\u0173 komanda            <\/a>\n                        <\/div>\n      <div class=\"description__image horizontal start\">\n                  <img decoding=\"async\" \n    src=\"https:\/\/thecodest.co\/app\/uploads\/2024\/04\/v8a6125-1-.jpg\" \n    width=\"520\" \n    height=\"345\" \n    srcset=\"\" \n    loading=\"lazy\"\n    alt=\"The Codest\"\n    >              <\/div>\n    <\/div>\n  <\/div>\n  <\/section>\n\n\n\n<section id=\"content-box-block_d5284c49740c79ed50954003c1b78f4d\" class=\"section content-box\">\n  <div class=\"wrapper\">\n    <div class=\"content-box__container\">\n              <div class=\"content-box__head\">\n                      <h2 class=\"head display-lg weight-bold\">\n              The Codest dalyvauja projektuose visame pasaulyje            <\/h2>\n                                <p>Per daugiau nei 15 met\u0173 trukusi\u0105 kelion\u0119 \u0161ioje srityje mums teko dirbti su keliais partneriais i\u0161 viso pasaulio. Bendradarbiavome su partneriais i\u0161 daugiau nei 15+ \u0161ali\u0173, kurdami auk\u0161\u010diausio lygio skaitmeninius produktus, padedan\u010dius augti m\u016bs\u0173 klient\u0173 verslui.<\/p>\n                  <\/div>\n      \n              <div class=\"content-box__content\">\n                      <img decoding=\"async\" \n    src=\"https:\/\/thecodest.co\/app\/uploads\/2024\/04\/map-about-us.svg\" \n    width=\"1024\" \n    height=\"504\" \n    srcset=\"\" \n    loading=\"lazy\"\n    alt=\"The Codest\"\n    >                                <a href=\"https:\/\/thecodest.co\/case-studies\/\" class=\"button button--primary button--inverted\">\n              <span class=\"button__content\">Atraskite m\u016bs\u0173 atvejus<\/span>\n            <\/a>\n                  <\/div>\n          <\/div>\n  <\/div>\n<\/section>\n\n\n\n<section id=\"banner-block_7185d58f2dd9735849764dfeec48bbc2\" class=\"section banner banner--default\">\n  <lottie-player\n      src=\"https:\/\/assets5.lottiefiles.com\/private_files\/lf30_oesx2rbi.json\"\n      background-color=\"transparent\"\n      :speed=\"1\"\n      loop\n autoplay\n class=\"lottie-box lottie-box--one\"\n  ><\/lottie-player>\n  <div class=\"wrapper\">\n    <div class=\"banner__container\">\n      <div class=\"banner__content\">\n                  <h2 class=\"display-xl\">Pakalb\u0117kime apie j\u016bs\u0173 id\u0117j\u0105<\/h2>\n                                  <a href=\"https:\/\/thecodest.co\/lt\/contact\/\" class=\"button button--primary\">\n            <span class=\"button__content\">Susisiekite su mumis<\/span>\n          <\/a>\n              <\/div>\n    <\/div>\n  <\/div>\n  <lottie-player\n      src=\"https:\/\/assets10.lottiefiles.com\/private_files\/lf30_eymwl02x.json\"\n      :speed=\"1\"\n      loop\n autoplay\n class=\"lottie-box lottie-box--two\"\n  ><\/lottie-player>\n<\/section>","protected":false},"excerpt":{"rendered":"","protected":false},"author":1,"featured_media":0,"parent":0,"menu_order":0,"comment_status":"closed","ping_status":"closed","template":"","meta":{"_acf_changed":false,"inline_featured_image":false,"footnotes":""},"class_list":["post-901","page","type-page","status-publish","hentry"],"acf":[],"yoast_head":"<!-- This site is optimized with the Yoast SEO plugin v27.3 - https:\/\/yoast.com\/product\/yoast-seo-wordpress\/ -->\n<title>About us - The Codest<\/title>\n<meta name=\"description\" content=\"Meet The Codest, an international tech software company helping businesses grow with experienced developers, scalable teams, and strong product development expertise.\" \/>\n<meta name=\"robots\" content=\"index, follow, max-snippet:-1, max-image-preview:large, max-video-preview:-1\" \/>\n<link rel=\"canonical\" href=\"https:\/\/thecodest.co\/lt\/apie-mus\/\" \/>\n<meta property=\"og:locale\" content=\"lt_LT\" \/>\n<meta property=\"og:type\" content=\"article\" \/>\n<meta property=\"og:title\" content=\"About us - The Codest\" \/>\n<meta property=\"og:description\" content=\"Meet The Codest, an international tech software company helping businesses grow with experienced developers, scalable teams, and strong product development expertise.\" \/>\n<meta property=\"og:url\" content=\"https:\/\/thecodest.co\/lt\/apie-mus\/\" \/>\n<meta property=\"og:site_name\" content=\"The Codest\" \/>\n<meta property=\"article:modified_time\" content=\"2026-03-30T12:14:55+00:00\" \/>\n<meta property=\"og:image\" content=\"https:\/\/thecodest.co\/app\/uploads\/2024\/06\/cover-image.png\" \/>\n\t<meta property=\"og:image:width\" content=\"1200\" \/>\n\t<meta property=\"og:image:height\" content=\"675\" \/>\n\t<meta property=\"og:image:type\" content=\"image\/png\" \/>\n<meta name=\"twitter:card\" content=\"summary_large_image\" \/>\n<script type=\"application\/ld+json\" class=\"yoast-schema-graph\">{\"@context\":\"https:\\\/\\\/schema.org\",\"@graph\":[{\"@type\":\"WebPage\",\"@id\":\"https:\\\/\\\/thecodest.co\\\/about-us\\\/\",\"url\":\"https:\\\/\\\/thecodest.co\\\/about-us\\\/\",\"name\":\"About us - The Codest\",\"isPartOf\":{\"@id\":\"https:\\\/\\\/thecodest.co\\\/#website\"},\"datePublished\":\"2024-03-22T12:44:41+00:00\",\"dateModified\":\"2026-03-30T12:14:55+00:00\",\"description\":\"Meet The Codest, an international tech software company helping businesses grow with experienced developers, scalable teams, and strong product development expertise.\",\"breadcrumb\":{\"@id\":\"https:\\\/\\\/thecodest.co\\\/about-us\\\/#breadcrumb\"},\"inLanguage\":\"lt-LT\",\"potentialAction\":[{\"@type\":\"ReadAction\",\"target\":[\"https:\\\/\\\/thecodest.co\\\/about-us\\\/\"]}]},{\"@type\":\"BreadcrumbList\",\"@id\":\"https:\\\/\\\/thecodest.co\\\/about-us\\\/#breadcrumb\",\"itemListElement\":[{\"@type\":\"ListItem\",\"position\":1,\"name\":\"Home\",\"item\":\"https:\\\/\\\/thecodest.co\\\/\"},{\"@type\":\"ListItem\",\"position\":2,\"name\":\"About us\"}]},{\"@type\":\"WebSite\",\"@id\":\"https:\\\/\\\/thecodest.co\\\/#website\",\"url\":\"https:\\\/\\\/thecodest.co\\\/\",\"name\":\"The Codest\",\"description\":\"\",\"potentialAction\":[{\"@type\":\"SearchAction\",\"target\":{\"@type\":\"EntryPoint\",\"urlTemplate\":\"https:\\\/\\\/thecodest.co\\\/?s={search_term_string}\"},\"query-input\":{\"@type\":\"PropertyValueSpecification\",\"valueRequired\":true,\"valueName\":\"search_term_string\"}}],\"inLanguage\":\"lt-LT\"}]}<\/script>\n<!-- \/ Yoast SEO plugin. -->","yoast_head_json":{"title":"Apie mus - The Codest","description":"Susipa\u017einkite su \"The Codest\" - tarptautine technologij\u0173 programin\u0117s \u012frangos bendrove, kuri padeda \u012fmon\u0117ms augti, pasitelkdama patyrusius programuotojus, kei\u010diamo dyd\u017eio komandas ir stipri\u0105 produkt\u0173 k\u016brimo patirt\u012f.","robots":{"index":"index","follow":"follow","max-snippet":"max-snippet:-1","max-image-preview":"max-image-preview:large","max-video-preview":"max-video-preview:-1"},"canonical":"https:\/\/thecodest.co\/lt\/apie-mus\/","og_locale":"lt_LT","og_type":"article","og_title":"About us - The Codest","og_description":"Meet The Codest, an international tech software company helping businesses grow with experienced developers, scalable teams, and strong product development expertise.","og_url":"https:\/\/thecodest.co\/lt\/apie-mus\/","og_site_name":"The Codest","article_modified_time":"2026-03-30T12:14:55+00:00","og_image":[{"width":1200,"height":675,"url":"https:\/\/thecodest.co\/app\/uploads\/2024\/06\/cover-image.png","type":"image\/png"}],"twitter_card":"summary_large_image","schema":{"@context":"https:\/\/schema.org","@graph":[{"@type":"WebPage","@id":"https:\/\/thecodest.co\/about-us\/","url":"https:\/\/thecodest.co\/about-us\/","name":"Apie mus - The Codest","isPartOf":{"@id":"https:\/\/thecodest.co\/#website"},"datePublished":"2024-03-22T12:44:41+00:00","dateModified":"2026-03-30T12:14:55+00:00","description":"Susipa\u017einkite su \"The Codest\" - tarptautine technologij\u0173 programin\u0117s \u012frangos bendrove, kuri padeda \u012fmon\u0117ms augti, pasitelkdama patyrusius programuotojus, kei\u010diamo dyd\u017eio komandas ir stipri\u0105 produkt\u0173 k\u016brimo patirt\u012f.","breadcrumb":{"@id":"https:\/\/thecodest.co\/about-us\/#breadcrumb"},"inLanguage":"lt-LT","potentialAction":[{"@type":"ReadAction","target":["https:\/\/thecodest.co\/about-us\/"]}]},{"@type":"BreadcrumbList","@id":"https:\/\/thecodest.co\/about-us\/#breadcrumb","itemListElement":[{"@type":"ListItem","position":1,"name":"Home","item":"https:\/\/thecodest.co\/"},{"@type":"ListItem","position":2,"name":"About us"}]},{"@type":"WebSite","@id":"https:\/\/thecodest.co\/#website","url":"https:\/\/thecodest.co\/","name":"The Codest","description":"","potentialAction":[{"@type":"SearchAction","target":{"@type":"EntryPoint","urlTemplate":"https:\/\/thecodest.co\/?s={search_term_string}"},"query-input":{"@type":"PropertyValueSpecification","valueRequired":true,"valueName":"search_term_string"}}],"inLanguage":"lt-LT"}]}},"_links":{"self":[{"href":"https:\/\/thecodest.co\/lt\/wp-json\/wp\/v2\/pages\/901","targetHints":{"allow":["GET"]}}],"collection":[{"href":"https:\/\/thecodest.co\/lt\/wp-json\/wp\/v2\/pages"}],"about":[{"href":"https:\/\/thecodest.co\/lt\/wp-json\/wp\/v2\/types\/page"}],"author":[{"embeddable":true,"href":"https:\/\/thecodest.co\/lt\/wp-json\/wp\/v2\/users\/1"}],"replies":[{"embeddable":true,"href":"https:\/\/thecodest.co\/lt\/wp-json\/wp\/v2\/comments?post=901"}],"version-history":[{"count":97,"href":"https:\/\/thecodest.co\/lt\/wp-json\/wp\/v2\/pages\/901\/revisions"}],"predecessor-version":[{"id":9138,"href":"https:\/\/thecodest.co\/lt\/wp-json\/wp\/v2\/pages\/901\/revisions\/9138"}],"wp:attachment":[{"href":"https:\/\/thecodest.co\/lt\/wp-json\/wp\/v2\/media?parent=901"}],"curies":[{"name":"wp","href":"https:\/\/api.w.org\/{rel}","templated":true}]}}