{"id":1023,"date":"2024-04-08T21:10:29","date_gmt":"2024-04-08T21:10:29","guid":{"rendered":"http:\/\/the-codest.localhost\/?page_id=1023"},"modified":"2024-07-01T11:36:04","modified_gmt":"2024-07-01T11:36:04","slug":"karjeros","status":"publish","type":"page","link":"https:\/\/thecodest.co\/lt\/careers\/","title":{"rendered":"Karjera"},"content":{"rendered":"<section id=\"list-content-block_283724395a01b0a9eb5092537295d2f4\"\n         class=\"section list-content list-content--extended\">\n  <div class=\"wrapper\">\n    <div class=\"list-content__container\">\n      <h2 class=\"list-content__title\">Su\u017einokite, kokias privilegijas galime pasi\u016blyti<\/h2>\n      <div class=\"list-content__list\">\n                  <div class=\"list-content__item\">\n            <img decoding=\"async\" src=\"https:\/\/thecodest.co\/app\/themes\/the-codest\/images\/icon-check2.svg\" class=\"list-content__image\">\n            <h3\n                class=\"head text-md weight-bold\">Rekomendacij\u0173 sistema<\/h3>            <p>Rekomenduokite draug\u0105 ir gaukite pinigin\u0119 premij\u0105 (10 000 PLN)<\/p>\n          <\/div>\n                  <div class=\"list-content__item\">\n            <img decoding=\"async\" src=\"https:\/\/thecodest.co\/app\/themes\/the-codest\/images\/icon-check2.svg\" class=\"list-content__image\">\n            <h3\n                class=\"head text-md weight-bold\">Dirbkite taip, kaip jums patinka<\/h3>            <p>Viename i\u0161 m\u016bs\u0173 technologij\u0173 centr\u0173 Krokuvoje, Var\u0161uvoje, Vroclave, Gdanske arba 100% nuotoliniu b\u016bdu<\/p>\n          <\/div>\n                  <div class=\"list-content__item\">\n            <img decoding=\"async\" src=\"https:\/\/thecodest.co\/app\/themes\/the-codest\/images\/icon-check2.svg\" class=\"list-content__image\">\n            <h3\n                class=\"head text-md weight-bold\">Asmeninio augimo programa<\/h3>            <p>Sukuriame tobul\u0117jimo kelius, kurie pad\u0117s jums augti<\/p>\n          <\/div>\n                  <div class=\"list-content__item\">\n            <img decoding=\"async\" src=\"https:\/\/thecodest.co\/app\/themes\/the-codest\/images\/icon-check2.svg\" class=\"list-content__image\">\n            <h3\n                class=\"head text-md weight-bold\">Technikos susitikimai<\/h3>            <p>Komandose dalijam\u0117s \u017einiomis.<\/p>\n          <\/div>\n                  <div class=\"list-content__item\">\n            <img decoding=\"async\" src=\"https:\/\/thecodest.co\/app\/themes\/the-codest\/images\/icon-check2.svg\" class=\"list-content__image\">\n            <h3\n                class=\"head text-md weight-bold\">Virtual\u016bs kavos penktadieniai<\/h3>            <p>Pokalbiai geroje aplinkoje prie nuostabios kavos puodelio.<\/p>\n          <\/div>\n                  <div class=\"list-content__item\">\n            <img decoding=\"async\" src=\"https:\/\/thecodest.co\/app\/themes\/the-codest\/images\/icon-check2.svg\" class=\"list-content__image\">\n            <h3\n                class=\"head text-md weight-bold\">Komand\u0173 integracija<\/h3>            <p>Pramogaujate po darbo? Kod\u0117l gi ne!<\/p>\n          <\/div>\n                  <div class=\"list-content__item\">\n            <img decoding=\"async\" src=\"https:\/\/thecodest.co\/app\/themes\/the-codest\/images\/icon-check2.svg\" class=\"list-content__image\">\n            <h3\n                class=\"head text-md weight-bold\">Tarptautiniai projektai<\/h3>            <p>kuriems galite daryti reik\u0161ming\u0105 poveik\u012f.<\/p>\n          <\/div>\n                  <div class=\"list-content__item\">\n            <img decoding=\"async\" src=\"https:\/\/thecodest.co\/app\/themes\/the-codest\/images\/icon-check2.svg\" class=\"list-content__image\">\n            <h3\n                class=\"head text-md weight-bold\">Pl\u0117tros galimyb\u0117s<\/h3>            <p>Ai\u0161kios pataisos, pad\u0117sian\u010dios jums tapti technologij\u0173 lyderiu.<\/p>\n          <\/div>\n              <\/div>\n    <\/div>\n  <\/div>\n<\/section>\n\n\n\n<section id=\"line-block_7b745579049272b01f7b0d6ee0e3e223\" class=\"section line\">\n  <div class=\"wrapper\">\n    <div class=\"line__container\">\n      <div class=\"line__head\">\n        <h2 class=\"head display-lg weight-bold\">\n          Kaip tai veikia?        <\/h2>\n        <p>Tikime, kad paprastumas yra raktas \u012f veiksmingus rezultatus. Tod\u0117l m\u016bs\u0173 \u012fdarbinimo proces\u0105 sudaro 4 paprasti \u017eingsniai.\r\n\r\n<\/p>\n      <\/div>\n\n      <div class=\"line__content\">\n        <div class=\"line__line\">\n                          <div class=\"line__item\">\n                <p class=\"index display-md weight-bold\">01<\/p>\n                <div class=\"point\"><\/div>\n                <p class=\"desc display-xs weight-bold\">Si\u0173skite parai\u0161k\u0105<\/p>\n              <\/div>\n                          <div class=\"line__item\">\n                <p class=\"index display-md weight-bold\">02<\/p>\n                <div class=\"point\"><\/div>\n                <p class=\"desc display-xs weight-bold\">\u017dmogi\u0161k\u0173j\u0173 i\u0161tekli\u0173 atranka<\/p>\n              <\/div>\n                          <div class=\"line__item\">\n                <p class=\"index display-md weight-bold\">03<\/p>\n                <div class=\"point\"><\/div>\n                <p class=\"desc display-xs weight-bold\">Techninis skambutis (1-1,5 val.)<\/p>\n              <\/div>\n                          <div class=\"line__item\">\n                <p class=\"index display-md weight-bold\">04<\/p>\n                <div class=\"point\"><\/div>\n                <p class=\"desc display-xs weight-bold\">Darbo pasi\u016blymas<\/p>\n              <\/div>\n                      <\/div>\n        <\/div>\n      <\/div>\n    <\/div>\n  <\/div>\n<\/section>","protected":false},"excerpt":{"rendered":"","protected":false},"author":1,"featured_media":0,"parent":0,"menu_order":0,"comment_status":"closed","ping_status":"closed","template":"page-careers.php","meta":{"_acf_changed":false,"inline_featured_image":false,"footnotes":""},"class_list":["post-1023","page","type-page","status-publish","hentry"],"acf":[],"yoast_head":"<!-- This site is optimized with the Yoast SEO plugin v27.3 - https:\/\/yoast.com\/product\/yoast-seo-wordpress\/ -->\n<title>Careers - The Codest<\/title>\n<meta name=\"robots\" content=\"index, follow, max-snippet:-1, max-image-preview:large, max-video-preview:-1\" \/>\n<link rel=\"canonical\" href=\"https:\/\/thecodest.co\/lt\/karjeros\/\" \/>\n<meta property=\"og:locale\" content=\"lt_LT\" \/>\n<meta property=\"og:type\" content=\"article\" \/>\n<meta property=\"og:title\" content=\"Careers - The Codest\" \/>\n<meta property=\"og:url\" content=\"https:\/\/thecodest.co\/lt\/karjeros\/\" \/>\n<meta property=\"og:site_name\" content=\"The Codest\" \/>\n<meta property=\"article:modified_time\" content=\"2024-07-01T11:36:04+00:00\" \/>\n<meta property=\"og:image\" content=\"https:\/\/thecodest.co\/app\/uploads\/2024\/06\/cover-image.png\" \/>\n\t<meta property=\"og:image:width\" content=\"1200\" \/>\n\t<meta property=\"og:image:height\" content=\"675\" \/>\n\t<meta property=\"og:image:type\" content=\"image\/png\" \/>\n<meta name=\"twitter:card\" content=\"summary_large_image\" \/>\n<script type=\"application\/ld+json\" class=\"yoast-schema-graph\">{\"@context\":\"https:\\\/\\\/schema.org\",\"@graph\":[{\"@type\":\"WebPage\",\"@id\":\"https:\\\/\\\/thecodest.co\\\/careers\\\/\",\"url\":\"https:\\\/\\\/thecodest.co\\\/careers\\\/\",\"name\":\"Careers - The Codest\",\"isPartOf\":{\"@id\":\"https:\\\/\\\/thecodest.co\\\/#website\"},\"datePublished\":\"2024-04-08T21:10:29+00:00\",\"dateModified\":\"2024-07-01T11:36:04+00:00\",\"breadcrumb\":{\"@id\":\"https:\\\/\\\/thecodest.co\\\/careers\\\/#breadcrumb\"},\"inLanguage\":\"lt-LT\",\"potentialAction\":[{\"@type\":\"ReadAction\",\"target\":[\"https:\\\/\\\/thecodest.co\\\/careers\\\/\"]}]},{\"@type\":\"BreadcrumbList\",\"@id\":\"https:\\\/\\\/thecodest.co\\\/careers\\\/#breadcrumb\",\"itemListElement\":[{\"@type\":\"ListItem\",\"position\":1,\"name\":\"Home\",\"item\":\"https:\\\/\\\/thecodest.co\\\/\"},{\"@type\":\"ListItem\",\"position\":2,\"name\":\"Careers\"}]},{\"@type\":\"WebSite\",\"@id\":\"https:\\\/\\\/thecodest.co\\\/#website\",\"url\":\"https:\\\/\\\/thecodest.co\\\/\",\"name\":\"The Codest\",\"description\":\"\",\"potentialAction\":[{\"@type\":\"SearchAction\",\"target\":{\"@type\":\"EntryPoint\",\"urlTemplate\":\"https:\\\/\\\/thecodest.co\\\/?s={search_term_string}\"},\"query-input\":{\"@type\":\"PropertyValueSpecification\",\"valueRequired\":true,\"valueName\":\"search_term_string\"}}],\"inLanguage\":\"lt-LT\"}]}<\/script>\n<!-- \/ Yoast SEO plugin. -->","yoast_head_json":{"title":"Karjera - The Codest","robots":{"index":"index","follow":"follow","max-snippet":"max-snippet:-1","max-image-preview":"max-image-preview:large","max-video-preview":"max-video-preview:-1"},"canonical":"https:\/\/thecodest.co\/lt\/karjeros\/","og_locale":"lt_LT","og_type":"article","og_title":"Careers - The Codest","og_url":"https:\/\/thecodest.co\/lt\/karjeros\/","og_site_name":"The Codest","article_modified_time":"2024-07-01T11:36:04+00:00","og_image":[{"width":1200,"height":675,"url":"https:\/\/thecodest.co\/app\/uploads\/2024\/06\/cover-image.png","type":"image\/png"}],"twitter_card":"summary_large_image","schema":{"@context":"https:\/\/schema.org","@graph":[{"@type":"WebPage","@id":"https:\/\/thecodest.co\/careers\/","url":"https:\/\/thecodest.co\/careers\/","name":"Karjera - The Codest","isPartOf":{"@id":"https:\/\/thecodest.co\/#website"},"datePublished":"2024-04-08T21:10:29+00:00","dateModified":"2024-07-01T11:36:04+00:00","breadcrumb":{"@id":"https:\/\/thecodest.co\/careers\/#breadcrumb"},"inLanguage":"lt-LT","potentialAction":[{"@type":"ReadAction","target":["https:\/\/thecodest.co\/careers\/"]}]},{"@type":"BreadcrumbList","@id":"https:\/\/thecodest.co\/careers\/#breadcrumb","itemListElement":[{"@type":"ListItem","position":1,"name":"Home","item":"https:\/\/thecodest.co\/"},{"@type":"ListItem","position":2,"name":"Careers"}]},{"@type":"WebSite","@id":"https:\/\/thecodest.co\/#website","url":"https:\/\/thecodest.co\/","name":"The Codest","description":"","potentialAction":[{"@type":"SearchAction","target":{"@type":"EntryPoint","urlTemplate":"https:\/\/thecodest.co\/?s={search_term_string}"},"query-input":{"@type":"PropertyValueSpecification","valueRequired":true,"valueName":"search_term_string"}}],"inLanguage":"lt-LT"}]}},"_links":{"self":[{"href":"https:\/\/thecodest.co\/lt\/wp-json\/wp\/v2\/pages\/1023","targetHints":{"allow":["GET"]}}],"collection":[{"href":"https:\/\/thecodest.co\/lt\/wp-json\/wp\/v2\/pages"}],"about":[{"href":"https:\/\/thecodest.co\/lt\/wp-json\/wp\/v2\/types\/page"}],"author":[{"embeddable":true,"href":"https:\/\/thecodest.co\/lt\/wp-json\/wp\/v2\/users\/1"}],"replies":[{"embeddable":true,"href":"https:\/\/thecodest.co\/lt\/wp-json\/wp\/v2\/comments?post=1023"}],"version-history":[{"count":19,"href":"https:\/\/thecodest.co\/lt\/wp-json\/wp\/v2\/pages\/1023\/revisions"}],"predecessor-version":[{"id":8285,"href":"https:\/\/thecodest.co\/lt\/wp-json\/wp\/v2\/pages\/1023\/revisions\/8285"}],"wp:attachment":[{"href":"https:\/\/thecodest.co\/lt\/wp-json\/wp\/v2\/media?parent=1023"}],"curies":[{"name":"wp","href":"https:\/\/api.w.org\/{rel}","templated":true}]}}