{"id":9588,"date":"2025-04-09T12:47:25","date_gmt":"2025-04-09T12:47:25","guid":{"rendered":"https:\/\/thecodest.co\/?page_id=9588"},"modified":"2025-08-07T15:27:54","modified_gmt":"2025-08-07T15:27:54","slug":"ansaet-softwareudviklere","status":"publish","type":"page","link":"https:\/\/thecodest.co\/it\/ansaet-softwareudviklere\/","title":{"rendered":"Ans\u00e6t softwareudviklere"},"content":{"rendered":"<section id=\"intro-block_a3e52ab2b9798d7032879248304dc316\"\n         class=\"section intro intro--text  intro--normal\"\n   style=\"background-image:url(https:\/\/thecodest.co\/app\/uploads\/2025\/08\/v8a0604-kopia.webp);\">\n      <div class=\"wrapper\">\n      <div class=\"intro__container\">\n        \n        <h1 class=\"intro__title\">Scegliete il gruppo di lavoro che vi serve per le vostre esigenze.<\/h1>\n        <p>\n          The Codest \u00e8 il nostro partner privilegiato per la fornitura di personale IT. Il team di udviklings con senioringeni\u00f8rer \u00e8 forte, flessibile ed efficace.\r\n\r\n        <\/p>\n\n        \n                    <a v-scrollto=\"{element: 'contact-form'}\" class=\"button button--primary\">\n                <span class=\"button__content\">LAD OS TALE SAMMEN<\/span>\n            <\/a>\n              <\/div>\n    <\/div>\n    <lottie-player\n        :speed=\"1\"\n        autoplay\n class=\"lottie-box\"\n        loop\n data-src=\"https:\/\/assets10.lottiefiles.com\/private_files\/lf30_anpknwfr.json\"\n    ><\/lottie-player>\n  <\/section>\n\n\n\n<section id=\"description-list-content-block_d50fc549a9aba63f2859410f999913a3\"\n         class=\"section description-list-content description-list-content--image description-list-content--left\">\n    <div class=\"wrapper\">\n        <div class=\"description-list-content__container\">\n                        <div class=\"description-list-content__image\">\n                <img \n    src=\"https:\/\/thecodest.co\/app\/uploads\/2025\/08\/V8A5658-300x200-1.webp\" \n    width=\"520\" \n    height=\"345\" \n    srcset=\"https:\/\/thecodest.co\/app\/uploads\/2025\/08\/V8A5658-300x200-1.webp 300w, https:\/\/thecodest.co\/app\/uploads\/2025\/08\/V8A5658-300x200-1-18x12.webp 18w, https:\/\/thecodest.co\/app\/uploads\/2025\/08\/V8A5658-300x200-1-36x24.webp 36w\" sizes=\"auto, (min-width: 1024px) 520px, 100vw\"\n    decoding=\"async\"\n    loading=\"lazy\"\n    alt=\"I membri del team si sono riuniti in una sala conferenze, impegnati in una presentazione su grande schermo.\"\n    >              <\/div>\n                      <div class=\"description-list-content__content\">\n                                <h2 class=\"display-lg\">Per chi si \u00e8 imbattuto nell'The Codest?<\/h2>\n                              <ul class=\"description-list-content__list\">\n                                        <li class=\"description-list-content__single\">\n                          <img decoding=\"async\" class=\"description-list-content__check\"\n                               src=\"https:\/\/thecodest.co\/app\/themes\/the-codest\/images\/icon-check2.svg\">\n                        I software offshore sono un'ottima soluzione per essere implementati.                      <\/li>\n                                        <li class=\"description-list-content__single\">\n                          <img decoding=\"async\" class=\"description-list-content__check\"\n                               src=\"https:\/\/thecodest.co\/app\/themes\/the-codest\/images\/icon-check2.svg\">\n                        IT-personalefor\u00f8gelse to kort- eller langsigtede projekter.                      <\/li>\n                                        <li class=\"description-list-content__single\">\n                          <img decoding=\"async\" class=\"description-list-content__check\"\n                               src=\"https:\/\/thecodest.co\/app\/themes\/the-codest\/images\/icon-check2.svg\">\n                        Outsourcing af softwarevirksomhed med seniorudviklere.                      <\/li>\n                                  <\/ul>\n            <\/div>\n        <\/div>\n    <\/div>\n<\/section>\n\n\n\n\n<section id=\"tabs-block_a4af567cdbb4ab3521bc45edae4c4217\"\n         class=\"section tabs tabs--extended\">\n  <div class=\"wrapper\">\n    <tabs index=\"tabs-block_a4af567cdbb4ab3521bc45edae4c4217\" active=\"front\"><\/tabs>\n  <\/div>\n  <lottie-player\n      :speed=\"1\"\n      autoplay\n class=\"lottie-box\"\n      loop\n data-src=\"https:\/\/assets5.lottiefiles.com\/private_files\/lf30_oesx2rbi.json\"\n  ><\/lottie-player>\n<\/section>\n\n\n\n<section id=\"numbers-block_66a3dc560f910c42604e9ae6bf9d4996\" class=\"section numbers\">\n  <div class=\"wrapper\">\n    <div class=\"numbers__container numbers__left\">\n      <numbers :index=\"1\"><\/numbers>\n    <\/div>\n  <\/div>\n<\/section>\n\n\n\n<section id=\"banner-block_babdecdc5a109e61c3ed758d62298a9e\" class=\"section banner banner--contain\">\n  <lottie-player\n      data-src=\"https:\/\/assets5.lottiefiles.com\/private_files\/lf30_oesx2rbi.json\"\n      background-color=\"transparent\"\n      :speed=\"1\"\n      loop\n autoplay\n class=\"lottie-box lottie-box--one\"\n  ><\/lottie-player>\n  <div class=\"wrapper\">\n    <div class=\"banner__container\">\n      <div class=\"banner__content\">\n                  <h2 class=\"display-xl\">Avete bisogno di aiuto per il progetto? Vi serve per scavare.<\/h2>\n                                    <a v-scrollto=\"{element: 'contact-form'}\"\n               class=\"button button--primary\">\n                <span class=\"button__content\">Parliamo!<\/span>\n            <\/a>\n              <\/div>\n    <\/div>\n  <\/div>\n  <lottie-player\n      data-src=\"https:\/\/assets10.lottiefiles.com\/private_files\/lf30_eymwl02x.json\"\n      :speed=\"1\"\n      loop\n autoplay\n class=\"lottie-box lottie-box--two\"\n  ><\/lottie-player>\n<\/section>\n\n\n\n<section id=\"description-block_4020ec0d020328a894f704a341acccb5\"\n         class=\"section description description--light description--right description--short description--start\">\n  <div class=\"wrapper\">\n    <div class=\"description__container\">\n      <div class=\"description__content\">\n        <h2 class=\"display-lg\">Ekspertudviklere til din branche<\/h2>\n        <div class=\"description__desc\">\n          <p>Le vostre udite sono solo un'idea: sono in grado di confrontarsi con la pratica. <strong>FinTech<\/strong>, <strong>AdTech<\/strong>, <strong>bilindustriale<\/strong>, <strong>e-handel<\/strong>, <strong>Salute e tecnologia<\/strong>, <strong>logistica<\/strong>, <strong>bancario<\/strong>.<\/p>\n        <\/div>\n                                  <a v-scrollto=\"{element: 'contact-form'}\" class=\"description__button\">\n                  ANS\u00c6T EKSPERTER                <\/a>\n                        <\/div>\n      <div class=\"description__image horizontal start\">\n                  <img \n    src=\"https:\/\/thecodest.co\/app\/uploads\/2025\/08\/v8a6125-1-.webp\" \n    width=\"520\" \n    height=\"345\" \n    srcset=\"https:\/\/thecodest.co\/app\/uploads\/2025\/08\/v8a6125-1-.webp 2000w, https:\/\/thecodest.co\/app\/uploads\/2025\/08\/v8a6125-1--300x200.webp 300w, https:\/\/thecodest.co\/app\/uploads\/2025\/08\/v8a6125-1--768x512.webp 768w, https:\/\/thecodest.co\/app\/uploads\/2025\/08\/v8a6125-1--1024x682.webp 1024w, https:\/\/thecodest.co\/app\/uploads\/2025\/08\/v8a6125-1--1536x1024.webp 1536w, https:\/\/thecodest.co\/app\/uploads\/2025\/08\/v8a6125-1--18x12.webp 18w, https:\/\/thecodest.co\/app\/uploads\/2025\/08\/v8a6125-1--36x24.webp 36w\" sizes=\"auto, (min-width: 1024px) 520px, 100vw\"\n    decoding=\"async\"\n    loading=\"lazy\"\n    alt=\"Membri di un team sorridenti che posano insieme in abbigliamento casual all&#039;interno di un ufficio moderno.\"\n    >              <\/div>\n    <\/div>\n  <\/div>\n  <\/section>\n\n\n\n<section id=\"content-box-block_044bd5640e73fde702ce4533237b19fa\" class=\"section process\">\n  <div class=\"wrapper\">\n    <div class=\"process__container\">\n      <div class=\"process__content\">\n        <h2 class=\"display-lg\">S\u00e5dan fungerer det hos os<\/h2>\n        <p><\/p>\n                    <a v-scrollto=\"{element: 'contact-form'}\"\n               class=\"desktop button button--primary button--inverted\">\n                <span class=\"button__content\">Ans\u00e6t eksperter<\/span>\n            <\/a>\n              <\/div>\n      <div class=\"process__stages\">\n                  <div class=\"process__item\">\n            <div class=\"process__stage\">\n              01            <\/div>\n            <div class=\"process__text\">\n              <h3 class=\"display-sm\">Kontakt os<\/h3>\n              <p class=\"text-sm\">Il modulo di valutazione dei danni \u00e8 stato compilato.<\/p>\n\n              \n                          <\/div>\n          <\/div>\n                    <div class=\"process__item\">\n            <div class=\"process__stage\">\n              02            <\/div>\n            <div class=\"process__text\">\n              <h3 class=\"display-sm\">Introduzioni<\/h3>\n              <p class=\"text-sm\">Vi contattiamo per pianificare il vostro lavoro e per imitare il vostro comportamento.<\/p>\n\n              \n                          <\/div>\n          <\/div>\n                    <div class=\"process__item\">\n            <div class=\"process__stage\">\n              03            <\/div>\n            <div class=\"process__text\">\n              <h3 class=\"display-sm\">Abbinamento e inserimento del team<\/h3>\n              <p class=\"text-sm\">Vi chiediamo di scegliere il letto pi\u00f9 adatto a voi.<\/p>\n\n              \n                          <\/div>\n          <\/div>\n                    <div class=\"process__item\">\n            <div class=\"process__stage\">\n              04            <\/div>\n            <div class=\"process__text\">\n              <h3 class=\"display-sm\">Avviare la squadra<\/h3>\n              <p class=\"text-sm\">Avviate il progetto con il topudviklere.<\/p>\n\n              \n                          <\/div>\n          <\/div>\n                              <a v-scrollto=\"{element: 'contact-form'}\"\n               class=\"mobile button button--primary button--inverted\">\n                <span class=\"button__content\">Ans\u00e6t eksperter<\/span>\n            <\/a>\n              <\/div>\n    <\/div>\n<\/section>\n\n\n\n<section id=\"contact-form-block_526458e541baea265e1a830a486fde90\" class=\"section contact-form contact-form--normal\">\n        <div class=\"wrapper\">\n          <div class=\"contact-form__container\" id=\"contact-form\">\n              <contact-form :form-fields=\"{&quot;left_side&quot;:{&quot;title&quot;:&quot;Need Project Help? We Are Here For You.&quot;,&quot;subtitle&quot;:&quot;Join The Codest&#039;s Success Stories:&quot;},&quot;right_side&quot;:{&quot;directly&quot;:&quot;&lt;p&gt;or contact us directly at &lt;a href=\\&quot;mailto:contact@thecodest.co\\&quot;&gt;contact@thecodest.co&lt;\\\/a&gt;&lt;\\\/p&gt;\\n&quot;},&quot;title&quot;:&quot;We&#039;d love to know more about your project&quot;,&quot;tooltip_info&quot;:&quot;&lt;p&gt;By submitting this form you accept our &lt;a href=\\&quot;https:\\\/\\\/thecodest.co\\\/app\\\/uploads\\\/2025\\\/04\\\/TheCodest-Privacypolicydocx.pdf\\&quot;&gt;Website Terms Use&lt;\\\/a&gt;. The Controller of your personal data is Codest Ltd. with its registered office in London, United Kingdom. Your personal data will be processed for complete your request. You have the right of access, rectification, erasure, restriction and portability your personal data and to lodge a complaint with a supervisory authority. For detailed information, please refer to the &lt;a href=\\&quot;https:\\\/\\\/thecodest.co\\\/app\\\/uploads\\\/2025\\\/04\\\/TheCodest-Privacypolicydocx.pdf\\&quot;&gt;Privacy Policy&lt;\\\/a&gt;.&lt;\\\/p&gt;\\n&quot;}\"><\/contact-form>\n          <\/div>\n      <\/div>\n\n      <div class=\"lottie-box-left\">\n          <lottie-player\n                  :speed=\"1\"\n                  autoplay\n class=\"jjnlottie-box-left\"\n                  loop\n data-src=\"https:\/\/assets10.lottiefiles.com\/private_files\/lf30_eymwl02x.json\"\n          ><\/lottie-player>\n      <\/div>\n  <\/section>","protected":false},"excerpt":{"rendered":"","protected":false},"author":2,"featured_media":0,"parent":0,"menu_order":0,"comment_status":"closed","ping_status":"closed","template":"page-lp.php","meta":{"_acf_changed":false,"inline_featured_image":false,"footnotes":""},"class_list":["post-9588","page","type-page","status-publish","hentry"],"acf":[],"yoast_head":"<!-- This site is optimized with the Yoast SEO Premium plugin v27.3 (Yoast SEO v27.3) - https:\/\/yoast.com\/product\/yoast-seo-premium-wordpress\/ -->\n<title>Ans\u00e6t softwareudviklere - The Codest<\/title>\n<meta name=\"robots\" content=\"index, follow, max-snippet:-1, max-image-preview:large, max-video-preview:-1\" \/>\n<link rel=\"canonical\" href=\"https:\/\/thecodest.co\/it\/ansaet-softwareudviklere\/\" \/>\n<meta property=\"og:locale\" content=\"it_IT\" \/>\n<meta property=\"og:type\" content=\"article\" \/>\n<meta property=\"og:title\" content=\"Ans\u00e6t softwareudviklere\" \/>\n<meta property=\"og:url\" content=\"https:\/\/thecodest.co\/it\/ansaet-softwareudviklere\/\" \/>\n<meta property=\"og:site_name\" content=\"The Codest\" \/>\n<meta property=\"article:modified_time\" content=\"2025-08-07T15:27:54+00:00\" \/>\n<meta property=\"og:image\" content=\"https:\/\/thecodest.co\/app\/uploads\/2024\/06\/cover-image.png\" \/>\n\t<meta property=\"og:image:width\" content=\"1200\" \/>\n\t<meta property=\"og:image:height\" content=\"675\" \/>\n\t<meta property=\"og:image:type\" content=\"image\/png\" \/>\n<meta name=\"twitter:card\" content=\"summary_large_image\" \/>\n<script type=\"application\/ld+json\" class=\"yoast-schema-graph\">{\"@context\":\"https:\\\/\\\/schema.org\",\"@graph\":[{\"@type\":\"WebPage\",\"@id\":\"https:\\\/\\\/thecodest.co\\\/ansaet-softwareudviklere\\\/\",\"url\":\"https:\\\/\\\/thecodest.co\\\/ansaet-softwareudviklere\\\/\",\"name\":\"Ans\u00e6t softwareudviklere - The Codest\",\"isPartOf\":{\"@id\":\"https:\\\/\\\/thecodest.co\\\/#website\"},\"datePublished\":\"2025-04-09T12:47:25+00:00\",\"dateModified\":\"2025-08-07T15:27:54+00:00\",\"breadcrumb\":{\"@id\":\"https:\\\/\\\/thecodest.co\\\/ansaet-softwareudviklere\\\/#breadcrumb\"},\"inLanguage\":\"it-IT\",\"potentialAction\":[{\"@type\":\"ReadAction\",\"target\":[\"https:\\\/\\\/thecodest.co\\\/ansaet-softwareudviklere\\\/\"]}]},{\"@type\":\"BreadcrumbList\",\"@id\":\"https:\\\/\\\/thecodest.co\\\/ansaet-softwareudviklere\\\/#breadcrumb\",\"itemListElement\":[{\"@type\":\"ListItem\",\"position\":1,\"name\":\"Home\",\"item\":\"https:\\\/\\\/thecodest.co\\\/\"},{\"@type\":\"ListItem\",\"position\":2,\"name\":\"Ans\u00e6t softwareudviklere\"}]},{\"@type\":\"WebSite\",\"@id\":\"https:\\\/\\\/thecodest.co\\\/#website\",\"url\":\"https:\\\/\\\/thecodest.co\\\/\",\"name\":\"The Codest\",\"description\":\"\",\"publisher\":{\"@id\":\"https:\\\/\\\/thecodest.co\\\/#organization\"},\"potentialAction\":[{\"@type\":\"SearchAction\",\"target\":{\"@type\":\"EntryPoint\",\"urlTemplate\":\"https:\\\/\\\/thecodest.co\\\/?s={search_term_string}\"},\"query-input\":{\"@type\":\"PropertyValueSpecification\",\"valueRequired\":true,\"valueName\":\"search_term_string\"}}],\"inLanguage\":\"it-IT\"},{\"@type\":\"Organization\",\"@id\":\"https:\\\/\\\/thecodest.co\\\/#organization\",\"name\":\"The Codest\",\"url\":\"https:\\\/\\\/thecodest.co\\\/\",\"logo\":{\"@type\":\"ImageObject\",\"inLanguage\":\"it-IT\",\"@id\":\"https:\\\/\\\/thecodest.co\\\/#\\\/schema\\\/logo\\\/image\\\/\",\"url\":\"https:\\\/\\\/thecodest.co\\\/app\\\/uploads\\\/2024\\\/03\\\/thecodest-logo.svg\",\"contentUrl\":\"https:\\\/\\\/thecodest.co\\\/app\\\/uploads\\\/2024\\\/03\\\/thecodest-logo.svg\",\"width\":144,\"height\":36,\"caption\":\"The Codest\"},\"image\":{\"@id\":\"https:\\\/\\\/thecodest.co\\\/#\\\/schema\\\/logo\\\/image\\\/\"},\"sameAs\":[\"https:\\\/\\\/pl.linkedin.com\\\/company\\\/codest\",\"https:\\\/\\\/clutch.co\\\/profile\\\/codest\"]}]}<\/script>\n<!-- \/ Yoast SEO Premium plugin. -->","yoast_head_json":{"title":"Ans\u00e6t softwareudviklere - The Codest","robots":{"index":"index","follow":"follow","max-snippet":"max-snippet:-1","max-image-preview":"max-image-preview:large","max-video-preview":"max-video-preview:-1"},"canonical":"https:\/\/thecodest.co\/it\/ansaet-softwareudviklere\/","og_locale":"it_IT","og_type":"article","og_title":"Ans\u00e6t softwareudviklere","og_url":"https:\/\/thecodest.co\/it\/ansaet-softwareudviklere\/","og_site_name":"The Codest","article_modified_time":"2025-08-07T15:27:54+00:00","og_image":[{"width":1200,"height":675,"url":"https:\/\/thecodest.co\/app\/uploads\/2024\/06\/cover-image.png","type":"image\/png"}],"twitter_card":"summary_large_image","schema":{"@context":"https:\/\/schema.org","@graph":[{"@type":"WebPage","@id":"https:\/\/thecodest.co\/ansaet-softwareudviklere\/","url":"https:\/\/thecodest.co\/ansaet-softwareudviklere\/","name":"Ans\u00e6t softwareudviklere - The Codest","isPartOf":{"@id":"https:\/\/thecodest.co\/#website"},"datePublished":"2025-04-09T12:47:25+00:00","dateModified":"2025-08-07T15:27:54+00:00","breadcrumb":{"@id":"https:\/\/thecodest.co\/ansaet-softwareudviklere\/#breadcrumb"},"inLanguage":"it-IT","potentialAction":[{"@type":"ReadAction","target":["https:\/\/thecodest.co\/ansaet-softwareudviklere\/"]}]},{"@type":"BreadcrumbList","@id":"https:\/\/thecodest.co\/ansaet-softwareudviklere\/#breadcrumb","itemListElement":[{"@type":"ListItem","position":1,"name":"Home","item":"https:\/\/thecodest.co\/"},{"@type":"ListItem","position":2,"name":"Ans\u00e6t softwareudviklere"}]},{"@type":"WebSite","@id":"https:\/\/thecodest.co\/#website","url":"https:\/\/thecodest.co\/","name":"The Codest","description":"","publisher":{"@id":"https:\/\/thecodest.co\/#organization"},"potentialAction":[{"@type":"SearchAction","target":{"@type":"EntryPoint","urlTemplate":"https:\/\/thecodest.co\/?s={search_term_string}"},"query-input":{"@type":"PropertyValueSpecification","valueRequired":true,"valueName":"search_term_string"}}],"inLanguage":"it-IT"},{"@type":"Organization","@id":"https:\/\/thecodest.co\/#organization","name":"The Codest","url":"https:\/\/thecodest.co\/","logo":{"@type":"ImageObject","inLanguage":"it-IT","@id":"https:\/\/thecodest.co\/#\/schema\/logo\/image\/","url":"https:\/\/thecodest.co\/app\/uploads\/2024\/03\/thecodest-logo.svg","contentUrl":"https:\/\/thecodest.co\/app\/uploads\/2024\/03\/thecodest-logo.svg","width":144,"height":36,"caption":"The Codest"},"image":{"@id":"https:\/\/thecodest.co\/#\/schema\/logo\/image\/"},"sameAs":["https:\/\/pl.linkedin.com\/company\/codest","https:\/\/clutch.co\/profile\/codest"]}]}},"_links":{"self":[{"href":"https:\/\/thecodest.co\/it\/wp-json\/wp\/v2\/pages\/9588","targetHints":{"allow":["GET"]}}],"collection":[{"href":"https:\/\/thecodest.co\/it\/wp-json\/wp\/v2\/pages"}],"about":[{"href":"https:\/\/thecodest.co\/it\/wp-json\/wp\/v2\/types\/page"}],"author":[{"embeddable":true,"href":"https:\/\/thecodest.co\/it\/wp-json\/wp\/v2\/users\/2"}],"replies":[{"embeddable":true,"href":"https:\/\/thecodest.co\/it\/wp-json\/wp\/v2\/comments?post=9588"}],"version-history":[{"count":9,"href":"https:\/\/thecodest.co\/it\/wp-json\/wp\/v2\/pages\/9588\/revisions"}],"predecessor-version":[{"id":9996,"href":"https:\/\/thecodest.co\/it\/wp-json\/wp\/v2\/pages\/9588\/revisions\/9996"}],"wp:attachment":[{"href":"https:\/\/thecodest.co\/it\/wp-json\/wp\/v2\/media?parent=9588"}],"curies":[{"name":"wp","href":"https:\/\/api.w.org\/{rel}","templated":true}]}}