{"id":901,"date":"2024-03-22T12:44:41","date_gmt":"2024-03-22T12:44:41","guid":{"rendered":"http:\/\/the-codest.localhost\/?page_id=901"},"modified":"2026-04-10T10:17:09","modified_gmt":"2026-04-10T10:17:09","slug":"um-okkur","status":"publish","type":"page","link":"https:\/\/thecodest.co\/is\/about-us\/","title":{"rendered":"Um okkur"},"content":{"rendered":"<section id=\"intro-block_ab2178f3fe5d47d7becfe29028152f08\"\n         class=\"section intro intro--movie no-image-bg intro--normal\"\n  >\n      <div class=\"wrapper\">\n      <div class=\"intro__container\">\n        <h1 class=\"intro__title\">Saga okkar <\/h1>\n        <iframe src=\"https:\/\/www.youtube.com\/embed\/ikMXhIUaCyI\" frameborder=\"0\"\n                class=\"intro__video\"><\/iframe>\n      <\/div>\n    <\/div>\n      <\/section>\n\n\n\n<section id=\"description-block_a3ef9f058ebbb660f8b288679742fe2e\"\n         class=\"section description description--none description--left description--long description--start\">\n  <div class=\"wrapper\">\n    <div class=\"description__container\">\n      <div class=\"description__content\">\n        <h2 class=\"display-lg\">Stofnunarteymi<\/h2>\n        <div class=\"description__desc\">\n          <p>Upphaflega var Codest hluti af fyrirt\u00e6kinu AdTaily, \u00fear sem \u00fea\u00f0 hlaut vi\u00f0urkenningu fyrir a\u00f0 \u00fer\u00f3a og kynna byltingarkennda AdTech lausn.<\/p>\n<p>\u00c1ri\u00f0 2009 la\u00f0a\u00f0i \u00e1rangur \u00feeirra a\u00f0 s\u00e9r fj\u00e1rfestingu fr\u00e1 Agora Group \u2013 einum st\u00e6rsta fj\u00f6lmi\u00f0lah\u00f3pi \u00ed P\u00f3llandi.<\/p>\n<p>Byggt \u00e1 afrekum s\u00ednum h\u00e9ldu h\u00e6fileikar\u00edkir forritarar hj\u00e1 Codest \u00e1fram og sk\u00f6pu\u00f0u a\u00f0ra Adtech-lausn sem kallast \u201cYieldbird\u201d \u2013 hugb\u00fana\u00f0 fyrir forritanlega augl\u00fdsingami\u00f0lun og hagr\u00e6\u00f0ingu. \u00deessi vara hefur n\u00e1\u00f0 verulegum \u00e1rangri \u00e1 al\u00fej\u00f3\u00f0legum marka\u00f0i og hlaut hei\u00f0urinn sem ver\u00f0launahafi hinna virtu Top25 Deloitte-ver\u00f0launa.<\/p>\n<p>\u00c1ri\u00f0 2020 framkv\u00e6mdu Greg og Jakub, sem stj\u00f3rnendur hj\u00e1 Codest, stj\u00f3rnendakaup fr\u00e1 Agora Group og stofnu\u00f0u The Codest \u2013 al\u00fej\u00f3\u00f0legt hugb\u00fana\u00f0ar\u00fer\u00f3unarfyrirt\u00e6ki.<\/p>\n<p>Me\u00f0 v\u00ed\u00f0t\u00e6kri reynslu af \u00fev\u00ed a\u00f0 byggja upp fars\u00e6lar v\u00f6rur, stafr\u00e6n umbreytingarverkefni og einnig a\u00f0 stofna og st\u00fdra h\u00f3pi fremstu forritara, b\u00faa stofnendur The Codest yfir \u00f3metanlegri inns\u00fdn \u00ed \u00feau \u00e1skoranir sem felast \u00ed v\u00f6ru\u00fer\u00f3un.<\/p>\n<p><span style=\"font-weight: 400;\">\u00cd gegnum \u00e1rin hafa \u00feeir \u00f6\u00f0last dj\u00fapa s\u00e9rfr\u00e6\u00f0i\u00feekkingu \u00ed \u00fdmsum greinum, \u00fear \u00e1 me\u00f0al netverslun, fintech\/banka\u00fej\u00f3nustu, flutningum og fleiru, eftir a\u00f0 hafa loki\u00f0 yfir 150 verkefnum.<\/span><span style=\"font-weight: 400;\">.\u00a0<\/span><\/p>\n<p>\u00deessi s\u00e9r\u00feekking gerir \u00feeim kleift a\u00f0 veita vi\u00f0skiptavinum s\u00ednum d\u00fdrm\u00e6t r\u00e1\u00f0, sem hj\u00e1lpa \u00feeim a\u00f0 for\u00f0ast alvarleg mist\u00f6k og h\u00e1marka verkefni s\u00edn.<\/p>\n<p>R\u00e6\u00f0um hvernig team okkar getur b\u00e6tt uppl\u00fdsingat\u00e6kniframkv\u00e6md \u00fe\u00edna e\u00f0a hj\u00e1lpa\u00f0 \u00fe\u00e9r a\u00f0 byggja \u00e1hrifamiklar stafr\u00e6nar v\u00f6rur.<\/p>\n        <\/div>\n              <\/div>\n      <div class=\"description__image vertical start\">\n                  <img \n    src=\"https:\/\/thecodest.co\/app\/uploads\/2024\/04\/foto-4_3.png\" \n    width=\"380\" \n    height=\"460\" \n    srcset=\"https:\/\/thecodest.co\/app\/uploads\/2024\/04\/foto-4_3.png 300w, https:\/\/thecodest.co\/app\/uploads\/2024\/04\/foto-4_3-225x300.png 225w, https:\/\/thecodest.co\/app\/uploads\/2024\/04\/foto-4_3-9x12.png 9w, https:\/\/thecodest.co\/app\/uploads\/2024\/04\/foto-4_3-18x24.png 18w\" sizes=\"auto, (min-width: 1024px) 460px, 100vw\"\n    decoding=\"async\"\n    loading=\"lazy\"\n    alt=\"The Codest\"\n    >              <\/div>\n    <\/div>\n  <\/div>\n      <lottie-player\n        data-src=\"https:\/\/assets10.lottiefiles.com\/private_files\/lf30_anpknwfr.json\"\n        :speed=\"1\"\n        loop\n autoplay\n class=\"lottie-box\"\n    ><\/lottie-player>\n  <\/section>\n\n\n\n<section id=\"numbers-block_1715e7cdb5fba902965d2078f8657e83\" class=\"section numbers\">\n  <div class=\"wrapper\">\n    <div class=\"numbers__container numbers__left\">\n      <numbers :index=\"1\"><\/numbers>\n    <\/div>\n  <\/div>\n<\/section>\n\n\n\n<section id=\"tiles-block_09f5c4deb81382d14f238e92ca671eb5\"\n         class=\"section tiles tiles--white\">\n  <div class=\"wrapper\">\n    <div class=\"tiles__container\">\n              <h2 class=\"tiles__head display-lg weight-bold\">\n          Framhli\u00f0\u00fer\u00f3un me\u00f0 The Codest        <\/h2>\n                  <div class=\"tiles__content\">\n                  <div class=\"tiles__item\">\n            <img decoding=\"async\" src=\"https:\/\/thecodest.co\/app\/themes\/the-codest\/images\/icon-check2.svg\">\n            <h3 class=\"head display-sm weight-bold\">Samstarf<\/h3>\n            <p class=\"desc text-md\">\n              Sem fyrirt\u00e6ki me\u00f0 v\u00f6rubundi\u00f0 DNA \u00feekkjum vi\u00f0 t\u00e6knileg \u00e1skoranir margra fyrirt\u00e6kja \u00ed dag. H\u00e9r er marka\u00f0sforskot okkar og kjarnasvi\u00f0 stu\u00f0nings fyrir fyrirt\u00e6ki\u00f0 \u00feitt.            <\/p>\n          <\/div>\n                  <div class=\"tiles__item\">\n            <img decoding=\"async\" src=\"https:\/\/thecodest.co\/app\/themes\/the-codest\/images\/icon-check2.svg\">\n            <h3 class=\"head display-sm weight-bold\">\u00de\u00e1tttaka<\/h3>\n            <p class=\"desc text-md\">\n              Sem The Codest veitum vi\u00f0 vi\u00f0skiptavininum fyrirbyggjandi r\u00e1\u00f0gj\u00f6f me\u00f0 vinnumenningu okkar og sanna\u00f0ri a\u00f0fer\u00f0um, leggjum til bestu lausnirnar og t\u00f6kum frumkv\u00e6\u00f0i.            <\/p>\n          <\/div>\n                  <div class=\"tiles__item\">\n            <img decoding=\"async\" src=\"https:\/\/thecodest.co\/app\/themes\/the-codest\/images\/icon-check2.svg\">\n            <h3 class=\"head display-sm weight-bold\">S\u00edfellt umb\u00f3tastarf<\/h3>\n            <p class=\"desc text-md\">\n              Vi\u00f0 eflum st\u00f6\u00f0ugt f\u00e6rni okkar og deilum s\u00e9rfr\u00e6\u00f0i\u00feekkingu innan team og me\u00f0 vi\u00f0skiptavinum, me\u00f0 \u00fea\u00f0 a\u00f0 markmi\u00f0i a\u00f0 auka daglega vinnuframlei\u00f0ni samstarfsa\u00f0ila okkar me\u00f0 f\u00ednstilltum samstarfsferlum.            <\/p>\n          <\/div>\n                  <div class=\"tiles__item\">\n            <img decoding=\"async\" src=\"https:\/\/thecodest.co\/app\/themes\/the-codest\/images\/icon-check2.svg\">\n            <h3 class=\"head display-sm weight-bold\">\u00c1str\u00ed\u00f0a<\/h3>\n            <p class=\"desc text-md\">\n              Vi\u00f0 s\u00fdnum \u00e1str\u00ed\u00f0u okkar fyrir forritun me\u00f0 \u00fev\u00ed a\u00f0 skrifa k\u00f3\u00f0a af h\u00e6stu g\u00e6\u00f0um. The Codest-\u00e1h\u00f6fnin er samsett \u00far f\u00f3lki sem einfaldlega elskar vinnuna s\u00edna.            <\/p>\n          <\/div>\n              <\/div>\n    <\/div>\n  <\/div>\n<\/section>\n\n\n\n<section id=\"circles-block_9abf204a9844d8b429c7f54e74c2c1cb\" class=\"section circles\">\n  <div class=\"wrapper\">\n    <div class=\"circles__container\">\n      <div class=\"circles__head\">\n        <h2 class=\"head display-lg weight-bold\">S\u00e9rsvi\u00f0<\/h2>\n        <div class=\"desc\"><\/div>\n      <\/div>\n\n      <div class=\"circles__content\">\n        <div class=\"circles__technologies\">\n                                    <div class=\"technologies__item\">\n                <div class=\"technologies__content\">\n                  <img \n    src=\"https:\/\/thecodest.co\/app\/uploads\/2024\/04\/react-expertise.svg\" \n    width=\"54\" \n    height=\"54\" \n    srcset=\"\"\n    decoding=\"async\"\n    loading=\"lazy\"\n    alt=\"The Codest\"\n    >                <\/div>\n                <div id=\"curved-corner-bottomleft\"><\/div>\n                <div id=\"curved-corner-bottomright\"><\/div>\n                <div id=\"curved-corner-topleft\"><\/div>\n                <div id=\"curved-corner-topright\"><\/div>\n              <\/div>\n                                                <div class=\"technologies__item\">\n                <div class=\"technologies__content\">\n                  <img \n    src=\"https:\/\/thecodest.co\/app\/uploads\/2024\/04\/ruby-expertise.svg\" \n    width=\"54\" \n    height=\"54\" \n    srcset=\"\"\n    decoding=\"async\"\n    loading=\"lazy\"\n    alt=\"The Codest\"\n    >                <\/div>\n                <div id=\"curved-corner-bottomleft\"><\/div>\n                <div id=\"curved-corner-bottomright\"><\/div>\n                <div id=\"curved-corner-topleft\"><\/div>\n                <div id=\"curved-corner-topright\"><\/div>\n              <\/div>\n                                                <div class=\"technologies__item\">\n                <div class=\"technologies__content\">\n                  <img \n    src=\"https:\/\/thecodest.co\/app\/uploads\/2024\/04\/typescript-expertise.svg\" \n    width=\"54\" \n    height=\"54\" \n    srcset=\"\"\n    decoding=\"async\"\n    loading=\"lazy\"\n    alt=\"The Codest\"\n    >                <\/div>\n                <div id=\"curved-corner-bottomleft\"><\/div>\n                <div id=\"curved-corner-bottomright\"><\/div>\n                <div id=\"curved-corner-topleft\"><\/div>\n                <div id=\"curved-corner-topright\"><\/div>\n              <\/div>\n                                                <div class=\"technologies__item\">\n                <div class=\"technologies__content\">\n                  <img \n    src=\"https:\/\/thecodest.co\/app\/uploads\/2024\/04\/vue-expertise.svg\" \n    width=\"54\" \n    height=\"54\" \n    srcset=\"\"\n    decoding=\"async\"\n    loading=\"lazy\"\n    alt=\"The Codest\"\n    >                <\/div>\n                <div id=\"curved-corner-bottomleft\"><\/div>\n                <div id=\"curved-corner-bottomright\"><\/div>\n                <div id=\"curved-corner-topleft\"><\/div>\n                <div id=\"curved-corner-topright\"><\/div>\n              <\/div>\n                                                <div class=\"technologies__item\">\n                <div class=\"technologies__content\">\n                  <img \n    src=\"https:\/\/thecodest.co\/app\/uploads\/2024\/04\/python-expertise.svg\" \n    width=\"54\" \n    height=\"54\" \n    srcset=\"\"\n    decoding=\"async\"\n    loading=\"lazy\"\n    alt=\"The Codest\"\n    >                <\/div>\n                <div id=\"curved-corner-bottomleft\"><\/div>\n                <div id=\"curved-corner-bottomright\"><\/div>\n                <div id=\"curved-corner-topleft\"><\/div>\n                <div id=\"curved-corner-topright\"><\/div>\n              <\/div>\n                                                <div class=\"technologies__item\">\n                <div class=\"technologies__content\">\n                  <img \n    src=\"https:\/\/thecodest.co\/app\/uploads\/2024\/04\/php-expertise.svg\" \n    width=\"54\" \n    height=\"54\" \n    srcset=\"\"\n    decoding=\"async\"\n    loading=\"lazy\"\n    alt=\"The Codest\"\n    >                <\/div>\n                <div id=\"curved-corner-bottomleft\"><\/div>\n                <div id=\"curved-corner-bottomright\"><\/div>\n                <div id=\"curved-corner-topleft\"><\/div>\n                <div id=\"curved-corner-topright\"><\/div>\n              <\/div>\n                                                <div class=\"technologies__item\">\n                <div class=\"technologies__content\">\n                  <img \n    src=\"https:\/\/thecodest.co\/app\/uploads\/2024\/04\/java-expertise.svg\" \n    width=\"54\" \n    height=\"54\" \n    srcset=\"\"\n    decoding=\"async\"\n    loading=\"lazy\"\n    alt=\"The Codest\"\n    >                <\/div>\n                <div id=\"curved-corner-bottomleft\"><\/div>\n                <div id=\"curved-corner-bottomright\"><\/div>\n                <div id=\"curved-corner-topleft\"><\/div>\n                <div id=\"curved-corner-topright\"><\/div>\n              <\/div>\n                              <\/div>\n      <\/div>\n    <\/div>\n  <\/div>\n<\/section>\n\n\n\n<section id=\"description-block_63ecbf8f4a7a687afce783d7413ab9f0\"\n         class=\"section description description--light description--right description--short description--start\">\n  <div class=\"wrapper\">\n    <div class=\"description__container\">\n      <div class=\"description__content\">\n        <h2 class=\"display-lg\">Menning okkar er bygg\u00f0 fyrir h\u00e6fileikar\u00edka uppl\u00fdsingat\u00e6knif\u00f3lk.<\/h2>\n        <div class=\"description__desc\">\n          <p>Hj\u00e1 The Codest stefnum vi\u00f0 a\u00f0 \u00fev\u00ed a\u00f0 skapa opi\u00f0 og metna\u00f0arfullt umhverfi sem stu\u00f0lar a\u00f0 vexti hvers starfsmanns.<\/p>\n        <\/div>\n                              <a href=\"https:\/\/thecodest.co\/is\/our-team\/\" class=\"description__button\">\n              Kynntu \u00fe\u00e9r team okkar            <\/a>\n                        <\/div>\n      <div class=\"description__image horizontal start\">\n                  <img \n    src=\"https:\/\/thecodest.co\/app\/uploads\/2024\/04\/v8a6125-1-.jpg\" \n    width=\"520\" \n    height=\"345\" \n    srcset=\"https:\/\/thecodest.co\/app\/uploads\/2024\/04\/v8a6125-1-.jpg 2000w, https:\/\/thecodest.co\/app\/uploads\/2024\/04\/v8a6125-1--300x200.jpg 300w, https:\/\/thecodest.co\/app\/uploads\/2024\/04\/v8a6125-1--1024x682.jpg 1024w, https:\/\/thecodest.co\/app\/uploads\/2024\/04\/v8a6125-1--768x512.jpg 768w, https:\/\/thecodest.co\/app\/uploads\/2024\/04\/v8a6125-1--1536x1024.jpg 1536w, https:\/\/thecodest.co\/app\/uploads\/2024\/04\/v8a6125-1--18x12.jpg 18w, https:\/\/thecodest.co\/app\/uploads\/2024\/04\/v8a6125-1--36x24.jpg 36w\" sizes=\"auto, (min-width: 1024px) 520px, 100vw\"\n    decoding=\"async\"\n    loading=\"lazy\"\n    alt=\"The Codest\"\n    >              <\/div>\n    <\/div>\n  <\/div>\n  <\/section>\n\n\n\n<section id=\"content-box-block_d5284c49740c79ed50954003c1b78f4d\" class=\"section content-box\">\n  <div class=\"wrapper\">\n    <div class=\"content-box__container\">\n              <div class=\"content-box__head\">\n                      <h2 class=\"head display-lg weight-bold\">\n              The Codest tekur \u00fe\u00e1tt \u00ed verkefnum um allan heim.            <\/h2>\n                                <p>\u00c1 yfir fimmt\u00e1n \u00e1ra ferli okkar \u00ed greininni h\u00f6fum vi\u00f0 geta\u00f0 unni\u00f0 me\u00f0 m\u00f6rgum samstarfsa\u00f0ilum v\u00ed\u00f0s vegar um heiminn. Vi\u00f0 h\u00f6fum unni\u00f0 me\u00f0 samstarfsa\u00f0ilum fr\u00e1 yfir fimmt\u00e1n l\u00f6ndum og skapa\u00f0 fram\u00farskarandi stafr\u00e6nar v\u00f6rur til a\u00f0 hj\u00e1lpa fyrirt\u00e6kjum vi\u00f0skiptavina okkar a\u00f0 vaxa.<\/p>\n                  <\/div>\n      \n              <div class=\"content-box__content\">\n                      <img \n    src=\"https:\/\/thecodest.co\/app\/uploads\/2024\/04\/map-about-us.svg\" \n    width=\"1024\" \n    height=\"504\" \n    srcset=\"\"\n    decoding=\"async\"\n    loading=\"lazy\"\n    alt=\"The Codest\"\n    >                                <a href=\"https:\/\/thecodest.co\/case-studies\/\" class=\"button button--primary button--inverted\">\n              <span class=\"button__content\">Uppg\u00f6tva\u00f0u hulstrin okkar<\/span>\n            <\/a>\n                  <\/div>\n          <\/div>\n  <\/div>\n<\/section>\n\n\n\n<section id=\"banner-block_7185d58f2dd9735849764dfeec48bbc2\" class=\"section banner banner--default\">\n  <lottie-player\n      data-src=\"https:\/\/assets5.lottiefiles.com\/private_files\/lf30_oesx2rbi.json\"\n      background-color=\"transparent\"\n      :speed=\"1\"\n      loop\n autoplay\n class=\"lottie-box lottie-box--one\"\n  ><\/lottie-player>\n  <div class=\"wrapper\">\n    <div class=\"banner__container\">\n      <div class=\"banner__content\">\n                  <h2 class=\"display-xl\">R\u00e6\u00f0um hugmyndina \u00fe\u00edna<\/h2>\n                                  <a href=\"https:\/\/thecodest.co\/is\/contact\/\" class=\"button button--primary\">\n            <span class=\"button__content\">Haf\u00f0u samband vi\u00f0 okkur<\/span>\n          <\/a>\n              <\/div>\n    <\/div>\n  <\/div>\n  <lottie-player\n      data-src=\"https:\/\/assets10.lottiefiles.com\/private_files\/lf30_eymwl02x.json\"\n      :speed=\"1\"\n      loop\n autoplay\n class=\"lottie-box lottie-box--two\"\n  ><\/lottie-player>\n<\/section>","protected":false},"excerpt":{"rendered":"","protected":false},"author":1,"featured_media":0,"parent":0,"menu_order":0,"comment_status":"closed","ping_status":"closed","template":"","meta":{"_acf_changed":false,"inline_featured_image":false,"footnotes":""},"class_list":["post-901","page","type-page","status-publish","hentry"],"acf":[],"yoast_head":"<!-- This site is optimized with the Yoast SEO Premium plugin v27.3 (Yoast SEO v27.3) - https:\/\/yoast.com\/product\/yoast-seo-premium-wordpress\/ -->\n<title>About us - The Codest<\/title>\n<meta name=\"description\" content=\"Meet The Codest, an international tech software company helping businesses grow with experienced developers, scalable teams, and strong product development expertise.\" \/>\n<meta name=\"robots\" content=\"index, follow, max-snippet:-1, max-image-preview:large, max-video-preview:-1\" \/>\n<link rel=\"canonical\" href=\"https:\/\/thecodest.co\/is\/um-okkur\/\" \/>\n<meta property=\"og:locale\" content=\"is_IS\" \/>\n<meta property=\"og:type\" content=\"article\" \/>\n<meta property=\"og:title\" content=\"About us\" \/>\n<meta property=\"og:description\" content=\"Meet The Codest, an international tech software company helping businesses grow with experienced developers, scalable teams, and strong product development expertise.\" \/>\n<meta property=\"og:url\" content=\"https:\/\/thecodest.co\/is\/um-okkur\/\" \/>\n<meta property=\"og:site_name\" content=\"The Codest\" \/>\n<meta property=\"article:modified_time\" content=\"2026-04-10T10:17:09+00:00\" \/>\n<meta property=\"og:image\" content=\"https:\/\/thecodest.co\/app\/uploads\/2024\/06\/cover-image.png\" \/>\n\t<meta property=\"og:image:width\" content=\"1200\" \/>\n\t<meta property=\"og:image:height\" content=\"675\" \/>\n\t<meta property=\"og:image:type\" content=\"image\/png\" \/>\n<meta name=\"twitter:card\" content=\"summary_large_image\" \/>\n<script type=\"application\/ld+json\" class=\"yoast-schema-graph\">{\"@context\":\"https:\\\/\\\/schema.org\",\"@graph\":[{\"@type\":\"WebPage\",\"@id\":\"https:\\\/\\\/thecodest.co\\\/about-us\\\/\",\"url\":\"https:\\\/\\\/thecodest.co\\\/about-us\\\/\",\"name\":\"About us - The Codest\",\"isPartOf\":{\"@id\":\"https:\\\/\\\/thecodest.co\\\/#website\"},\"datePublished\":\"2024-03-22T12:44:41+00:00\",\"dateModified\":\"2026-04-10T10:17:09+00:00\",\"description\":\"Meet The Codest, an international tech software company helping businesses grow with experienced developers, scalable teams, and strong product development expertise.\",\"breadcrumb\":{\"@id\":\"https:\\\/\\\/thecodest.co\\\/about-us\\\/#breadcrumb\"},\"inLanguage\":\"is\",\"potentialAction\":[{\"@type\":\"ReadAction\",\"target\":[\"https:\\\/\\\/thecodest.co\\\/about-us\\\/\"]}]},{\"@type\":\"BreadcrumbList\",\"@id\":\"https:\\\/\\\/thecodest.co\\\/about-us\\\/#breadcrumb\",\"itemListElement\":[{\"@type\":\"ListItem\",\"position\":1,\"name\":\"Home\",\"item\":\"https:\\\/\\\/thecodest.co\\\/\"},{\"@type\":\"ListItem\",\"position\":2,\"name\":\"About us\"}]},{\"@type\":\"WebSite\",\"@id\":\"https:\\\/\\\/thecodest.co\\\/#website\",\"url\":\"https:\\\/\\\/thecodest.co\\\/\",\"name\":\"The Codest\",\"description\":\"\",\"publisher\":{\"@id\":\"https:\\\/\\\/thecodest.co\\\/#organization\"},\"potentialAction\":[{\"@type\":\"SearchAction\",\"target\":{\"@type\":\"EntryPoint\",\"urlTemplate\":\"https:\\\/\\\/thecodest.co\\\/?s={search_term_string}\"},\"query-input\":{\"@type\":\"PropertyValueSpecification\",\"valueRequired\":true,\"valueName\":\"search_term_string\"}}],\"inLanguage\":\"is\"},{\"@type\":\"Organization\",\"@id\":\"https:\\\/\\\/thecodest.co\\\/#organization\",\"name\":\"The Codest\",\"url\":\"https:\\\/\\\/thecodest.co\\\/\",\"logo\":{\"@type\":\"ImageObject\",\"inLanguage\":\"is\",\"@id\":\"https:\\\/\\\/thecodest.co\\\/#\\\/schema\\\/logo\\\/image\\\/\",\"url\":\"https:\\\/\\\/thecodest.co\\\/app\\\/uploads\\\/2024\\\/03\\\/thecodest-logo.svg\",\"contentUrl\":\"https:\\\/\\\/thecodest.co\\\/app\\\/uploads\\\/2024\\\/03\\\/thecodest-logo.svg\",\"width\":144,\"height\":36,\"caption\":\"The Codest\"},\"image\":{\"@id\":\"https:\\\/\\\/thecodest.co\\\/#\\\/schema\\\/logo\\\/image\\\/\"},\"sameAs\":[\"https:\\\/\\\/pl.linkedin.com\\\/company\\\/codest\",\"https:\\\/\\\/clutch.co\\\/profile\\\/codest\"]}]}<\/script>\n<!-- \/ Yoast SEO Premium plugin. -->","yoast_head_json":{"title":"Um okkur - The Codest","description":"Kynntu \u00fe\u00e9r The Codest, al\u00fej\u00f3\u00f0legt t\u00e6kniforritafyrirt\u00e6ki sem hj\u00e1lpar fyrirt\u00e6kjum a\u00f0 vaxa me\u00f0 reyndum forriturum, stigst\u00e6r\u00f0um team-einingum og sterka \u00fer\u00f3unar\u00feekkingu \u00e1 v\u00f6rum.","robots":{"index":"index","follow":"follow","max-snippet":"max-snippet:-1","max-image-preview":"max-image-preview:large","max-video-preview":"max-video-preview:-1"},"canonical":"https:\/\/thecodest.co\/is\/um-okkur\/","og_locale":"is_IS","og_type":"article","og_title":"About us","og_description":"Meet The Codest, an international tech software company helping businesses grow with experienced developers, scalable teams, and strong product development expertise.","og_url":"https:\/\/thecodest.co\/is\/um-okkur\/","og_site_name":"The Codest","article_modified_time":"2026-04-10T10:17:09+00:00","og_image":[{"width":1200,"height":675,"url":"https:\/\/thecodest.co\/app\/uploads\/2024\/06\/cover-image.png","type":"image\/png"}],"twitter_card":"summary_large_image","schema":{"@context":"https:\/\/schema.org","@graph":[{"@type":"WebPage","@id":"https:\/\/thecodest.co\/about-us\/","url":"https:\/\/thecodest.co\/about-us\/","name":"Um okkur - The Codest","isPartOf":{"@id":"https:\/\/thecodest.co\/#website"},"datePublished":"2024-03-22T12:44:41+00:00","dateModified":"2026-04-10T10:17:09+00:00","description":"Kynntu \u00fe\u00e9r The Codest, al\u00fej\u00f3\u00f0legt t\u00e6kniforritafyrirt\u00e6ki sem hj\u00e1lpar fyrirt\u00e6kjum a\u00f0 vaxa me\u00f0 reyndum forriturum, stigst\u00e6r\u00f0um team-einingum og sterka \u00fer\u00f3unar\u00feekkingu \u00e1 v\u00f6rum.","breadcrumb":{"@id":"https:\/\/thecodest.co\/about-us\/#breadcrumb"},"inLanguage":"is","potentialAction":[{"@type":"ReadAction","target":["https:\/\/thecodest.co\/about-us\/"]}]},{"@type":"BreadcrumbList","@id":"https:\/\/thecodest.co\/about-us\/#breadcrumb","itemListElement":[{"@type":"ListItem","position":1,"name":"Home","item":"https:\/\/thecodest.co\/"},{"@type":"ListItem","position":2,"name":"About us"}]},{"@type":"WebSite","@id":"https:\/\/thecodest.co\/#website","url":"https:\/\/thecodest.co\/","name":"The Codest","description":"","publisher":{"@id":"https:\/\/thecodest.co\/#organization"},"potentialAction":[{"@type":"SearchAction","target":{"@type":"EntryPoint","urlTemplate":"https:\/\/thecodest.co\/?s={search_term_string}"},"query-input":{"@type":"PropertyValueSpecification","valueRequired":true,"valueName":"search_term_string"}}],"inLanguage":"is"},{"@type":"Organization","@id":"https:\/\/thecodest.co\/#organization","name":"The Codest","url":"https:\/\/thecodest.co\/","logo":{"@type":"ImageObject","inLanguage":"is","@id":"https:\/\/thecodest.co\/#\/schema\/logo\/image\/","url":"https:\/\/thecodest.co\/app\/uploads\/2024\/03\/thecodest-logo.svg","contentUrl":"https:\/\/thecodest.co\/app\/uploads\/2024\/03\/thecodest-logo.svg","width":144,"height":36,"caption":"The Codest"},"image":{"@id":"https:\/\/thecodest.co\/#\/schema\/logo\/image\/"},"sameAs":["https:\/\/pl.linkedin.com\/company\/codest","https:\/\/clutch.co\/profile\/codest"]}]}},"_links":{"self":[{"href":"https:\/\/thecodest.co\/is\/wp-json\/wp\/v2\/pages\/901","targetHints":{"allow":["GET"]}}],"collection":[{"href":"https:\/\/thecodest.co\/is\/wp-json\/wp\/v2\/pages"}],"about":[{"href":"https:\/\/thecodest.co\/is\/wp-json\/wp\/v2\/types\/page"}],"author":[{"embeddable":true,"href":"https:\/\/thecodest.co\/is\/wp-json\/wp\/v2\/users\/1"}],"replies":[{"embeddable":true,"href":"https:\/\/thecodest.co\/is\/wp-json\/wp\/v2\/comments?post=901"}],"version-history":[{"count":98,"href":"https:\/\/thecodest.co\/is\/wp-json\/wp\/v2\/pages\/901\/revisions"}],"predecessor-version":[{"id":11095,"href":"https:\/\/thecodest.co\/is\/wp-json\/wp\/v2\/pages\/901\/revisions\/11095"}],"wp:attachment":[{"href":"https:\/\/thecodest.co\/is\/wp-json\/wp\/v2\/media?parent=901"}],"curies":[{"name":"vp","href":"https:\/\/api.w.org\/{rel}","templated":true}]}}