{"id":1023,"date":"2024-04-08T21:10:29","date_gmt":"2024-04-08T21:10:29","guid":{"rendered":"http:\/\/the-codest.localhost\/?page_id=1023"},"modified":"2024-07-01T11:36:04","modified_gmt":"2024-07-01T11:36:04","slug":"ferilmoguleikar","status":"publish","type":"page","link":"https:\/\/thecodest.co\/is\/careers\/","title":{"rendered":"Starfsferilm\u00f6guleikar"},"content":{"rendered":"<section id=\"list-content-block_283724395a01b0a9eb5092537295d2f4\"\n         class=\"section list-content list-content--extended\">\n  <div class=\"wrapper\">\n    <div class=\"list-content__container\">\n      <h2 class=\"list-content__title\">Sj\u00e1\u00f0u hva\u00f0a fr\u00ed\u00f0indi vi\u00f0 getum bo\u00f0i\u00f0<\/h2>\n      <div class=\"list-content__list\">\n                  <div class=\"list-content__item\">\n            <img decoding=\"async\" src=\"https:\/\/thecodest.co\/app\/themes\/the-codest\/images\/icon-check2.svg\" class=\"list-content__image\">\n            <h3\n                class=\"head text-md weight-bold\">M\u00e6lingakerfi<\/h3>            <p>M\u00e6la me\u00f0 vini \u00fe\u00ednum og f\u00e1\u00f0u peningab\u00f3nus (10 000 PLN)<\/p>\n          <\/div>\n                  <div class=\"list-content__item\">\n            <img decoding=\"async\" src=\"https:\/\/thecodest.co\/app\/themes\/the-codest\/images\/icon-check2.svg\" class=\"list-content__image\">\n            <h3\n                class=\"head text-md weight-bold\">Vinn\u00f0u eins og \u00fe\u00e9r l\u00edkar<\/h3>            <p>\u00cd einum af t\u00e6knimi\u00f0st\u00f6\u00f0vum okkar \u00ed Krak\u00e1, Varsj\u00e1, Wroclaw, Gdansk e\u00f0a 100% fjarvinnu<\/p>\n          <\/div>\n                  <div class=\"list-content__item\">\n            <img decoding=\"async\" src=\"https:\/\/thecodest.co\/app\/themes\/the-codest\/images\/icon-check2.svg\" class=\"list-content__image\">\n            <h3\n                class=\"head text-md weight-bold\">\u00c1\u00e6tlun um pers\u00f3nulega \u00fer\u00f3un<\/h3>            <p>Vi\u00f0 bj\u00f3um til \u00fer\u00f3unarbrautir til a\u00f0 hj\u00e1lpa \u00fe\u00e9r a\u00f0 vaxa<\/p>\n          <\/div>\n                  <div class=\"list-content__item\">\n            <img decoding=\"async\" src=\"https:\/\/thecodest.co\/app\/themes\/the-codest\/images\/icon-check2.svg\" class=\"list-content__image\">\n            <h3\n                class=\"head text-md weight-bold\">T\u00e6knifundir<\/h3>            <p>Vi\u00f0 deilum \u00feekkingu innan teams.<\/p>\n          <\/div>\n                  <div class=\"list-content__item\">\n            <img decoding=\"async\" src=\"https:\/\/thecodest.co\/app\/themes\/the-codest\/images\/icon-check2.svg\" class=\"list-content__image\">\n            <h3\n                class=\"head text-md weight-bold\">Rafr\u00e6nar kaffi-f\u00f6studagar<\/h3>            <p>Spjall \u00ed g\u00f3\u00f0u andr\u00famslofti yfir fr\u00e1b\u00e6rri kaffibolla.<\/p>\n          <\/div>\n                  <div class=\"list-content__item\">\n            <img decoding=\"async\" src=\"https:\/\/thecodest.co\/app\/themes\/the-codest\/images\/icon-check2.svg\" class=\"list-content__image\">\n            <h3\n                class=\"head text-md weight-bold\">Teymis sam\u00fe\u00e6ttingar<\/h3>            <p>A\u00f0 skemmta s\u00e9r eftir vinnu? Af hverju ekki!<\/p>\n          <\/div>\n                  <div class=\"list-content__item\">\n            <img decoding=\"async\" src=\"https:\/\/thecodest.co\/app\/themes\/the-codest\/images\/icon-check2.svg\" class=\"list-content__image\">\n            <h3\n                class=\"head text-md weight-bold\">Al\u00fej\u00f3\u00f0leg verkefni<\/h3>            <p>\u00c1 \u00fev\u00ed getur \u00fe\u00fa haft veruleg \u00e1hrif<\/p>\n          <\/div>\n                  <div class=\"list-content__item\">\n            <img decoding=\"async\" src=\"https:\/\/thecodest.co\/app\/themes\/the-codest\/images\/icon-check2.svg\" class=\"list-content__image\">\n            <h3\n                class=\"head text-md weight-bold\">\u00der\u00f3unarm\u00f6guleikar<\/h3>            <p>Sk\u00fdr pl\u00e1stur til a\u00f0 hj\u00e1lpa \u00fe\u00e9r a\u00f0 ver\u00f0a t\u00e6knilei\u00f0togi.<\/p>\n          <\/div>\n              <\/div>\n    <\/div>\n  <\/div>\n<\/section>\n\n\n\n<section id=\"line-block_7b745579049272b01f7b0d6ee0e3e223\" class=\"section line\">\n  <div class=\"wrapper\">\n    <div class=\"line__container\">\n      <div class=\"line__head\">\n        <h2 class=\"head display-lg weight-bold\">\n          Hvernig virkar \u00fea\u00f0?        <\/h2>\n        <p>Vi\u00f0 tr\u00faum \u00fev\u00ed a\u00f0 einfaldleiki s\u00e9 lykillinn a\u00f0 \u00e1rangursr\u00edkum ni\u00f0urst\u00f6\u00f0um. \u00deess vegna byggir r\u00e1\u00f0ningarferli\u00f0 okkar \u00e1 fj\u00f3rum einf\u00f6ldum skrefum.\r\n\r\n<\/p>\n      <\/div>\n\n      <div class=\"line__content\">\n        <div class=\"line__line\">\n                          <div class=\"line__item\">\n                <p class=\"index display-md weight-bold\">01<\/p>\n                <div class=\"point\"><\/div>\n                <p class=\"desc display-xs weight-bold\">Sendu inn ums\u00f3knina \u00fe\u00edna<\/p>\n              <\/div>\n                          <div class=\"line__item\">\n                <p class=\"index display-md weight-bold\">02<\/p>\n                <div class=\"point\"><\/div>\n                <p class=\"desc display-xs weight-bold\">Mannau\u00f0ssko\u00f0un<\/p>\n              <\/div>\n                          <div class=\"line__item\">\n                <p class=\"index display-md weight-bold\">03<\/p>\n                <div class=\"point\"><\/div>\n                <p class=\"desc display-xs weight-bold\">T\u00e6knilegur fundur (1,5 klst.)<\/p>\n              <\/div>\n                          <div class=\"line__item\">\n                <p class=\"index display-md weight-bold\">04<\/p>\n                <div class=\"point\"><\/div>\n                <p class=\"desc display-xs weight-bold\">Starfstilbo\u00f0<\/p>\n              <\/div>\n                      <\/div>\n        <\/div>\n      <\/div>\n    <\/div>\n  <\/div>\n<\/section>","protected":false},"excerpt":{"rendered":"","protected":false},"author":1,"featured_media":0,"parent":0,"menu_order":0,"comment_status":"closed","ping_status":"closed","template":"page-careers.php","meta":{"_acf_changed":false,"inline_featured_image":false,"footnotes":""},"class_list":["post-1023","page","type-page","status-publish","hentry"],"acf":[],"yoast_head":"<!-- This site is optimized with the Yoast SEO Premium plugin v27.3 (Yoast SEO v27.3) - https:\/\/yoast.com\/product\/yoast-seo-premium-wordpress\/ -->\n<title>Careers - The Codest<\/title>\n<meta name=\"robots\" content=\"index, follow, max-snippet:-1, max-image-preview:large, max-video-preview:-1\" \/>\n<link rel=\"canonical\" href=\"https:\/\/thecodest.co\/is\/ferilmoguleikar\/\" \/>\n<meta property=\"og:locale\" content=\"is_IS\" \/>\n<meta property=\"og:type\" content=\"article\" \/>\n<meta property=\"og:title\" content=\"Careers\" \/>\n<meta property=\"og:url\" content=\"https:\/\/thecodest.co\/is\/ferilmoguleikar\/\" \/>\n<meta property=\"og:site_name\" content=\"The Codest\" \/>\n<meta property=\"article:modified_time\" content=\"2024-07-01T11:36:04+00:00\" \/>\n<meta property=\"og:image\" content=\"https:\/\/thecodest.co\/app\/uploads\/2024\/06\/cover-image.png\" \/>\n\t<meta property=\"og:image:width\" content=\"1200\" \/>\n\t<meta property=\"og:image:height\" content=\"675\" \/>\n\t<meta property=\"og:image:type\" content=\"image\/png\" \/>\n<meta name=\"twitter:card\" content=\"summary_large_image\" \/>\n<script type=\"application\/ld+json\" class=\"yoast-schema-graph\">{\"@context\":\"https:\\\/\\\/schema.org\",\"@graph\":[{\"@type\":\"WebPage\",\"@id\":\"https:\\\/\\\/thecodest.co\\\/careers\\\/\",\"url\":\"https:\\\/\\\/thecodest.co\\\/careers\\\/\",\"name\":\"Careers - The Codest\",\"isPartOf\":{\"@id\":\"https:\\\/\\\/thecodest.co\\\/#website\"},\"datePublished\":\"2024-04-08T21:10:29+00:00\",\"dateModified\":\"2024-07-01T11:36:04+00:00\",\"breadcrumb\":{\"@id\":\"https:\\\/\\\/thecodest.co\\\/careers\\\/#breadcrumb\"},\"inLanguage\":\"is\",\"potentialAction\":[{\"@type\":\"ReadAction\",\"target\":[\"https:\\\/\\\/thecodest.co\\\/careers\\\/\"]}]},{\"@type\":\"BreadcrumbList\",\"@id\":\"https:\\\/\\\/thecodest.co\\\/careers\\\/#breadcrumb\",\"itemListElement\":[{\"@type\":\"ListItem\",\"position\":1,\"name\":\"Home\",\"item\":\"https:\\\/\\\/thecodest.co\\\/\"},{\"@type\":\"ListItem\",\"position\":2,\"name\":\"Careers\"}]},{\"@type\":\"WebSite\",\"@id\":\"https:\\\/\\\/thecodest.co\\\/#website\",\"url\":\"https:\\\/\\\/thecodest.co\\\/\",\"name\":\"The Codest\",\"description\":\"\",\"publisher\":{\"@id\":\"https:\\\/\\\/thecodest.co\\\/#organization\"},\"potentialAction\":[{\"@type\":\"SearchAction\",\"target\":{\"@type\":\"EntryPoint\",\"urlTemplate\":\"https:\\\/\\\/thecodest.co\\\/?s={search_term_string}\"},\"query-input\":{\"@type\":\"PropertyValueSpecification\",\"valueRequired\":true,\"valueName\":\"search_term_string\"}}],\"inLanguage\":\"is\"},{\"@type\":\"Organization\",\"@id\":\"https:\\\/\\\/thecodest.co\\\/#organization\",\"name\":\"The Codest\",\"url\":\"https:\\\/\\\/thecodest.co\\\/\",\"logo\":{\"@type\":\"ImageObject\",\"inLanguage\":\"is\",\"@id\":\"https:\\\/\\\/thecodest.co\\\/#\\\/schema\\\/logo\\\/image\\\/\",\"url\":\"https:\\\/\\\/thecodest.co\\\/app\\\/uploads\\\/2024\\\/03\\\/thecodest-logo.svg\",\"contentUrl\":\"https:\\\/\\\/thecodest.co\\\/app\\\/uploads\\\/2024\\\/03\\\/thecodest-logo.svg\",\"width\":144,\"height\":36,\"caption\":\"The Codest\"},\"image\":{\"@id\":\"https:\\\/\\\/thecodest.co\\\/#\\\/schema\\\/logo\\\/image\\\/\"},\"sameAs\":[\"https:\\\/\\\/pl.linkedin.com\\\/company\\\/codest\",\"https:\\\/\\\/clutch.co\\\/profile\\\/codest\"]}]}<\/script>\n<!-- \/ Yoast SEO Premium plugin. -->","yoast_head_json":{"title":"Starfsfer\u00f0ir - The Codest","robots":{"index":"index","follow":"follow","max-snippet":"max-snippet:-1","max-image-preview":"max-image-preview:large","max-video-preview":"max-video-preview:-1"},"canonical":"https:\/\/thecodest.co\/is\/ferilmoguleikar\/","og_locale":"is_IS","og_type":"article","og_title":"Careers","og_url":"https:\/\/thecodest.co\/is\/ferilmoguleikar\/","og_site_name":"The Codest","article_modified_time":"2024-07-01T11:36:04+00:00","og_image":[{"width":1200,"height":675,"url":"https:\/\/thecodest.co\/app\/uploads\/2024\/06\/cover-image.png","type":"image\/png"}],"twitter_card":"summary_large_image","schema":{"@context":"https:\/\/schema.org","@graph":[{"@type":"WebPage","@id":"https:\/\/thecodest.co\/careers\/","url":"https:\/\/thecodest.co\/careers\/","name":"Starfsfer\u00f0ir - The Codest","isPartOf":{"@id":"https:\/\/thecodest.co\/#website"},"datePublished":"2024-04-08T21:10:29+00:00","dateModified":"2024-07-01T11:36:04+00:00","breadcrumb":{"@id":"https:\/\/thecodest.co\/careers\/#breadcrumb"},"inLanguage":"is","potentialAction":[{"@type":"ReadAction","target":["https:\/\/thecodest.co\/careers\/"]}]},{"@type":"BreadcrumbList","@id":"https:\/\/thecodest.co\/careers\/#breadcrumb","itemListElement":[{"@type":"ListItem","position":1,"name":"Home","item":"https:\/\/thecodest.co\/"},{"@type":"ListItem","position":2,"name":"Careers"}]},{"@type":"WebSite","@id":"https:\/\/thecodest.co\/#website","url":"https:\/\/thecodest.co\/","name":"The Codest","description":"","publisher":{"@id":"https:\/\/thecodest.co\/#organization"},"potentialAction":[{"@type":"SearchAction","target":{"@type":"EntryPoint","urlTemplate":"https:\/\/thecodest.co\/?s={search_term_string}"},"query-input":{"@type":"PropertyValueSpecification","valueRequired":true,"valueName":"search_term_string"}}],"inLanguage":"is"},{"@type":"Organization","@id":"https:\/\/thecodest.co\/#organization","name":"The Codest","url":"https:\/\/thecodest.co\/","logo":{"@type":"ImageObject","inLanguage":"is","@id":"https:\/\/thecodest.co\/#\/schema\/logo\/image\/","url":"https:\/\/thecodest.co\/app\/uploads\/2024\/03\/thecodest-logo.svg","contentUrl":"https:\/\/thecodest.co\/app\/uploads\/2024\/03\/thecodest-logo.svg","width":144,"height":36,"caption":"The Codest"},"image":{"@id":"https:\/\/thecodest.co\/#\/schema\/logo\/image\/"},"sameAs":["https:\/\/pl.linkedin.com\/company\/codest","https:\/\/clutch.co\/profile\/codest"]}]}},"_links":{"self":[{"href":"https:\/\/thecodest.co\/is\/wp-json\/wp\/v2\/pages\/1023","targetHints":{"allow":["GET"]}}],"collection":[{"href":"https:\/\/thecodest.co\/is\/wp-json\/wp\/v2\/pages"}],"about":[{"href":"https:\/\/thecodest.co\/is\/wp-json\/wp\/v2\/types\/page"}],"author":[{"embeddable":true,"href":"https:\/\/thecodest.co\/is\/wp-json\/wp\/v2\/users\/1"}],"replies":[{"embeddable":true,"href":"https:\/\/thecodest.co\/is\/wp-json\/wp\/v2\/comments?post=1023"}],"version-history":[{"count":19,"href":"https:\/\/thecodest.co\/is\/wp-json\/wp\/v2\/pages\/1023\/revisions"}],"predecessor-version":[{"id":8285,"href":"https:\/\/thecodest.co\/is\/wp-json\/wp\/v2\/pages\/1023\/revisions\/8285"}],"wp:attachment":[{"href":"https:\/\/thecodest.co\/is\/wp-json\/wp\/v2\/media?parent=1023"}],"curies":[{"name":"vp","href":"https:\/\/api.w.org\/{rel}","templated":true}]}}