{"id":1023,"date":"2024-04-08T21:10:29","date_gmt":"2024-04-08T21:10:29","guid":{"rendered":"http:\/\/the-codest.localhost\/?page_id=1023"},"modified":"2024-07-01T11:36:04","modified_gmt":"2024-07-01T11:36:04","slug":"urat","status":"publish","type":"page","link":"https:\/\/thecodest.co\/fi\/careers\/","title":{"rendered":"Ty\u00f6urat"},"content":{"rendered":"<section id=\"list-content-block_283724395a01b0a9eb5092537295d2f4\"\n         class=\"section list-content list-content--extended\">\n  <div class=\"wrapper\">\n    <div class=\"list-content__container\">\n      <h2 class=\"list-content__title\">Katso mit\u00e4 etuja voimme tarjota<\/h2>\n      <div class=\"list-content__list\">\n                  <div class=\"list-content__item\">\n            <img decoding=\"async\" src=\"https:\/\/thecodest.co\/app\/themes\/the-codest\/images\/icon-check2.svg\" class=\"list-content__image\">\n            <h3\n                class=\"head text-md weight-bold\">Suositusj\u00e4rjestelm\u00e4<\/h3>            <p>Suosittele yst\u00e4v\u00e4llesi ja saat k\u00e4teisbonuksen (10 000 PLN).<\/p>\n          <\/div>\n                  <div class=\"list-content__item\">\n            <img decoding=\"async\" src=\"https:\/\/thecodest.co\/app\/themes\/the-codest\/images\/icon-check2.svg\" class=\"list-content__image\">\n            <h3\n                class=\"head text-md weight-bold\">Ty\u00f6skentele haluamallasi tavalla<\/h3>            <p>jossakin teknologiakeskuksistamme Krakovassa, Varsovassa, Wroclawissa, Gdanskissa tai 100% et\u00e4yhteydell\u00e4.<\/p>\n          <\/div>\n                  <div class=\"list-content__item\">\n            <img decoding=\"async\" src=\"https:\/\/thecodest.co\/app\/themes\/the-codest\/images\/icon-check2.svg\" class=\"list-content__image\">\n            <h3\n                class=\"head text-md weight-bold\">Henkil\u00f6kohtaisen kasvun ohjelma<\/h3>            <p>Luomme kehityspolkuja, jotka auttavat sinua kasvamaan<\/p>\n          <\/div>\n                  <div class=\"list-content__item\">\n            <img decoding=\"async\" src=\"https:\/\/thecodest.co\/app\/themes\/the-codest\/images\/icon-check2.svg\" class=\"list-content__image\">\n            <h3\n                class=\"head text-md weight-bold\">Tekniset tapaamiset<\/h3>            <p>Jaamme tietoa tiimien sis\u00e4ll\u00e4.<\/p>\n          <\/div>\n                  <div class=\"list-content__item\">\n            <img decoding=\"async\" src=\"https:\/\/thecodest.co\/app\/themes\/the-codest\/images\/icon-check2.svg\" class=\"list-content__image\">\n            <h3\n                class=\"head text-md weight-bold\">Virtuaaliset kahviperjantait<\/h3>            <p>Keskustelut hyv\u00e4ss\u00e4 ilmapiiriss\u00e4 mahtavan kahvikupposen \u00e4\u00e4rell\u00e4.<\/p>\n          <\/div>\n                  <div class=\"list-content__item\">\n            <img decoding=\"async\" src=\"https:\/\/thecodest.co\/app\/themes\/the-codest\/images\/icon-check2.svg\" class=\"list-content__image\">\n            <h3\n                class=\"head text-md weight-bold\">Tiimin integraatiot<\/h3>            <p>Pid\u00e4tk\u00f6 hauskaa t\u00f6iden j\u00e4lkeen? Miksip\u00e4 ei!<\/p>\n          <\/div>\n                  <div class=\"list-content__item\">\n            <img decoding=\"async\" src=\"https:\/\/thecodest.co\/app\/themes\/the-codest\/images\/icon-check2.svg\" class=\"list-content__image\">\n            <h3\n                class=\"head text-md weight-bold\">Kansainv\u00e4liset hankkeet<\/h3>            <p>joihin voit vaikuttaa merkitt\u00e4v\u00e4sti<\/p>\n          <\/div>\n                  <div class=\"list-content__item\">\n            <img decoding=\"async\" src=\"https:\/\/thecodest.co\/app\/themes\/the-codest\/images\/icon-check2.svg\" class=\"list-content__image\">\n            <h3\n                class=\"head text-md weight-bold\">Kehitysmahdollisuudet<\/h3>            <p>Selke\u00e4 korjaus, joka auttaa sinua kehittym\u00e4\u00e4n teknologiajohtajaksi.<\/p>\n          <\/div>\n              <\/div>\n    <\/div>\n  <\/div>\n<\/section>\n\n\n\n<section id=\"line-block_7b745579049272b01f7b0d6ee0e3e223\" class=\"section line\">\n  <div class=\"wrapper\">\n    <div class=\"line__container\">\n      <div class=\"line__head\">\n        <h2 class=\"head display-lg weight-bold\">\n          Miten se toimii?        <\/h2>\n        <p>Uskomme, ett\u00e4 yksinkertaisuus on avain tehokkaisiin tuloksiin. Siksi rekrytointiprosessimme perustuu nelj\u00e4\u00e4n yksinkertaiseen vaiheeseen.\r\n\r\n<\/p>\n      <\/div>\n\n      <div class=\"line__content\">\n        <div class=\"line__line\">\n                          <div class=\"line__item\">\n                <p class=\"index display-md weight-bold\">01<\/p>\n                <div class=\"point\"><\/div>\n                <p class=\"desc display-xs weight-bold\">L\u00e4het\u00e4 hakemuksesi<\/p>\n              <\/div>\n                          <div class=\"line__item\">\n                <p class=\"index display-md weight-bold\">02<\/p>\n                <div class=\"point\"><\/div>\n                <p class=\"desc display-xs weight-bold\">HR-seulonta<\/p>\n              <\/div>\n                          <div class=\"line__item\">\n                <p class=\"index display-md weight-bold\">03<\/p>\n                <div class=\"point\"><\/div>\n                <p class=\"desc display-xs weight-bold\">Tekninen puhelu (1-1,5 tuntia)<\/p>\n              <\/div>\n                          <div class=\"line__item\">\n                <p class=\"index display-md weight-bold\">04<\/p>\n                <div class=\"point\"><\/div>\n                <p class=\"desc display-xs weight-bold\">Ty\u00f6tarjous<\/p>\n              <\/div>\n                      <\/div>\n        <\/div>\n      <\/div>\n    <\/div>\n  <\/div>\n<\/section>","protected":false},"excerpt":{"rendered":"","protected":false},"author":1,"featured_media":0,"parent":0,"menu_order":0,"comment_status":"closed","ping_status":"closed","template":"page-careers.php","meta":{"_acf_changed":false,"inline_featured_image":false,"footnotes":""},"class_list":["post-1023","page","type-page","status-publish","hentry"],"acf":[],"yoast_head":"<!-- This site is optimized with the Yoast SEO plugin v27.3 - https:\/\/yoast.com\/product\/yoast-seo-wordpress\/ -->\n<title>Careers - The Codest<\/title>\n<meta name=\"robots\" content=\"index, follow, max-snippet:-1, max-image-preview:large, max-video-preview:-1\" \/>\n<link rel=\"canonical\" href=\"https:\/\/thecodest.co\/fi\/urat\/\" \/>\n<meta property=\"og:locale\" content=\"fi_FI\" \/>\n<meta property=\"og:type\" content=\"article\" \/>\n<meta property=\"og:title\" content=\"Careers - The Codest\" \/>\n<meta property=\"og:url\" content=\"https:\/\/thecodest.co\/fi\/urat\/\" \/>\n<meta property=\"og:site_name\" content=\"The Codest\" \/>\n<meta property=\"article:modified_time\" content=\"2024-07-01T11:36:04+00:00\" \/>\n<meta property=\"og:image\" content=\"https:\/\/thecodest.co\/app\/uploads\/2024\/06\/cover-image.png\" \/>\n\t<meta property=\"og:image:width\" content=\"1200\" \/>\n\t<meta property=\"og:image:height\" content=\"675\" \/>\n\t<meta property=\"og:image:type\" content=\"image\/png\" \/>\n<meta name=\"twitter:card\" content=\"summary_large_image\" \/>\n<script type=\"application\/ld+json\" class=\"yoast-schema-graph\">{\"@context\":\"https:\\\/\\\/schema.org\",\"@graph\":[{\"@type\":\"WebPage\",\"@id\":\"https:\\\/\\\/thecodest.co\\\/careers\\\/\",\"url\":\"https:\\\/\\\/thecodest.co\\\/careers\\\/\",\"name\":\"Careers - The Codest\",\"isPartOf\":{\"@id\":\"https:\\\/\\\/thecodest.co\\\/#website\"},\"datePublished\":\"2024-04-08T21:10:29+00:00\",\"dateModified\":\"2024-07-01T11:36:04+00:00\",\"breadcrumb\":{\"@id\":\"https:\\\/\\\/thecodest.co\\\/careers\\\/#breadcrumb\"},\"inLanguage\":\"fi\",\"potentialAction\":[{\"@type\":\"ReadAction\",\"target\":[\"https:\\\/\\\/thecodest.co\\\/careers\\\/\"]}]},{\"@type\":\"BreadcrumbList\",\"@id\":\"https:\\\/\\\/thecodest.co\\\/careers\\\/#breadcrumb\",\"itemListElement\":[{\"@type\":\"ListItem\",\"position\":1,\"name\":\"Home\",\"item\":\"https:\\\/\\\/thecodest.co\\\/\"},{\"@type\":\"ListItem\",\"position\":2,\"name\":\"Careers\"}]},{\"@type\":\"WebSite\",\"@id\":\"https:\\\/\\\/thecodest.co\\\/#website\",\"url\":\"https:\\\/\\\/thecodest.co\\\/\",\"name\":\"The Codest\",\"description\":\"\",\"publisher\":{\"@id\":\"https:\\\/\\\/thecodest.co\\\/#organization\"},\"potentialAction\":[{\"@type\":\"SearchAction\",\"target\":{\"@type\":\"EntryPoint\",\"urlTemplate\":\"https:\\\/\\\/thecodest.co\\\/?s={search_term_string}\"},\"query-input\":{\"@type\":\"PropertyValueSpecification\",\"valueRequired\":true,\"valueName\":\"search_term_string\"}}],\"inLanguage\":\"fi\"},{\"@type\":\"Organization\",\"@id\":\"https:\\\/\\\/thecodest.co\\\/#organization\",\"name\":\"The Codest\",\"url\":\"https:\\\/\\\/thecodest.co\\\/\",\"logo\":{\"@type\":\"ImageObject\",\"inLanguage\":\"fi\",\"@id\":\"https:\\\/\\\/thecodest.co\\\/#\\\/schema\\\/logo\\\/image\\\/\",\"url\":\"https:\\\/\\\/thecodest.co\\\/app\\\/uploads\\\/2024\\\/03\\\/thecodest-logo.svg\",\"contentUrl\":\"https:\\\/\\\/thecodest.co\\\/app\\\/uploads\\\/2024\\\/03\\\/thecodest-logo.svg\",\"width\":144,\"height\":36,\"caption\":\"The Codest\"},\"image\":{\"@id\":\"https:\\\/\\\/thecodest.co\\\/#\\\/schema\\\/logo\\\/image\\\/\"},\"sameAs\":[\"https:\\\/\\\/pl.linkedin.com\\\/company\\\/codest\",\"https:\\\/\\\/clutch.co\\\/profile\\\/codest\"]}]}<\/script>\n<!-- \/ Yoast SEO plugin. -->","yoast_head_json":{"title":"Ura - The Codest","robots":{"index":"index","follow":"follow","max-snippet":"max-snippet:-1","max-image-preview":"max-image-preview:large","max-video-preview":"max-video-preview:-1"},"canonical":"https:\/\/thecodest.co\/fi\/urat\/","og_locale":"fi_FI","og_type":"article","og_title":"Careers - The Codest","og_url":"https:\/\/thecodest.co\/fi\/urat\/","og_site_name":"The Codest","article_modified_time":"2024-07-01T11:36:04+00:00","og_image":[{"width":1200,"height":675,"url":"https:\/\/thecodest.co\/app\/uploads\/2024\/06\/cover-image.png","type":"image\/png"}],"twitter_card":"summary_large_image","schema":{"@context":"https:\/\/schema.org","@graph":[{"@type":"WebPage","@id":"https:\/\/thecodest.co\/careers\/","url":"https:\/\/thecodest.co\/careers\/","name":"Ura - The Codest","isPartOf":{"@id":"https:\/\/thecodest.co\/#website"},"datePublished":"2024-04-08T21:10:29+00:00","dateModified":"2024-07-01T11:36:04+00:00","breadcrumb":{"@id":"https:\/\/thecodest.co\/careers\/#breadcrumb"},"inLanguage":"fi","potentialAction":[{"@type":"ReadAction","target":["https:\/\/thecodest.co\/careers\/"]}]},{"@type":"BreadcrumbList","@id":"https:\/\/thecodest.co\/careers\/#breadcrumb","itemListElement":[{"@type":"ListItem","position":1,"name":"Home","item":"https:\/\/thecodest.co\/"},{"@type":"ListItem","position":2,"name":"Careers"}]},{"@type":"WebSite","@id":"https:\/\/thecodest.co\/#website","url":"https:\/\/thecodest.co\/","name":"Codest","description":"","publisher":{"@id":"https:\/\/thecodest.co\/#organization"},"potentialAction":[{"@type":"SearchAction","target":{"@type":"EntryPoint","urlTemplate":"https:\/\/thecodest.co\/?s={search_term_string}"},"query-input":{"@type":"PropertyValueSpecification","valueRequired":true,"valueName":"search_term_string"}}],"inLanguage":"fi"},{"@type":"Organization","@id":"https:\/\/thecodest.co\/#organization","name":"Codest","url":"https:\/\/thecodest.co\/","logo":{"@type":"ImageObject","inLanguage":"fi","@id":"https:\/\/thecodest.co\/#\/schema\/logo\/image\/","url":"https:\/\/thecodest.co\/app\/uploads\/2024\/03\/thecodest-logo.svg","contentUrl":"https:\/\/thecodest.co\/app\/uploads\/2024\/03\/thecodest-logo.svg","width":144,"height":36,"caption":"The Codest"},"image":{"@id":"https:\/\/thecodest.co\/#\/schema\/logo\/image\/"},"sameAs":["https:\/\/pl.linkedin.com\/company\/codest","https:\/\/clutch.co\/profile\/codest"]}]}},"_links":{"self":[{"href":"https:\/\/thecodest.co\/fi\/wp-json\/wp\/v2\/pages\/1023","targetHints":{"allow":["GET"]}}],"collection":[{"href":"https:\/\/thecodest.co\/fi\/wp-json\/wp\/v2\/pages"}],"about":[{"href":"https:\/\/thecodest.co\/fi\/wp-json\/wp\/v2\/types\/page"}],"author":[{"embeddable":true,"href":"https:\/\/thecodest.co\/fi\/wp-json\/wp\/v2\/users\/1"}],"replies":[{"embeddable":true,"href":"https:\/\/thecodest.co\/fi\/wp-json\/wp\/v2\/comments?post=1023"}],"version-history":[{"count":19,"href":"https:\/\/thecodest.co\/fi\/wp-json\/wp\/v2\/pages\/1023\/revisions"}],"predecessor-version":[{"id":8285,"href":"https:\/\/thecodest.co\/fi\/wp-json\/wp\/v2\/pages\/1023\/revisions\/8285"}],"wp:attachment":[{"href":"https:\/\/thecodest.co\/fi\/wp-json\/wp\/v2\/media?parent=1023"}],"curies":[{"name":"wp","href":"https:\/\/api.w.org\/{rel}","templated":true}]}}