{"id":1023,"date":"2024-04-08T21:10:29","date_gmt":"2024-04-08T21:10:29","guid":{"rendered":"http:\/\/the-codest.localhost\/?page_id=1023"},"modified":"2024-07-01T11:36:04","modified_gmt":"2024-07-01T11:36:04","slug":"karjaar","status":"publish","type":"page","link":"https:\/\/thecodest.co\/et\/careers\/","title":{"rendered":"Karj\u00e4\u00e4riv\u00f5imalused"},"content":{"rendered":"<section id=\"list-content-block_283724395a01b0a9eb5092537295d2f4\"\n         class=\"section list-content list-content--extended\">\n  <div class=\"wrapper\">\n    <div class=\"list-content__container\">\n      <h2 class=\"list-content__title\">Vaadake, milliseid soodustusi me saame pakkuda<\/h2>\n      <div class=\"list-content__list\">\n                  <div class=\"list-content__item\">\n            <img decoding=\"async\" src=\"https:\/\/thecodest.co\/app\/themes\/the-codest\/images\/icon-check2.svg\" class=\"list-content__image\">\n            <h3\n                class=\"head text-md weight-bold\">Soovituste s\u00fcsteem<\/h3>            <p>Soovita oma s\u00f5pra ja saada rahaline boonus (10 000 zlotti).<\/p>\n          <\/div>\n                  <div class=\"list-content__item\">\n            <img decoding=\"async\" src=\"https:\/\/thecodest.co\/app\/themes\/the-codest\/images\/icon-check2.svg\" class=\"list-content__image\">\n            <h3\n                class=\"head text-md weight-bold\">T\u00f6\u00f6tage nii, nagu teile meeldib<\/h3>            <p>\u00dches meie tehnikakeskustes Krak\u00f3wis, Varssavis, Wroclawis, Gdanskis v\u00f5i 100% eemalt.<\/p>\n          <\/div>\n                  <div class=\"list-content__item\">\n            <img decoding=\"async\" src=\"https:\/\/thecodest.co\/app\/themes\/the-codest\/images\/icon-check2.svg\" class=\"list-content__image\">\n            <h3\n                class=\"head text-md weight-bold\">Isikliku kasvu programm<\/h3>            <p>Me loome arenguteed, mis aitavad teil kasvada<\/p>\n          <\/div>\n                  <div class=\"list-content__item\">\n            <img decoding=\"async\" src=\"https:\/\/thecodest.co\/app\/themes\/the-codest\/images\/icon-check2.svg\" class=\"list-content__image\">\n            <h3\n                class=\"head text-md weight-bold\">Tehnoloogilised kohtumised<\/h3>            <p>Me jagame meeskonnasiseseid teadmisi.<\/p>\n          <\/div>\n                  <div class=\"list-content__item\">\n            <img decoding=\"async\" src=\"https:\/\/thecodest.co\/app\/themes\/the-codest\/images\/icon-check2.svg\" class=\"list-content__image\">\n            <h3\n                class=\"head text-md weight-bold\">Virtuaalne kohv reedeti<\/h3>            <p>Vestlused heas \u00f5hkkonnas suurep\u00e4rase tassi kohvi juures.<\/p>\n          <\/div>\n                  <div class=\"list-content__item\">\n            <img decoding=\"async\" src=\"https:\/\/thecodest.co\/app\/themes\/the-codest\/images\/icon-check2.svg\" class=\"list-content__image\">\n            <h3\n                class=\"head text-md weight-bold\">Meeskonna integratsioonid<\/h3>            <p>L\u00f5butsed p\u00e4rast t\u00f6\u00f6d? Miks mitte!<\/p>\n          <\/div>\n                  <div class=\"list-content__item\">\n            <img decoding=\"async\" src=\"https:\/\/thecodest.co\/app\/themes\/the-codest\/images\/icon-check2.svg\" class=\"list-content__image\">\n            <h3\n                class=\"head text-md weight-bold\">Rahvusvahelised projektid<\/h3>            <p>Millele saab oluliselt kaasa aidata<\/p>\n          <\/div>\n                  <div class=\"list-content__item\">\n            <img decoding=\"async\" src=\"https:\/\/thecodest.co\/app\/themes\/the-codest\/images\/icon-check2.svg\" class=\"list-content__image\">\n            <h3\n                class=\"head text-md weight-bold\">Arenguv\u00f5imalused<\/h3>            <p>Selge plaaster, mis aitab teil saada tehnoloogiliseks liidriks.<\/p>\n          <\/div>\n              <\/div>\n    <\/div>\n  <\/div>\n<\/section>\n\n\n\n<section id=\"line-block_7b745579049272b01f7b0d6ee0e3e223\" class=\"section line\">\n  <div class=\"wrapper\">\n    <div class=\"line__container\">\n      <div class=\"line__head\">\n        <h2 class=\"head display-lg weight-bold\">\n          Kuidas see toimib?        <\/h2>\n        <p>Me usume, et lihtsus on t\u00f5husa tulemuse saavutamise v\u00f5ti. Seep\u00e4rast p\u00f5hineb meie v\u00e4rbamisprotsess 4 lihtsal etapil.\r\n\r\n<\/p>\n      <\/div>\n\n      <div class=\"line__content\">\n        <div class=\"line__line\">\n                          <div class=\"line__item\">\n                <p class=\"index display-md weight-bold\">01<\/p>\n                <div class=\"point\"><\/div>\n                <p class=\"desc display-xs weight-bold\">Saada oma taotlus<\/p>\n              <\/div>\n                          <div class=\"line__item\">\n                <p class=\"index display-md weight-bold\">02<\/p>\n                <div class=\"point\"><\/div>\n                <p class=\"desc display-xs weight-bold\">HR s\u00f5elumine<\/p>\n              <\/div>\n                          <div class=\"line__item\">\n                <p class=\"index display-md weight-bold\">03<\/p>\n                <div class=\"point\"><\/div>\n                <p class=\"desc display-xs weight-bold\">Tehniline k\u00f5ne (1-1,5 tundi)<\/p>\n              <\/div>\n                          <div class=\"line__item\">\n                <p class=\"index display-md weight-bold\">04<\/p>\n                <div class=\"point\"><\/div>\n                <p class=\"desc display-xs weight-bold\">T\u00f6\u00f6pakkumine<\/p>\n              <\/div>\n                      <\/div>\n        <\/div>\n      <\/div>\n    <\/div>\n  <\/div>\n<\/section>","protected":false},"excerpt":{"rendered":"","protected":false},"author":1,"featured_media":0,"parent":0,"menu_order":0,"comment_status":"closed","ping_status":"closed","template":"page-careers.php","meta":{"_acf_changed":false,"inline_featured_image":false,"footnotes":""},"class_list":["post-1023","page","type-page","status-publish","hentry"],"acf":[],"yoast_head":"<!-- This site is optimized with the Yoast SEO Premium plugin v27.3 (Yoast SEO v27.3) - https:\/\/yoast.com\/product\/yoast-seo-premium-wordpress\/ -->\n<title>Careers - The Codest<\/title>\n<meta name=\"robots\" content=\"index, follow, max-snippet:-1, max-image-preview:large, max-video-preview:-1\" \/>\n<link rel=\"canonical\" href=\"https:\/\/thecodest.co\/et\/karjaar\/\" \/>\n<meta property=\"og:locale\" content=\"et_EE\" \/>\n<meta property=\"og:type\" content=\"article\" \/>\n<meta property=\"og:title\" content=\"Careers\" \/>\n<meta property=\"og:url\" content=\"https:\/\/thecodest.co\/et\/karjaar\/\" \/>\n<meta property=\"og:site_name\" content=\"The Codest\" \/>\n<meta property=\"article:modified_time\" content=\"2024-07-01T11:36:04+00:00\" \/>\n<meta property=\"og:image\" content=\"https:\/\/thecodest.co\/app\/uploads\/2024\/06\/cover-image.png\" \/>\n\t<meta property=\"og:image:width\" content=\"1200\" \/>\n\t<meta property=\"og:image:height\" content=\"675\" \/>\n\t<meta property=\"og:image:type\" content=\"image\/png\" \/>\n<meta name=\"twitter:card\" content=\"summary_large_image\" \/>\n<script type=\"application\/ld+json\" class=\"yoast-schema-graph\">{\"@context\":\"https:\\\/\\\/schema.org\",\"@graph\":[{\"@type\":\"WebPage\",\"@id\":\"https:\\\/\\\/thecodest.co\\\/careers\\\/\",\"url\":\"https:\\\/\\\/thecodest.co\\\/careers\\\/\",\"name\":\"Careers - The Codest\",\"isPartOf\":{\"@id\":\"https:\\\/\\\/thecodest.co\\\/#website\"},\"datePublished\":\"2024-04-08T21:10:29+00:00\",\"dateModified\":\"2024-07-01T11:36:04+00:00\",\"breadcrumb\":{\"@id\":\"https:\\\/\\\/thecodest.co\\\/careers\\\/#breadcrumb\"},\"inLanguage\":\"et\",\"potentialAction\":[{\"@type\":\"ReadAction\",\"target\":[\"https:\\\/\\\/thecodest.co\\\/careers\\\/\"]}]},{\"@type\":\"BreadcrumbList\",\"@id\":\"https:\\\/\\\/thecodest.co\\\/careers\\\/#breadcrumb\",\"itemListElement\":[{\"@type\":\"ListItem\",\"position\":1,\"name\":\"Home\",\"item\":\"https:\\\/\\\/thecodest.co\\\/\"},{\"@type\":\"ListItem\",\"position\":2,\"name\":\"Careers\"}]},{\"@type\":\"WebSite\",\"@id\":\"https:\\\/\\\/thecodest.co\\\/#website\",\"url\":\"https:\\\/\\\/thecodest.co\\\/\",\"name\":\"The Codest\",\"description\":\"\",\"publisher\":{\"@id\":\"https:\\\/\\\/thecodest.co\\\/#organization\"},\"potentialAction\":[{\"@type\":\"SearchAction\",\"target\":{\"@type\":\"EntryPoint\",\"urlTemplate\":\"https:\\\/\\\/thecodest.co\\\/?s={search_term_string}\"},\"query-input\":{\"@type\":\"PropertyValueSpecification\",\"valueRequired\":true,\"valueName\":\"search_term_string\"}}],\"inLanguage\":\"et\"},{\"@type\":\"Organization\",\"@id\":\"https:\\\/\\\/thecodest.co\\\/#organization\",\"name\":\"The Codest\",\"url\":\"https:\\\/\\\/thecodest.co\\\/\",\"logo\":{\"@type\":\"ImageObject\",\"inLanguage\":\"et\",\"@id\":\"https:\\\/\\\/thecodest.co\\\/#\\\/schema\\\/logo\\\/image\\\/\",\"url\":\"https:\\\/\\\/thecodest.co\\\/app\\\/uploads\\\/2024\\\/03\\\/thecodest-logo.svg\",\"contentUrl\":\"https:\\\/\\\/thecodest.co\\\/app\\\/uploads\\\/2024\\\/03\\\/thecodest-logo.svg\",\"width\":144,\"height\":36,\"caption\":\"The Codest\"},\"image\":{\"@id\":\"https:\\\/\\\/thecodest.co\\\/#\\\/schema\\\/logo\\\/image\\\/\"},\"sameAs\":[\"https:\\\/\\\/pl.linkedin.com\\\/company\\\/codest\",\"https:\\\/\\\/clutch.co\\\/profile\\\/codest\"]}]}<\/script>\n<!-- \/ Yoast SEO Premium plugin. -->","yoast_head_json":{"title":"Karj\u00e4\u00e4r - The Codest","robots":{"index":"index","follow":"follow","max-snippet":"max-snippet:-1","max-image-preview":"max-image-preview:large","max-video-preview":"max-video-preview:-1"},"canonical":"https:\/\/thecodest.co\/et\/karjaar\/","og_locale":"et_EE","og_type":"article","og_title":"Careers","og_url":"https:\/\/thecodest.co\/et\/karjaar\/","og_site_name":"The Codest","article_modified_time":"2024-07-01T11:36:04+00:00","og_image":[{"width":1200,"height":675,"url":"https:\/\/thecodest.co\/app\/uploads\/2024\/06\/cover-image.png","type":"image\/png"}],"twitter_card":"summary_large_image","schema":{"@context":"https:\/\/schema.org","@graph":[{"@type":"WebPage","@id":"https:\/\/thecodest.co\/careers\/","url":"https:\/\/thecodest.co\/careers\/","name":"Karj\u00e4\u00e4r - The Codest","isPartOf":{"@id":"https:\/\/thecodest.co\/#website"},"datePublished":"2024-04-08T21:10:29+00:00","dateModified":"2024-07-01T11:36:04+00:00","breadcrumb":{"@id":"https:\/\/thecodest.co\/careers\/#breadcrumb"},"inLanguage":"et","potentialAction":[{"@type":"ReadAction","target":["https:\/\/thecodest.co\/careers\/"]}]},{"@type":"BreadcrumbList","@id":"https:\/\/thecodest.co\/careers\/#breadcrumb","itemListElement":[{"@type":"ListItem","position":1,"name":"Home","item":"https:\/\/thecodest.co\/"},{"@type":"ListItem","position":2,"name":"Careers"}]},{"@type":"WebSite","@id":"https:\/\/thecodest.co\/#website","url":"https:\/\/thecodest.co\/","name":"The Codest","description":"","publisher":{"@id":"https:\/\/thecodest.co\/#organization"},"potentialAction":[{"@type":"SearchAction","target":{"@type":"EntryPoint","urlTemplate":"https:\/\/thecodest.co\/?s={search_term_string}"},"query-input":{"@type":"PropertyValueSpecification","valueRequired":true,"valueName":"search_term_string"}}],"inLanguage":"et"},{"@type":"Organization","@id":"https:\/\/thecodest.co\/#organization","name":"The Codest","url":"https:\/\/thecodest.co\/","logo":{"@type":"ImageObject","inLanguage":"et","@id":"https:\/\/thecodest.co\/#\/schema\/logo\/image\/","url":"https:\/\/thecodest.co\/app\/uploads\/2024\/03\/thecodest-logo.svg","contentUrl":"https:\/\/thecodest.co\/app\/uploads\/2024\/03\/thecodest-logo.svg","width":144,"height":36,"caption":"The Codest"},"image":{"@id":"https:\/\/thecodest.co\/#\/schema\/logo\/image\/"},"sameAs":["https:\/\/pl.linkedin.com\/company\/codest","https:\/\/clutch.co\/profile\/codest"]}]}},"_links":{"self":[{"href":"https:\/\/thecodest.co\/et\/wp-json\/wp\/v2\/pages\/1023","targetHints":{"allow":["GET"]}}],"collection":[{"href":"https:\/\/thecodest.co\/et\/wp-json\/wp\/v2\/pages"}],"about":[{"href":"https:\/\/thecodest.co\/et\/wp-json\/wp\/v2\/types\/page"}],"author":[{"embeddable":true,"href":"https:\/\/thecodest.co\/et\/wp-json\/wp\/v2\/users\/1"}],"replies":[{"embeddable":true,"href":"https:\/\/thecodest.co\/et\/wp-json\/wp\/v2\/comments?post=1023"}],"version-history":[{"count":19,"href":"https:\/\/thecodest.co\/et\/wp-json\/wp\/v2\/pages\/1023\/revisions"}],"predecessor-version":[{"id":8285,"href":"https:\/\/thecodest.co\/et\/wp-json\/wp\/v2\/pages\/1023\/revisions\/8285"}],"wp:attachment":[{"href":"https:\/\/thecodest.co\/et\/wp-json\/wp\/v2\/media?parent=1023"}],"curies":[{"name":"wp","href":"https:\/\/api.w.org\/{rel}","templated":true}]}}