{"id":901,"date":"2024-03-22T12:44:41","date_gmt":"2024-03-22T12:44:41","guid":{"rendered":"http:\/\/the-codest.localhost\/?page_id=901"},"modified":"2026-04-10T10:17:09","modified_gmt":"2026-04-10T10:17:09","slug":"uber-uns","status":"publish","type":"page","link":"https:\/\/thecodest.co\/de\/about-us\/","title":{"rendered":"\u00dcber uns"},"content":{"rendered":"<section id=\"intro-block_ab2178f3fe5d47d7becfe29028152f08\"\n         class=\"section intro intro--movie no-image-bg intro--normal\"\n  >\n      <div class=\"wrapper\">\n      <div class=\"intro__container\">\n        <h1 class=\"intro__title\">Unsere Geschichte <\/h1>\n        <iframe src=\"https:\/\/www.youtube.com\/embed\/ikMXhIUaCyI\" frameborder=\"0\"\n                class=\"intro__video\"><\/iframe>\n      <\/div>\n    <\/div>\n      <\/section>\n\n\n\n<section id=\"description-block_a3ef9f058ebbb660f8b288679742fe2e\"\n         class=\"section description description--none description--left description--long description--start\">\n  <div class=\"wrapper\">\n    <div class=\"description__container\">\n      <div class=\"description__content\">\n        <h2 class=\"display-lg\">Gr\u00fcndungsteam<\/h2>\n        <div class=\"description__desc\">\n          <p>Urspr\u00fcnglich war Codest ein Teil des Unternehmens AdTaily, wo es f\u00fcr die Entwicklung und Einf\u00fchrung einer bahnbrechenden AdTech-L\u00f6sung Anerkennung fand.<\/p>\n<p>Im Jahr 2009 zog ihr Erfolg die Investition der Agora-Gruppe an, einem der gr\u00f6\u00dften Medienkonzerne in Polen.<\/p>\n<p>Aufbauend auf ihren Erfolgen entwickelten die talentierten Entwickler von Codest eine weitere Adtech-L\u00f6sung namens \"Yieldbird\" - eine Software f\u00fcr programmatische Werbung und Optimierung. Dieses Produkt ist auf dem Weltmarkt sehr erfolgreich und wurde mit dem prestigetr\u00e4chtigen Top25 Deloitte Award ausgezeichnet.<\/p>\n<p>Im Jahr 2020 f\u00fchrten Greg und Jakub als Manager bei Codest einen MBO von der Agora Group durch und gr\u00fcndeten The Codest - ein internationales Softwareentwicklungsunternehmen.<\/p>\n<p>Mit ihrer langj\u00e4hrigen Erfahrung in der Entwicklung erfolgreicher Produkte und digitaler Transformationsprojekte sowie dem Aufbau und der Leitung eines Teams von erstklassigen Entwicklern verf\u00fcgen die Gr\u00fcnder von Codest \u00fcber unsch\u00e4tzbare Einblicke in die Herausforderungen der Produktentwicklung.<\/p>\n<p><span style=\"font-weight: 400;\">Im Laufe der Jahre haben sie sich in verschiedenen Branchen wie E-Commerce, Fintech\/Banken, Logistik und mehr ein umfassendes Fachwissen angeeignet und \u00fcber 150 Projekte abgeschlossen.<\/span><span style=\"font-weight: 400;\">.\u00a0<\/span><\/p>\n<p>Dank dieses Know-hows k\u00f6nnen sie ihren Kunden wertvolle Ratschl\u00e4ge geben, die ihnen helfen, kritische Fehler zu vermeiden und ihre Unternehmungen zu optimieren.<\/p>\n<p>Lassen Sie uns dar\u00fcber sprechen, wie unser Team Ihre IT-Bereitstellung verbessern oder Sie bei der Entwicklung wirkungsvoller digitaler Produkte unterst\u00fctzen kann.<\/p>\n        <\/div>\n              <\/div>\n      <div class=\"description__image vertical start\">\n                  <img \n    src=\"https:\/\/thecodest.co\/app\/uploads\/2024\/04\/foto-4_3.png\" \n    width=\"380\" \n    height=\"460\" \n    srcset=\"https:\/\/thecodest.co\/app\/uploads\/2024\/04\/foto-4_3.png 300w, https:\/\/thecodest.co\/app\/uploads\/2024\/04\/foto-4_3-225x300.png 225w, https:\/\/thecodest.co\/app\/uploads\/2024\/04\/foto-4_3-9x12.png 9w, https:\/\/thecodest.co\/app\/uploads\/2024\/04\/foto-4_3-18x24.png 18w\" sizes=\"auto, (min-width: 1024px) 460px, 100vw\"\n    decoding=\"async\"\n    loading=\"lazy\"\n    alt=\"Der Codest\"\n    >              <\/div>\n    <\/div>\n  <\/div>\n      <lottie-player\n        data-src=\"https:\/\/assets10.lottiefiles.com\/private_files\/lf30_anpknwfr.json\"\n        :speed=\"1\"\n        loop\n autoplay\n class=\"lottie-box\"\n    ><\/lottie-player>\n  <\/section>\n\n\n\n<section id=\"numbers-block_1715e7cdb5fba902965d2078f8657e83\" class=\"section numbers\">\n  <div class=\"wrapper\">\n    <div class=\"numbers__container numbers__left\">\n      <numbers :index=\"1\"><\/numbers>\n    <\/div>\n  <\/div>\n<\/section>\n\n\n\n<section id=\"tiles-block_09f5c4deb81382d14f238e92ca671eb5\"\n         class=\"section tiles tiles--white\">\n  <div class=\"wrapper\">\n    <div class=\"tiles__container\">\n              <h2 class=\"tiles__head display-lg weight-bold\">\n          Frontend-Entwicklung mit The Codest        <\/h2>\n                  <div class=\"tiles__content\">\n                  <div class=\"tiles__item\">\n            <img decoding=\"async\" src=\"https:\/\/thecodest.co\/app\/themes\/the-codest\/images\/icon-check2.svg\">\n            <h3 class=\"head display-sm weight-bold\">Partnerschaft<\/h3>\n            <p class=\"desc text-md\">\n              Als Unternehmen mit produktbasierter DNA kennen wir die heutigen technologischen Herausforderungen vieler Unternehmen. Hier ist unser Marktvorteil und Kernbereich, f\u00fcr den wir uns f\u00fcr Ihr Unternehmen einsetzen.            <\/p>\n          <\/div>\n                  <div class=\"tiles__item\">\n            <img decoding=\"async\" src=\"https:\/\/thecodest.co\/app\/themes\/the-codest\/images\/icon-check2.svg\">\n            <h3 class=\"head display-sm weight-bold\">Einbindung<\/h3>\n            <p class=\"desc text-md\">\n              Als The Codest beraten wir den Kunden proaktiv mit unserer Arbeitskultur und bew\u00e4hrten Methoden, schlagen die besten L\u00f6sungen vor und ergreifen die Initiative.            <\/p>\n          <\/div>\n                  <div class=\"tiles__item\">\n            <img decoding=\"async\" src=\"https:\/\/thecodest.co\/app\/themes\/the-codest\/images\/icon-check2.svg\">\n            <h3 class=\"head display-sm weight-bold\">Kontinuierliche Verbesserung<\/h3>\n            <p class=\"desc text-md\">\n              Wir erweitern st\u00e4ndig unsere F\u00e4higkeiten und tauschen unser Fachwissen innerhalb unseres Teams und mit unseren Kunden aus, um die t\u00e4gliche Arbeitsproduktivit\u00e4t unserer Partner durch verfeinerte Methoden der Zusammenarbeit zu steigern.            <\/p>\n          <\/div>\n                  <div class=\"tiles__item\">\n            <img decoding=\"async\" src=\"https:\/\/thecodest.co\/app\/themes\/the-codest\/images\/icon-check2.svg\">\n            <h3 class=\"head display-sm weight-bold\">Leidenschaft<\/h3>\n            <p class=\"desc text-md\">\n              Wir manifestieren unsere Leidenschaft f\u00fcr das Programmieren, indem wir Code von h\u00f6chster Qualit\u00e4t erstellen. Die Codest-Crew besteht aus Menschen, die ihre Arbeit einfach m\u00f6gen.            <\/p>\n          <\/div>\n              <\/div>\n    <\/div>\n  <\/div>\n<\/section>\n\n\n\n<section id=\"circles-block_9abf204a9844d8b429c7f54e74c2c1cb\" class=\"section circles\">\n  <div class=\"wrapper\">\n    <div class=\"circles__container\">\n      <div class=\"circles__head\">\n        <h2 class=\"head display-lg weight-bold\">Fachgebiete<\/h2>\n        <div class=\"desc\"><\/div>\n      <\/div>\n\n      <div class=\"circles__content\">\n        <div class=\"circles__technologies\">\n                                    <div class=\"technologies__item\">\n                <div class=\"technologies__content\">\n                  <img \n    src=\"https:\/\/thecodest.co\/app\/uploads\/2024\/04\/react-expertise.svg\" \n    width=\"54\" \n    height=\"54\" \n    srcset=\"\"\n    decoding=\"async\"\n    loading=\"lazy\"\n    alt=\"Der Codest\"\n    >                <\/div>\n                <div id=\"curved-corner-bottomleft\"><\/div>\n                <div id=\"curved-corner-bottomright\"><\/div>\n                <div id=\"curved-corner-topleft\"><\/div>\n                <div id=\"curved-corner-topright\"><\/div>\n              <\/div>\n                                                <div class=\"technologies__item\">\n                <div class=\"technologies__content\">\n                  <img \n    src=\"https:\/\/thecodest.co\/app\/uploads\/2024\/04\/ruby-expertise.svg\" \n    width=\"54\" \n    height=\"54\" \n    srcset=\"\"\n    decoding=\"async\"\n    loading=\"lazy\"\n    alt=\"Der Codest\"\n    >                <\/div>\n                <div id=\"curved-corner-bottomleft\"><\/div>\n                <div id=\"curved-corner-bottomright\"><\/div>\n                <div id=\"curved-corner-topleft\"><\/div>\n                <div id=\"curved-corner-topright\"><\/div>\n              <\/div>\n                                                <div class=\"technologies__item\">\n                <div class=\"technologies__content\">\n                  <img \n    src=\"https:\/\/thecodest.co\/app\/uploads\/2024\/04\/typescript-expertise.svg\" \n    width=\"54\" \n    height=\"54\" \n    srcset=\"\"\n    decoding=\"async\"\n    loading=\"lazy\"\n    alt=\"Der Codest\"\n    >                <\/div>\n                <div id=\"curved-corner-bottomleft\"><\/div>\n                <div id=\"curved-corner-bottomright\"><\/div>\n                <div id=\"curved-corner-topleft\"><\/div>\n                <div id=\"curved-corner-topright\"><\/div>\n              <\/div>\n                                                <div class=\"technologies__item\">\n                <div class=\"technologies__content\">\n                  <img \n    src=\"https:\/\/thecodest.co\/app\/uploads\/2024\/04\/vue-expertise.svg\" \n    width=\"54\" \n    height=\"54\" \n    srcset=\"\"\n    decoding=\"async\"\n    loading=\"lazy\"\n    alt=\"Der Codest\"\n    >                <\/div>\n                <div id=\"curved-corner-bottomleft\"><\/div>\n                <div id=\"curved-corner-bottomright\"><\/div>\n                <div id=\"curved-corner-topleft\"><\/div>\n                <div id=\"curved-corner-topright\"><\/div>\n              <\/div>\n                                                <div class=\"technologies__item\">\n                <div class=\"technologies__content\">\n                  <img \n    src=\"https:\/\/thecodest.co\/app\/uploads\/2024\/04\/python-expertise.svg\" \n    width=\"54\" \n    height=\"54\" \n    srcset=\"\"\n    decoding=\"async\"\n    loading=\"lazy\"\n    alt=\"Der Codest\"\n    >                <\/div>\n                <div id=\"curved-corner-bottomleft\"><\/div>\n                <div id=\"curved-corner-bottomright\"><\/div>\n                <div id=\"curved-corner-topleft\"><\/div>\n                <div id=\"curved-corner-topright\"><\/div>\n              <\/div>\n                                                <div class=\"technologies__item\">\n                <div class=\"technologies__content\">\n                  <img \n    src=\"https:\/\/thecodest.co\/app\/uploads\/2024\/04\/php-expertise.svg\" \n    width=\"54\" \n    height=\"54\" \n    srcset=\"\"\n    decoding=\"async\"\n    loading=\"lazy\"\n    alt=\"Der Codest\"\n    >                <\/div>\n                <div id=\"curved-corner-bottomleft\"><\/div>\n                <div id=\"curved-corner-bottomright\"><\/div>\n                <div id=\"curved-corner-topleft\"><\/div>\n                <div id=\"curved-corner-topright\"><\/div>\n              <\/div>\n                                                <div class=\"technologies__item\">\n                <div class=\"technologies__content\">\n                  <img \n    src=\"https:\/\/thecodest.co\/app\/uploads\/2024\/04\/java-expertise.svg\" \n    width=\"54\" \n    height=\"54\" \n    srcset=\"\"\n    decoding=\"async\"\n    loading=\"lazy\"\n    alt=\"Der Codest\"\n    >                <\/div>\n                <div id=\"curved-corner-bottomleft\"><\/div>\n                <div id=\"curved-corner-bottomright\"><\/div>\n                <div id=\"curved-corner-topleft\"><\/div>\n                <div id=\"curved-corner-topright\"><\/div>\n              <\/div>\n                              <\/div>\n      <\/div>\n    <\/div>\n  <\/div>\n<\/section>\n\n\n\n<section id=\"description-block_63ecbf8f4a7a687afce783d7413ab9f0\"\n         class=\"section description description--light description--right description--short description--start\">\n  <div class=\"wrapper\">\n    <div class=\"description__container\">\n      <div class=\"description__content\">\n        <h2 class=\"display-lg\">Unsere Kultur ist auf talentierte IT-Fachleute ausgerichtet<\/h2>\n        <div class=\"description__desc\">\n          <p>Bei The Codest wollen wir ein aufgeschlossenes und ehrgeiziges Umfeld schaffen, in dem jeder Mitarbeiter wachsen kann.<\/p>\n        <\/div>\n                              <a href=\"https:\/\/thecodest.co\/de\/our-team\/\" class=\"description__button\">\n              Treffen Sie unser Team            <\/a>\n                        <\/div>\n      <div class=\"description__image horizontal start\">\n                  <img \n    src=\"https:\/\/thecodest.co\/app\/uploads\/2024\/04\/v8a6125-1-.jpg\" \n    width=\"520\" \n    height=\"345\" \n    srcset=\"https:\/\/thecodest.co\/app\/uploads\/2024\/04\/v8a6125-1-.jpg 2000w, https:\/\/thecodest.co\/app\/uploads\/2024\/04\/v8a6125-1--300x200.jpg 300w, https:\/\/thecodest.co\/app\/uploads\/2024\/04\/v8a6125-1--1024x682.jpg 1024w, https:\/\/thecodest.co\/app\/uploads\/2024\/04\/v8a6125-1--768x512.jpg 768w, https:\/\/thecodest.co\/app\/uploads\/2024\/04\/v8a6125-1--1536x1024.jpg 1536w, https:\/\/thecodest.co\/app\/uploads\/2024\/04\/v8a6125-1--18x12.jpg 18w, https:\/\/thecodest.co\/app\/uploads\/2024\/04\/v8a6125-1--36x24.jpg 36w\" sizes=\"auto, (min-width: 1024px) 520px, 100vw\"\n    decoding=\"async\"\n    loading=\"lazy\"\n    alt=\"Der Codest\"\n    >              <\/div>\n    <\/div>\n  <\/div>\n  <\/section>\n\n\n\n<section id=\"content-box-block_d5284c49740c79ed50954003c1b78f4d\" class=\"section content-box\">\n  <div class=\"wrapper\">\n    <div class=\"content-box__container\">\n              <div class=\"content-box__head\">\n                      <h2 class=\"head display-lg weight-bold\">\n              Der Codest beteiligt sich an Projekten in der ganzen Welt            <\/h2>\n                                <p>W\u00e4hrend unserer \u00fcber 15-j\u00e4hrigen T\u00e4tigkeit in der Branche konnten wir mit zahlreichen Partnern aus der ganzen Welt zusammenarbeiten. Wir haben mit Partnern aus mehr als 15 L\u00e4ndern zusammengearbeitet und erstklassige digitale Produkte entwickelt, um das Wachstum unserer Kunden zu unterst\u00fctzen.<\/p>\n                  <\/div>\n      \n              <div class=\"content-box__content\">\n                      <img \n    src=\"https:\/\/thecodest.co\/app\/uploads\/2024\/04\/map-about-us.svg\" \n    width=\"1024\" \n    height=\"504\" \n    srcset=\"\"\n    decoding=\"async\"\n    loading=\"lazy\"\n    alt=\"Der Codest\"\n    >                                <a href=\"https:\/\/thecodest.co\/case-studies\/\" class=\"button button--primary button--inverted\">\n              <span class=\"button__content\">Entdecken Sie unsere F\u00e4lle<\/span>\n            <\/a>\n                  <\/div>\n          <\/div>\n  <\/div>\n<\/section>\n\n\n\n<section id=\"banner-block_7185d58f2dd9735849764dfeec48bbc2\" class=\"section banner banner--default\">\n  <lottie-player\n      data-src=\"https:\/\/assets5.lottiefiles.com\/private_files\/lf30_oesx2rbi.json\"\n      background-color=\"transparent\"\n      :speed=\"1\"\n      loop\n autoplay\n class=\"lottie-box lottie-box--one\"\n  ><\/lottie-player>\n  <div class=\"wrapper\">\n    <div class=\"banner__container\">\n      <div class=\"banner__content\">\n                  <h2 class=\"display-xl\">Lassen Sie uns \u00fcber Ihre Idee sprechen<\/h2>\n                                  <a href=\"https:\/\/thecodest.co\/de\/contact\/\" class=\"button button--primary\">\n            <span class=\"button__content\">Kontakt<\/span>\n          <\/a>\n              <\/div>\n    <\/div>\n  <\/div>\n  <lottie-player\n      data-src=\"https:\/\/assets10.lottiefiles.com\/private_files\/lf30_eymwl02x.json\"\n      :speed=\"1\"\n      loop\n autoplay\n class=\"lottie-box lottie-box--two\"\n  ><\/lottie-player>\n<\/section>","protected":false},"excerpt":{"rendered":"","protected":false},"author":1,"featured_media":0,"parent":0,"menu_order":0,"comment_status":"closed","ping_status":"closed","template":"","meta":{"_acf_changed":false,"inline_featured_image":false,"footnotes":""},"class_list":["post-901","page","type-page","status-publish","hentry"],"acf":[],"yoast_head":"<!-- This site is optimized with the Yoast SEO Premium plugin v27.3 (Yoast SEO v27.3) - https:\/\/yoast.com\/product\/yoast-seo-premium-wordpress\/ -->\n<title>About us - The Codest<\/title>\n<meta name=\"description\" content=\"Meet The Codest, an international tech software company helping businesses grow with experienced developers, scalable teams, and strong product development expertise.\" \/>\n<meta name=\"robots\" content=\"index, follow, max-snippet:-1, max-image-preview:large, max-video-preview:-1\" \/>\n<link rel=\"canonical\" href=\"https:\/\/thecodest.co\/de\/uber-uns\/\" \/>\n<meta property=\"og:locale\" content=\"de_DE\" \/>\n<meta property=\"og:type\" content=\"article\" \/>\n<meta property=\"og:title\" content=\"About us\" \/>\n<meta property=\"og:description\" content=\"Meet The Codest, an international tech software company helping businesses grow with experienced developers, scalable teams, and strong product development expertise.\" \/>\n<meta property=\"og:url\" content=\"https:\/\/thecodest.co\/de\/uber-uns\/\" \/>\n<meta property=\"og:site_name\" content=\"The Codest\" \/>\n<meta property=\"article:modified_time\" content=\"2026-04-10T10:17:09+00:00\" \/>\n<meta property=\"og:image\" content=\"https:\/\/thecodest.co\/app\/uploads\/2024\/06\/cover-image.png\" \/>\n\t<meta property=\"og:image:width\" content=\"1200\" \/>\n\t<meta property=\"og:image:height\" content=\"675\" \/>\n\t<meta property=\"og:image:type\" content=\"image\/png\" \/>\n<meta name=\"twitter:card\" content=\"summary_large_image\" \/>\n<script type=\"application\/ld+json\" class=\"yoast-schema-graph\">{\"@context\":\"https:\\\/\\\/schema.org\",\"@graph\":[{\"@type\":\"WebPage\",\"@id\":\"https:\\\/\\\/thecodest.co\\\/about-us\\\/\",\"url\":\"https:\\\/\\\/thecodest.co\\\/about-us\\\/\",\"name\":\"About us - The Codest\",\"isPartOf\":{\"@id\":\"https:\\\/\\\/thecodest.co\\\/#website\"},\"datePublished\":\"2024-03-22T12:44:41+00:00\",\"dateModified\":\"2026-04-10T10:17:09+00:00\",\"description\":\"Meet The Codest, an international tech software company helping businesses grow with experienced developers, scalable teams, and strong product development expertise.\",\"breadcrumb\":{\"@id\":\"https:\\\/\\\/thecodest.co\\\/about-us\\\/#breadcrumb\"},\"inLanguage\":\"de-DE\",\"potentialAction\":[{\"@type\":\"ReadAction\",\"target\":[\"https:\\\/\\\/thecodest.co\\\/about-us\\\/\"]}]},{\"@type\":\"BreadcrumbList\",\"@id\":\"https:\\\/\\\/thecodest.co\\\/about-us\\\/#breadcrumb\",\"itemListElement\":[{\"@type\":\"ListItem\",\"position\":1,\"name\":\"Home\",\"item\":\"https:\\\/\\\/thecodest.co\\\/\"},{\"@type\":\"ListItem\",\"position\":2,\"name\":\"About us\"}]},{\"@type\":\"WebSite\",\"@id\":\"https:\\\/\\\/thecodest.co\\\/#website\",\"url\":\"https:\\\/\\\/thecodest.co\\\/\",\"name\":\"The Codest\",\"description\":\"\",\"publisher\":{\"@id\":\"https:\\\/\\\/thecodest.co\\\/#organization\"},\"potentialAction\":[{\"@type\":\"SearchAction\",\"target\":{\"@type\":\"EntryPoint\",\"urlTemplate\":\"https:\\\/\\\/thecodest.co\\\/?s={search_term_string}\"},\"query-input\":{\"@type\":\"PropertyValueSpecification\",\"valueRequired\":true,\"valueName\":\"search_term_string\"}}],\"inLanguage\":\"de-DE\"},{\"@type\":\"Organization\",\"@id\":\"https:\\\/\\\/thecodest.co\\\/#organization\",\"name\":\"The Codest\",\"url\":\"https:\\\/\\\/thecodest.co\\\/\",\"logo\":{\"@type\":\"ImageObject\",\"inLanguage\":\"de-DE\",\"@id\":\"https:\\\/\\\/thecodest.co\\\/#\\\/schema\\\/logo\\\/image\\\/\",\"url\":\"https:\\\/\\\/thecodest.co\\\/app\\\/uploads\\\/2024\\\/03\\\/thecodest-logo.svg\",\"contentUrl\":\"https:\\\/\\\/thecodest.co\\\/app\\\/uploads\\\/2024\\\/03\\\/thecodest-logo.svg\",\"width\":144,\"height\":36,\"caption\":\"The Codest\"},\"image\":{\"@id\":\"https:\\\/\\\/thecodest.co\\\/#\\\/schema\\\/logo\\\/image\\\/\"},\"sameAs\":[\"https:\\\/\\\/pl.linkedin.com\\\/company\\\/codest\",\"https:\\\/\\\/clutch.co\\\/profile\\\/codest\"]}]}<\/script>\n<!-- \/ Yoast SEO Premium plugin. -->","yoast_head_json":{"title":"\u00dcber uns - The Codest","description":"Lernen Sie The Codest kennen, ein internationales Unternehmen f\u00fcr technische Software, das Unternehmen mit erfahrenen Entwicklern, skalierbaren Teams und starker Produktentwicklungskompetenz beim Wachstum unterst\u00fctzt.","robots":{"index":"index","follow":"follow","max-snippet":"max-snippet:-1","max-image-preview":"max-image-preview:large","max-video-preview":"max-video-preview:-1"},"canonical":"https:\/\/thecodest.co\/de\/uber-uns\/","og_locale":"de_DE","og_type":"article","og_title":"About us","og_description":"Meet The Codest, an international tech software company helping businesses grow with experienced developers, scalable teams, and strong product development expertise.","og_url":"https:\/\/thecodest.co\/de\/uber-uns\/","og_site_name":"The Codest","article_modified_time":"2026-04-10T10:17:09+00:00","og_image":[{"width":1200,"height":675,"url":"https:\/\/thecodest.co\/app\/uploads\/2024\/06\/cover-image.png","type":"image\/png"}],"twitter_card":"summary_large_image","schema":{"@context":"https:\/\/schema.org","@graph":[{"@type":"WebPage","@id":"https:\/\/thecodest.co\/about-us\/","url":"https:\/\/thecodest.co\/about-us\/","name":"\u00dcber uns - The Codest","isPartOf":{"@id":"https:\/\/thecodest.co\/#website"},"datePublished":"2024-03-22T12:44:41+00:00","dateModified":"2026-04-10T10:17:09+00:00","description":"Lernen Sie The Codest kennen, ein internationales Unternehmen f\u00fcr technische Software, das Unternehmen mit erfahrenen Entwicklern, skalierbaren Teams und starker Produktentwicklungskompetenz beim Wachstum unterst\u00fctzt.","breadcrumb":{"@id":"https:\/\/thecodest.co\/about-us\/#breadcrumb"},"inLanguage":"de-DE","potentialAction":[{"@type":"ReadAction","target":["https:\/\/thecodest.co\/about-us\/"]}]},{"@type":"BreadcrumbList","@id":"https:\/\/thecodest.co\/about-us\/#breadcrumb","itemListElement":[{"@type":"ListItem","position":1,"name":"Home","item":"https:\/\/thecodest.co\/"},{"@type":"ListItem","position":2,"name":"About us"}]},{"@type":"WebSite","@id":"https:\/\/thecodest.co\/#website","url":"https:\/\/thecodest.co\/","name":"Der Codest","description":"","publisher":{"@id":"https:\/\/thecodest.co\/#organization"},"potentialAction":[{"@type":"SearchAction","target":{"@type":"EntryPoint","urlTemplate":"https:\/\/thecodest.co\/?s={search_term_string}"},"query-input":{"@type":"PropertyValueSpecification","valueRequired":true,"valueName":"search_term_string"}}],"inLanguage":"de-DE"},{"@type":"Organization","@id":"https:\/\/thecodest.co\/#organization","name":"Der Codest","url":"https:\/\/thecodest.co\/","logo":{"@type":"ImageObject","inLanguage":"de-DE","@id":"https:\/\/thecodest.co\/#\/schema\/logo\/image\/","url":"https:\/\/thecodest.co\/app\/uploads\/2024\/03\/thecodest-logo.svg","contentUrl":"https:\/\/thecodest.co\/app\/uploads\/2024\/03\/thecodest-logo.svg","width":144,"height":36,"caption":"The Codest"},"image":{"@id":"https:\/\/thecodest.co\/#\/schema\/logo\/image\/"},"sameAs":["https:\/\/pl.linkedin.com\/company\/codest","https:\/\/clutch.co\/profile\/codest"]}]}},"_links":{"self":[{"href":"https:\/\/thecodest.co\/de\/wp-json\/wp\/v2\/pages\/901","targetHints":{"allow":["GET"]}}],"collection":[{"href":"https:\/\/thecodest.co\/de\/wp-json\/wp\/v2\/pages"}],"about":[{"href":"https:\/\/thecodest.co\/de\/wp-json\/wp\/v2\/types\/page"}],"author":[{"embeddable":true,"href":"https:\/\/thecodest.co\/de\/wp-json\/wp\/v2\/users\/1"}],"replies":[{"embeddable":true,"href":"https:\/\/thecodest.co\/de\/wp-json\/wp\/v2\/comments?post=901"}],"version-history":[{"count":98,"href":"https:\/\/thecodest.co\/de\/wp-json\/wp\/v2\/pages\/901\/revisions"}],"predecessor-version":[{"id":11095,"href":"https:\/\/thecodest.co\/de\/wp-json\/wp\/v2\/pages\/901\/revisions\/11095"}],"wp:attachment":[{"href":"https:\/\/thecodest.co\/de\/wp-json\/wp\/v2\/media?parent=901"}],"curies":[{"name":"wp","href":"https:\/\/api.w.org\/{rel}","templated":true}]}}