{"id":901,"date":"2024-03-22T12:44:41","date_gmt":"2024-03-22T12:44:41","guid":{"rendered":"http:\/\/the-codest.localhost\/?page_id=901"},"modified":"2026-04-10T10:17:09","modified_gmt":"2026-04-10T10:17:09","slug":"om-os","status":"publish","type":"page","link":"https:\/\/thecodest.co\/da\/about-us\/","title":{"rendered":"Om os"},"content":{"rendered":"<section id=\"intro-block_ab2178f3fe5d47d7becfe29028152f08\"\n         class=\"section intro intro--movie no-image-bg intro--normal\"\n  >\n      <div class=\"wrapper\">\n      <div class=\"intro__container\">\n        <h1 class=\"intro__title\">Vores historie <\/h1>\n        <iframe src=\"https:\/\/www.youtube.com\/embed\/ikMXhIUaCyI\" frameborder=\"0\"\n                class=\"intro__video\"><\/iframe>\n      <\/div>\n    <\/div>\n      <\/section>\n\n\n\n<section id=\"description-block_a3ef9f058ebbb660f8b288679742fe2e\"\n         class=\"section description description--none description--left description--long description--start\">\n  <div class=\"wrapper\">\n    <div class=\"description__container\">\n      <div class=\"description__content\">\n        <h2 class=\"display-lg\">Det stiftende team<\/h2>\n        <div class=\"description__desc\">\n          <p>Oprindeligt var Codest en del af virksomheden AdTaily, hvor det blev anerkendt for at udvikle og lancere en banebrydende AdTech-l\u00f8sning.<\/p>\n<p>I 2009 tiltrak deres succes investeringer fra Agora Group - en af de st\u00f8rste mediekoncerner i Polen.<\/p>\n<p>P\u00e5 baggrund af deres resultater fortsatte de talentfulde udviklere hos Codest med at skabe en anden Adtech-l\u00f8sning kaldet \"Yieldbird\" - programmatisk reklame- og optimeringssoftware. Dette produkt har oplevet betydelig succes p\u00e5 det globale marked og blev h\u00e6dret som vinder af den prestigefyldte Top25 Deloitte-pris.<\/p>\n<p>I 2020 gennemf\u00f8rte Greg og Jakub som ledere af Codest en MBO fra Agora Group og skabte The Codest - en international softwareudviklingsvirksomhed.<\/p>\n<p>Med deres omfattende erfaring med at opbygge succesfulde produkter, digitale transformationsprojekter og med at skabe og lede et team af f\u00f8rsteklasses udviklere har Codest-stifterne en uvurderlig indsigt i de udfordringer, der ligger i produktudvikling.<\/p>\n<p><span style=\"font-weight: 400;\">I \u00e5renes l\u00f8b har de opn\u00e5et dyb ekspertise p\u00e5 tv\u00e6rs af forskellige brancher, herunder e-handel, fintech\/bank, logistik og meget mere, og de har gennemf\u00f8rt over 150 projekter.<\/span><span style=\"font-weight: 400;\">.\u00a0<\/span><\/p>\n<p>Denne knowhow giver dem mulighed for at give v\u00e6rdifuld r\u00e5dgivning til deres kunder og hj\u00e6lpe dem med at undg\u00e5 kritiske fejl og optimere deres projekter.<\/p>\n<p>Lad os tale om, hvordan vores team kan styrke din it-leverance eller hj\u00e6lpe dig med at opbygge effektive digitale produkter.<\/p>\n        <\/div>\n              <\/div>\n      <div class=\"description__image vertical start\">\n                  <img \n    src=\"https:\/\/thecodest.co\/app\/uploads\/2024\/04\/foto-4_3.png\" \n    width=\"380\" \n    height=\"460\" \n    srcset=\"https:\/\/thecodest.co\/app\/uploads\/2024\/04\/foto-4_3.png 300w, https:\/\/thecodest.co\/app\/uploads\/2024\/04\/foto-4_3-225x300.png 225w, https:\/\/thecodest.co\/app\/uploads\/2024\/04\/foto-4_3-9x12.png 9w, https:\/\/thecodest.co\/app\/uploads\/2024\/04\/foto-4_3-18x24.png 18w\" sizes=\"auto, (min-width: 1024px) 460px, 100vw\"\n    decoding=\"async\"\n    loading=\"lazy\"\n    alt=\"Codest\"\n    >              <\/div>\n    <\/div>\n  <\/div>\n      <lottie-player\n        data-src=\"https:\/\/assets10.lottiefiles.com\/private_files\/lf30_anpknwfr.json\"\n        :speed=\"1\"\n        loop\n autoplay\n class=\"lottie-box\"\n    ><\/lottie-player>\n  <\/section>\n\n\n\n<section id=\"numbers-block_1715e7cdb5fba902965d2078f8657e83\" class=\"section numbers\">\n  <div class=\"wrapper\">\n    <div class=\"numbers__container numbers__left\">\n      <numbers :index=\"1\"><\/numbers>\n    <\/div>\n  <\/div>\n<\/section>\n\n\n\n<section id=\"tiles-block_09f5c4deb81382d14f238e92ca671eb5\"\n         class=\"section tiles tiles--white\">\n  <div class=\"wrapper\">\n    <div class=\"tiles__container\">\n              <h2 class=\"tiles__head display-lg weight-bold\">\n          Frontend-udvikling med The Codest        <\/h2>\n                  <div class=\"tiles__content\">\n                  <div class=\"tiles__item\">\n            <img decoding=\"async\" src=\"https:\/\/thecodest.co\/app\/themes\/the-codest\/images\/icon-check2.svg\">\n            <h3 class=\"head display-sm weight-bold\">Partnerskab<\/h3>\n            <p class=\"desc text-md\">\n              Som en virksomhed med produktbaseret DNA kender vi mange virksomheders teknologiske udfordringer i dag. Her er vores markedsfordel og kerneomr\u00e5de for din virksomhed.            <\/p>\n          <\/div>\n                  <div class=\"tiles__item\">\n            <img decoding=\"async\" src=\"https:\/\/thecodest.co\/app\/themes\/the-codest\/images\/icon-check2.svg\">\n            <h3 class=\"head display-sm weight-bold\">Inddragelse<\/h3>\n            <p class=\"desc text-md\">\n              Som The Codest r\u00e5dgiver vi proaktivt kunden ved at bruge vores arbejdskultur og gennempr\u00f8vede metoder, foresl\u00e5 de bedste l\u00f8sninger og tage initiativet.            <\/p>\n          <\/div>\n                  <div class=\"tiles__item\">\n            <img decoding=\"async\" src=\"https:\/\/thecodest.co\/app\/themes\/the-codest\/images\/icon-check2.svg\">\n            <h3 class=\"head display-sm weight-bold\">Kontinuerlig forbedring<\/h3>\n            <p class=\"desc text-md\">\n              Vi forbedrer l\u00f8bende vores f\u00e6rdigheder og deler ekspertise inden for vores team og med vores kunder med det form\u00e5l at \u00f8ge vores partneres daglige arbejdsproduktivitet gennem raffinerede samarbejdsmetoder.            <\/p>\n          <\/div>\n                  <div class=\"tiles__item\">\n            <img decoding=\"async\" src=\"https:\/\/thecodest.co\/app\/themes\/the-codest\/images\/icon-check2.svg\">\n            <h3 class=\"head display-sm weight-bold\">Lidenskab<\/h3>\n            <p class=\"desc text-md\">\n              Vi manifesterer vores passion for programmering ved at skabe kode af h\u00f8jeste kvalitet. Codest-crewet er bygget af mennesker, der simpelthen kan lide deres arbejde.            <\/p>\n          <\/div>\n              <\/div>\n    <\/div>\n  <\/div>\n<\/section>\n\n\n\n<section id=\"circles-block_9abf204a9844d8b429c7f54e74c2c1cb\" class=\"section circles\">\n  <div class=\"wrapper\">\n    <div class=\"circles__container\">\n      <div class=\"circles__head\">\n        <h2 class=\"head display-lg weight-bold\">Omr\u00e5der med ekspertise<\/h2>\n        <div class=\"desc\"><\/div>\n      <\/div>\n\n      <div class=\"circles__content\">\n        <div class=\"circles__technologies\">\n                                    <div class=\"technologies__item\">\n                <div class=\"technologies__content\">\n                  <img \n    src=\"https:\/\/thecodest.co\/app\/uploads\/2024\/04\/react-expertise.svg\" \n    width=\"54\" \n    height=\"54\" \n    srcset=\"\"\n    decoding=\"async\"\n    loading=\"lazy\"\n    alt=\"Codest\"\n    >                <\/div>\n                <div id=\"curved-corner-bottomleft\"><\/div>\n                <div id=\"curved-corner-bottomright\"><\/div>\n                <div id=\"curved-corner-topleft\"><\/div>\n                <div id=\"curved-corner-topright\"><\/div>\n              <\/div>\n                                                <div class=\"technologies__item\">\n                <div class=\"technologies__content\">\n                  <img \n    src=\"https:\/\/thecodest.co\/app\/uploads\/2024\/04\/ruby-expertise.svg\" \n    width=\"54\" \n    height=\"54\" \n    srcset=\"\"\n    decoding=\"async\"\n    loading=\"lazy\"\n    alt=\"Codest\"\n    >                <\/div>\n                <div id=\"curved-corner-bottomleft\"><\/div>\n                <div id=\"curved-corner-bottomright\"><\/div>\n                <div id=\"curved-corner-topleft\"><\/div>\n                <div id=\"curved-corner-topright\"><\/div>\n              <\/div>\n                                                <div class=\"technologies__item\">\n                <div class=\"technologies__content\">\n                  <img \n    src=\"https:\/\/thecodest.co\/app\/uploads\/2024\/04\/typescript-expertise.svg\" \n    width=\"54\" \n    height=\"54\" \n    srcset=\"\"\n    decoding=\"async\"\n    loading=\"lazy\"\n    alt=\"Codest\"\n    >                <\/div>\n                <div id=\"curved-corner-bottomleft\"><\/div>\n                <div id=\"curved-corner-bottomright\"><\/div>\n                <div id=\"curved-corner-topleft\"><\/div>\n                <div id=\"curved-corner-topright\"><\/div>\n              <\/div>\n                                                <div class=\"technologies__item\">\n                <div class=\"technologies__content\">\n                  <img \n    src=\"https:\/\/thecodest.co\/app\/uploads\/2024\/04\/vue-expertise.svg\" \n    width=\"54\" \n    height=\"54\" \n    srcset=\"\"\n    decoding=\"async\"\n    loading=\"lazy\"\n    alt=\"Codest\"\n    >                <\/div>\n                <div id=\"curved-corner-bottomleft\"><\/div>\n                <div id=\"curved-corner-bottomright\"><\/div>\n                <div id=\"curved-corner-topleft\"><\/div>\n                <div id=\"curved-corner-topright\"><\/div>\n              <\/div>\n                                                <div class=\"technologies__item\">\n                <div class=\"technologies__content\">\n                  <img \n    src=\"https:\/\/thecodest.co\/app\/uploads\/2024\/04\/python-expertise.svg\" \n    width=\"54\" \n    height=\"54\" \n    srcset=\"\"\n    decoding=\"async\"\n    loading=\"lazy\"\n    alt=\"Codest\"\n    >                <\/div>\n                <div id=\"curved-corner-bottomleft\"><\/div>\n                <div id=\"curved-corner-bottomright\"><\/div>\n                <div id=\"curved-corner-topleft\"><\/div>\n                <div id=\"curved-corner-topright\"><\/div>\n              <\/div>\n                                                <div class=\"technologies__item\">\n                <div class=\"technologies__content\">\n                  <img \n    src=\"https:\/\/thecodest.co\/app\/uploads\/2024\/04\/php-expertise.svg\" \n    width=\"54\" \n    height=\"54\" \n    srcset=\"\"\n    decoding=\"async\"\n    loading=\"lazy\"\n    alt=\"Codest\"\n    >                <\/div>\n                <div id=\"curved-corner-bottomleft\"><\/div>\n                <div id=\"curved-corner-bottomright\"><\/div>\n                <div id=\"curved-corner-topleft\"><\/div>\n                <div id=\"curved-corner-topright\"><\/div>\n              <\/div>\n                                                <div class=\"technologies__item\">\n                <div class=\"technologies__content\">\n                  <img \n    src=\"https:\/\/thecodest.co\/app\/uploads\/2024\/04\/java-expertise.svg\" \n    width=\"54\" \n    height=\"54\" \n    srcset=\"\"\n    decoding=\"async\"\n    loading=\"lazy\"\n    alt=\"Codest\"\n    >                <\/div>\n                <div id=\"curved-corner-bottomleft\"><\/div>\n                <div id=\"curved-corner-bottomright\"><\/div>\n                <div id=\"curved-corner-topleft\"><\/div>\n                <div id=\"curved-corner-topright\"><\/div>\n              <\/div>\n                              <\/div>\n      <\/div>\n    <\/div>\n  <\/div>\n<\/section>\n\n\n\n<section id=\"description-block_63ecbf8f4a7a687afce783d7413ab9f0\"\n         class=\"section description description--light description--right description--short description--start\">\n  <div class=\"wrapper\">\n    <div class=\"description__container\">\n      <div class=\"description__content\">\n        <h2 class=\"display-lg\">Vores kultur er bygget til talentfulde it-professionelle<\/h2>\n        <div class=\"description__desc\">\n          <p>Hos The Codest \u00f8nsker vi at skabe et fordomsfrit og ambiti\u00f8st milj\u00f8, hvor alle medarbejdere kan udvikle sig.<\/p>\n        <\/div>\n                              <a href=\"https:\/\/thecodest.co\/da\/our-team\/\" class=\"description__button\">\n              M\u00f8d vores team            <\/a>\n                        <\/div>\n      <div class=\"description__image horizontal start\">\n                  <img \n    src=\"https:\/\/thecodest.co\/app\/uploads\/2024\/04\/v8a6125-1-.jpg\" \n    width=\"520\" \n    height=\"345\" \n    srcset=\"https:\/\/thecodest.co\/app\/uploads\/2024\/04\/v8a6125-1-.jpg 2000w, https:\/\/thecodest.co\/app\/uploads\/2024\/04\/v8a6125-1--300x200.jpg 300w, https:\/\/thecodest.co\/app\/uploads\/2024\/04\/v8a6125-1--1024x682.jpg 1024w, https:\/\/thecodest.co\/app\/uploads\/2024\/04\/v8a6125-1--768x512.jpg 768w, https:\/\/thecodest.co\/app\/uploads\/2024\/04\/v8a6125-1--1536x1024.jpg 1536w, https:\/\/thecodest.co\/app\/uploads\/2024\/04\/v8a6125-1--18x12.jpg 18w, https:\/\/thecodest.co\/app\/uploads\/2024\/04\/v8a6125-1--36x24.jpg 36w\" sizes=\"auto, (min-width: 1024px) 520px, 100vw\"\n    decoding=\"async\"\n    loading=\"lazy\"\n    alt=\"Codest\"\n    >              <\/div>\n    <\/div>\n  <\/div>\n  <\/section>\n\n\n\n<section id=\"content-box-block_d5284c49740c79ed50954003c1b78f4d\" class=\"section content-box\">\n  <div class=\"wrapper\">\n    <div class=\"content-box__container\">\n              <div class=\"content-box__head\">\n                      <h2 class=\"head display-lg weight-bold\">\n              Codest deltager i projekter over hele verden            <\/h2>\n                                <p>I l\u00f8bet af vores mere end 15 \u00e5r lange rejse i branchen har vi v\u00e6ret i stand til at arbejde med adskillige partnere fra hele verden. Vi har samarbejdet med partnere fra mere end 15 lande og skabt f\u00f8rsteklasses digitale produkter, der hj\u00e6lper vores kunders virksomheder med at vokse.<\/p>\n                  <\/div>\n      \n              <div class=\"content-box__content\">\n                      <img \n    src=\"https:\/\/thecodest.co\/app\/uploads\/2024\/04\/map-about-us.svg\" \n    width=\"1024\" \n    height=\"504\" \n    srcset=\"\"\n    decoding=\"async\"\n    loading=\"lazy\"\n    alt=\"Codest\"\n    >                                <a href=\"https:\/\/thecodest.co\/case-studies\/\" class=\"button button--primary button--inverted\">\n              <span class=\"button__content\">Oplev vores cases<\/span>\n            <\/a>\n                  <\/div>\n          <\/div>\n  <\/div>\n<\/section>\n\n\n\n<section id=\"banner-block_7185d58f2dd9735849764dfeec48bbc2\" class=\"section banner banner--default\">\n  <lottie-player\n      data-src=\"https:\/\/assets5.lottiefiles.com\/private_files\/lf30_oesx2rbi.json\"\n      background-color=\"transparent\"\n      :speed=\"1\"\n      loop\n autoplay\n class=\"lottie-box lottie-box--one\"\n  ><\/lottie-player>\n  <div class=\"wrapper\">\n    <div class=\"banner__container\">\n      <div class=\"banner__content\">\n                  <h2 class=\"display-xl\">Lad os tale om din id\u00e9<\/h2>\n                                  <a href=\"https:\/\/thecodest.co\/da\/contact\/\" class=\"button button--primary\">\n            <span class=\"button__content\">Kontakt os<\/span>\n          <\/a>\n              <\/div>\n    <\/div>\n  <\/div>\n  <lottie-player\n      data-src=\"https:\/\/assets10.lottiefiles.com\/private_files\/lf30_eymwl02x.json\"\n      :speed=\"1\"\n      loop\n autoplay\n class=\"lottie-box lottie-box--two\"\n  ><\/lottie-player>\n<\/section>","protected":false},"excerpt":{"rendered":"","protected":false},"author":1,"featured_media":0,"parent":0,"menu_order":0,"comment_status":"closed","ping_status":"closed","template":"","meta":{"_acf_changed":false,"inline_featured_image":false,"footnotes":""},"class_list":["post-901","page","type-page","status-publish","hentry"],"acf":[],"yoast_head":"<!-- This site is optimized with the Yoast SEO Premium plugin v27.3 (Yoast SEO v27.3) - https:\/\/yoast.com\/product\/yoast-seo-premium-wordpress\/ -->\n<title>About us - The Codest<\/title>\n<meta name=\"description\" content=\"Meet The Codest, an international tech software company helping businesses grow with experienced developers, scalable teams, and strong product development expertise.\" \/>\n<meta name=\"robots\" content=\"index, follow, max-snippet:-1, max-image-preview:large, max-video-preview:-1\" \/>\n<link rel=\"canonical\" href=\"https:\/\/thecodest.co\/da\/om-os\/\" \/>\n<meta property=\"og:locale\" content=\"da_DK\" \/>\n<meta property=\"og:type\" content=\"article\" \/>\n<meta property=\"og:title\" content=\"About us\" \/>\n<meta property=\"og:description\" content=\"Meet The Codest, an international tech software company helping businesses grow with experienced developers, scalable teams, and strong product development expertise.\" \/>\n<meta property=\"og:url\" content=\"https:\/\/thecodest.co\/da\/om-os\/\" \/>\n<meta property=\"og:site_name\" content=\"The Codest\" \/>\n<meta property=\"article:modified_time\" content=\"2026-04-10T10:17:09+00:00\" \/>\n<meta property=\"og:image\" content=\"https:\/\/thecodest.co\/app\/uploads\/2024\/06\/cover-image.png\" \/>\n\t<meta property=\"og:image:width\" content=\"1200\" \/>\n\t<meta property=\"og:image:height\" content=\"675\" \/>\n\t<meta property=\"og:image:type\" content=\"image\/png\" \/>\n<meta name=\"twitter:card\" content=\"summary_large_image\" \/>\n<script type=\"application\/ld+json\" class=\"yoast-schema-graph\">{\"@context\":\"https:\\\/\\\/schema.org\",\"@graph\":[{\"@type\":\"WebPage\",\"@id\":\"https:\\\/\\\/thecodest.co\\\/about-us\\\/\",\"url\":\"https:\\\/\\\/thecodest.co\\\/about-us\\\/\",\"name\":\"About us - The Codest\",\"isPartOf\":{\"@id\":\"https:\\\/\\\/thecodest.co\\\/#website\"},\"datePublished\":\"2024-03-22T12:44:41+00:00\",\"dateModified\":\"2026-04-10T10:17:09+00:00\",\"description\":\"Meet The Codest, an international tech software company helping businesses grow with experienced developers, scalable teams, and strong product development expertise.\",\"breadcrumb\":{\"@id\":\"https:\\\/\\\/thecodest.co\\\/about-us\\\/#breadcrumb\"},\"inLanguage\":\"da-DK\",\"potentialAction\":[{\"@type\":\"ReadAction\",\"target\":[\"https:\\\/\\\/thecodest.co\\\/about-us\\\/\"]}]},{\"@type\":\"BreadcrumbList\",\"@id\":\"https:\\\/\\\/thecodest.co\\\/about-us\\\/#breadcrumb\",\"itemListElement\":[{\"@type\":\"ListItem\",\"position\":1,\"name\":\"Home\",\"item\":\"https:\\\/\\\/thecodest.co\\\/\"},{\"@type\":\"ListItem\",\"position\":2,\"name\":\"About us\"}]},{\"@type\":\"WebSite\",\"@id\":\"https:\\\/\\\/thecodest.co\\\/#website\",\"url\":\"https:\\\/\\\/thecodest.co\\\/\",\"name\":\"The Codest\",\"description\":\"\",\"publisher\":{\"@id\":\"https:\\\/\\\/thecodest.co\\\/#organization\"},\"potentialAction\":[{\"@type\":\"SearchAction\",\"target\":{\"@type\":\"EntryPoint\",\"urlTemplate\":\"https:\\\/\\\/thecodest.co\\\/?s={search_term_string}\"},\"query-input\":{\"@type\":\"PropertyValueSpecification\",\"valueRequired\":true,\"valueName\":\"search_term_string\"}}],\"inLanguage\":\"da-DK\"},{\"@type\":\"Organization\",\"@id\":\"https:\\\/\\\/thecodest.co\\\/#organization\",\"name\":\"The Codest\",\"url\":\"https:\\\/\\\/thecodest.co\\\/\",\"logo\":{\"@type\":\"ImageObject\",\"inLanguage\":\"da-DK\",\"@id\":\"https:\\\/\\\/thecodest.co\\\/#\\\/schema\\\/logo\\\/image\\\/\",\"url\":\"https:\\\/\\\/thecodest.co\\\/app\\\/uploads\\\/2024\\\/03\\\/thecodest-logo.svg\",\"contentUrl\":\"https:\\\/\\\/thecodest.co\\\/app\\\/uploads\\\/2024\\\/03\\\/thecodest-logo.svg\",\"width\":144,\"height\":36,\"caption\":\"The Codest\"},\"image\":{\"@id\":\"https:\\\/\\\/thecodest.co\\\/#\\\/schema\\\/logo\\\/image\\\/\"},\"sameAs\":[\"https:\\\/\\\/pl.linkedin.com\\\/company\\\/codest\",\"https:\\\/\\\/clutch.co\\\/profile\\\/codest\"]}]}<\/script>\n<!-- \/ Yoast SEO Premium plugin. -->","yoast_head_json":{"title":"Om os - The Codest","description":"M\u00f8d The Codest, en international teknisk softwarevirksomhed, der hj\u00e6lper virksomheder med at vokse med erfarne udviklere, skalerbare teams og st\u00e6rk ekspertise inden for produktudvikling.","robots":{"index":"index","follow":"follow","max-snippet":"max-snippet:-1","max-image-preview":"max-image-preview:large","max-video-preview":"max-video-preview:-1"},"canonical":"https:\/\/thecodest.co\/da\/om-os\/","og_locale":"da_DK","og_type":"article","og_title":"About us","og_description":"Meet The Codest, an international tech software company helping businesses grow with experienced developers, scalable teams, and strong product development expertise.","og_url":"https:\/\/thecodest.co\/da\/om-os\/","og_site_name":"The Codest","article_modified_time":"2026-04-10T10:17:09+00:00","og_image":[{"width":1200,"height":675,"url":"https:\/\/thecodest.co\/app\/uploads\/2024\/06\/cover-image.png","type":"image\/png"}],"twitter_card":"summary_large_image","schema":{"@context":"https:\/\/schema.org","@graph":[{"@type":"WebPage","@id":"https:\/\/thecodest.co\/about-us\/","url":"https:\/\/thecodest.co\/about-us\/","name":"Om os - The Codest","isPartOf":{"@id":"https:\/\/thecodest.co\/#website"},"datePublished":"2024-03-22T12:44:41+00:00","dateModified":"2026-04-10T10:17:09+00:00","description":"M\u00f8d The Codest, en international teknisk softwarevirksomhed, der hj\u00e6lper virksomheder med at vokse med erfarne udviklere, skalerbare teams og st\u00e6rk ekspertise inden for produktudvikling.","breadcrumb":{"@id":"https:\/\/thecodest.co\/about-us\/#breadcrumb"},"inLanguage":"da-DK","potentialAction":[{"@type":"ReadAction","target":["https:\/\/thecodest.co\/about-us\/"]}]},{"@type":"BreadcrumbList","@id":"https:\/\/thecodest.co\/about-us\/#breadcrumb","itemListElement":[{"@type":"ListItem","position":1,"name":"Home","item":"https:\/\/thecodest.co\/"},{"@type":"ListItem","position":2,"name":"About us"}]},{"@type":"WebSite","@id":"https:\/\/thecodest.co\/#website","url":"https:\/\/thecodest.co\/","name":"Codest","description":"","publisher":{"@id":"https:\/\/thecodest.co\/#organization"},"potentialAction":[{"@type":"SearchAction","target":{"@type":"EntryPoint","urlTemplate":"https:\/\/thecodest.co\/?s={search_term_string}"},"query-input":{"@type":"PropertyValueSpecification","valueRequired":true,"valueName":"search_term_string"}}],"inLanguage":"da-DK"},{"@type":"Organization","@id":"https:\/\/thecodest.co\/#organization","name":"Codest","url":"https:\/\/thecodest.co\/","logo":{"@type":"ImageObject","inLanguage":"da-DK","@id":"https:\/\/thecodest.co\/#\/schema\/logo\/image\/","url":"https:\/\/thecodest.co\/app\/uploads\/2024\/03\/thecodest-logo.svg","contentUrl":"https:\/\/thecodest.co\/app\/uploads\/2024\/03\/thecodest-logo.svg","width":144,"height":36,"caption":"The Codest"},"image":{"@id":"https:\/\/thecodest.co\/#\/schema\/logo\/image\/"},"sameAs":["https:\/\/pl.linkedin.com\/company\/codest","https:\/\/clutch.co\/profile\/codest"]}]}},"_links":{"self":[{"href":"https:\/\/thecodest.co\/da\/wp-json\/wp\/v2\/pages\/901","targetHints":{"allow":["GET"]}}],"collection":[{"href":"https:\/\/thecodest.co\/da\/wp-json\/wp\/v2\/pages"}],"about":[{"href":"https:\/\/thecodest.co\/da\/wp-json\/wp\/v2\/types\/page"}],"author":[{"embeddable":true,"href":"https:\/\/thecodest.co\/da\/wp-json\/wp\/v2\/users\/1"}],"replies":[{"embeddable":true,"href":"https:\/\/thecodest.co\/da\/wp-json\/wp\/v2\/comments?post=901"}],"version-history":[{"count":98,"href":"https:\/\/thecodest.co\/da\/wp-json\/wp\/v2\/pages\/901\/revisions"}],"predecessor-version":[{"id":11095,"href":"https:\/\/thecodest.co\/da\/wp-json\/wp\/v2\/pages\/901\/revisions\/11095"}],"wp:attachment":[{"href":"https:\/\/thecodest.co\/da\/wp-json\/wp\/v2\/media?parent=901"}],"curies":[{"name":"wp","href":"https:\/\/api.w.org\/{rel}","templated":true}]}}