{"id":901,"date":"2024-03-22T12:44:41","date_gmt":"2024-03-22T12:44:41","guid":{"rendered":"http:\/\/the-codest.localhost\/?page_id=901"},"modified":"2026-03-30T12:14:55","modified_gmt":"2026-03-30T12:14:55","slug":"o-nas","status":"publish","type":"page","link":"https:\/\/thecodest.co\/cs\/about-us\/","title":{"rendered":"O n\u00e1s"},"content":{"rendered":"<section id=\"intro-block_2d47fa9b9c8b85011584429e5c35c6aa\"\n         class=\"section intro intro--movie no-image-bg intro--normal\"\n  >\n      <div class=\"wrapper\">\n      <div class=\"intro__container\">\n        <h1 class=\"intro__title\">N\u00e1\u0161 p\u0159\u00edb\u011bh<\/h1>\n        <iframe src=\"https:\/\/www.youtube.com\/embed\/ikMXhIUaCyI\" frameborder=\"0\"\n                class=\"intro__video\"><\/iframe>\n      <\/div>\n    <\/div>\n      <\/section>\n\n\n\n<section id=\"description-block_a3ef9f058ebbb660f8b288679742fe2e\"\n         class=\"section description description--none description--left description--long description--start\">\n  <div class=\"wrapper\">\n    <div class=\"description__container\">\n      <div class=\"description__content\">\n        <h2 class=\"display-lg\">Zakladatelsk\u00fd t\u00fdm<\/h2>\n        <div class=\"description__desc\">\n          <p>Zpo\u010d\u00e1tku byla spole\u010dnost Codest sou\u010d\u00e1st\u00ed spole\u010dnosti AdTaily, kde z\u00edskala uzn\u00e1n\u00ed za v\u00fdvoj a uveden\u00ed pr\u016flomov\u00e9ho \u0159e\u0161en\u00ed AdTech.<\/p>\n<p>Jejich \u00fasp\u011bch p\u0159il\u00e1kal v roce 2009 investici od Agora Group - jedn\u00e9 z nejv\u011bt\u0161\u00edch medi\u00e1ln\u00edch skupin v Polsku.<\/p>\n<p>Na z\u00e1klad\u011b sv\u00fdch \u00fasp\u011bch\u016f vytvo\u0159ili talentovan\u00ed v\u00fdvoj\u00e1\u0159i ze spole\u010dnosti Codest dal\u0161\u00ed \u0159e\u0161en\u00ed Adtech s n\u00e1zvem \"Yieldbird\" - software pro programatickou reklamu a optimalizaci. Tento produkt zaznamenal v\u00fdznamn\u00fd \u00fasp\u011bch na sv\u011btov\u00e9m trhu a byl ocen\u011bn jako laure\u00e1t presti\u017en\u00edho ocen\u011bn\u00ed Top25 spole\u010dnosti Deloitte.<\/p>\n<p>V roce 2020 Greg a Jakub jako mana\u017ee\u0159i spole\u010dnosti Codest provedli MBO od spole\u010dnosti Agora Group a vytvo\u0159ili The Codest - mezin\u00e1rodn\u00ed spole\u010dnost zab\u00fdvaj\u00edc\u00ed se v\u00fdvojem softwaru.<\/p>\n<p>D\u00edky sv\u00fdm rozs\u00e1hl\u00fdm zku\u0161enostem s vytv\u00e1\u0159en\u00edm \u00fasp\u011b\u0161n\u00fdch produkt\u016f, projekt\u016f digit\u00e1ln\u00ed transformace a tak\u00e9 s vytv\u00e1\u0159en\u00edm a \u0159\u00edzen\u00edm t\u00fdmu \u0161pi\u010dkov\u00fdch v\u00fdvoj\u00e1\u0159\u016f maj\u00ed zakladatel\u00e9 spole\u010dnosti The Codest neoceniteln\u00fd p\u0159ehled o v\u00fdzv\u00e1ch spojen\u00fdch s v\u00fdvojem produkt\u016f.<\/p>\n<p><span style=\"font-weight: 400;\">V pr\u016fb\u011bhu let z\u00edskali hlubok\u00e9 zku\u0161enosti v r\u016fzn\u00fdch odv\u011btv\u00edch, v\u010detn\u011b e-commerce, fintech\/bankovnictv\u00ed, logistiky a dal\u0161\u00edch, a dokon\u010dili v\u00edce ne\u017e 150 projekt\u016f.<\/span><span style=\"font-weight: 400;\">.\u00a0<\/span><\/p>\n<p>D\u00edky tomuto know-how mohou sv\u00fdm klient\u016fm poskytovat cenn\u00e9 rady, pom\u00e1hat jim vyhnout se z\u00e1sadn\u00edm chyb\u00e1m a optimalizovat jejich podnik\u00e1n\u00ed.<\/p>\n<p>Poj\u010fme si promluvit o tom, jak m\u016f\u017ee n\u00e1\u0161 t\u00fdm pos\u00edlit va\u0161e dod\u00e1vky IT nebo v\u00e1m pomoci vytvo\u0159it p\u016fsobiv\u00e9 digit\u00e1ln\u00ed produkty.<\/p>\n        <\/div>\n              <\/div>\n      <div class=\"description__image vertical start\">\n                  <img decoding=\"async\" \n    src=\"https:\/\/thecodest.co\/app\/uploads\/2024\/04\/foto-4_3.png\" \n    width=\"380\" \n    height=\"460\" \n    srcset=\"https:\/\/thecodest.co\/app\/uploads\/2024\/04\/foto-4_3.png 300w, https:\/\/thecodest.co\/app\/uploads\/2024\/04\/foto-4_3-225x300.png 225w, https:\/\/thecodest.co\/app\/uploads\/2024\/04\/foto-4_3-9x12.png 9w, https:\/\/thecodest.co\/app\/uploads\/2024\/04\/foto-4_3-18x24.png 18w\" sizes=\"auto, (max-width: 300px) 100vw, 300px\"\n    loading=\"lazy\"\n    alt=\"The Codest\"\n    >              <\/div>\n    <\/div>\n  <\/div>\n      <lottie-player\n        data-src=\"https:\/\/assets10.lottiefiles.com\/private_files\/lf30_anpknwfr.json\"\n        :speed=\"1\"\n        loop\n autoplay\n class=\"lottie-box\"\n    ><\/lottie-player>\n  <\/section>\n\n\n\n<section id=\"numbers-block_1715e7cdb5fba902965d2078f8657e83\" class=\"section numbers\">\n  <div class=\"wrapper\">\n    <div class=\"numbers__container numbers__left\">\n      <numbers :index=\"1\"><\/numbers>\n    <\/div>\n  <\/div>\n<\/section>\n\n\n\n<section id=\"tiles-block_09f5c4deb81382d14f238e92ca671eb5\"\n         class=\"section tiles tiles--white\">\n  <div class=\"wrapper\">\n    <div class=\"tiles__container\">\n              <h2 class=\"tiles__head display-lg weight-bold\">\n          V\u00fdvoj frontend\u016f pomoc\u00ed The Codest        <\/h2>\n                  <div class=\"tiles__content\">\n                  <div class=\"tiles__item\">\n            <img decoding=\"async\" src=\"https:\/\/thecodest.co\/app\/themes\/the-codest\/images\/icon-check2.svg\">\n            <h3 class=\"head display-sm weight-bold\">Partnerstv\u00ed<\/h3>\n            <p class=\"desc text-md\">\n              Jako spole\u010dnost s produktovou DNA zn\u00e1me dne\u0161n\u00ed technologick\u00e9 v\u00fdzvy mnoha podnik\u016f. Zde je na\u0161e tr\u017en\u00ed v\u00fdhoda a hlavn\u00ed oblast prosazov\u00e1n\u00ed va\u0161eho podnik\u00e1n\u00ed.            <\/p>\n          <\/div>\n                  <div class=\"tiles__item\">\n            <img decoding=\"async\" src=\"https:\/\/thecodest.co\/app\/themes\/the-codest\/images\/icon-check2.svg\">\n            <h3 class=\"head display-sm weight-bold\">Zapojen\u00ed<\/h3>\n            <p class=\"desc text-md\">\n              Jako The Codest aktivn\u011b rad\u00edme klient\u016fm s vyu\u017eit\u00edm na\u0161\u00ed kultury pr\u00e1ce a osv\u011bd\u010den\u00fdch metod, navrhujeme nejlep\u0161\u00ed \u0159e\u0161en\u00ed a p\u0159eb\u00edr\u00e1me iniciativu.            <\/p>\n          <\/div>\n                  <div class=\"tiles__item\">\n            <img decoding=\"async\" src=\"https:\/\/thecodest.co\/app\/themes\/the-codest\/images\/icon-check2.svg\">\n            <h3 class=\"head display-sm weight-bold\">Neust\u00e1l\u00e9 zlep\u0161ov\u00e1n\u00ed<\/h3>\n            <p class=\"desc text-md\">\n              Neust\u00e1le zvy\u0161ujeme sv\u00e9 dovednosti a sd\u00edl\u00edme odborn\u00e9 znalosti v r\u00e1mci na\u0161eho t\u00fdmu i s klienty, p\u0159i\u010dem\u017e se sna\u017e\u00edme zv\u00fd\u0161it ka\u017edodenn\u00ed produktivitu pr\u00e1ce na\u0161ich partner\u016f prost\u0159ednictv\u00edm propracovan\u00fdch metod spolupr\u00e1ce.            <\/p>\n          <\/div>\n                  <div class=\"tiles__item\">\n            <img decoding=\"async\" src=\"https:\/\/thecodest.co\/app\/themes\/the-codest\/images\/icon-check2.svg\">\n            <h3 class=\"head display-sm weight-bold\">V\u00e1\u0161e\u0148<\/h3>\n            <p class=\"desc text-md\">\n              Svou v\u00e1\u0161e\u0148 pro programov\u00e1n\u00ed projevujeme vytv\u00e1\u0159en\u00edm k\u00f3du nejvy\u0161\u0161\u00ed kvality. Pos\u00e1dku The Codest tvo\u0159\u00ed lid\u00e9, kter\u00e9 jejich pr\u00e1ce prost\u011b bav\u00ed.            <\/p>\n          <\/div>\n              <\/div>\n    <\/div>\n  <\/div>\n<\/section>\n\n\n\n<section id=\"circles-block_9abf204a9844d8b429c7f54e74c2c1cb\" class=\"section circles\">\n  <div class=\"wrapper\">\n    <div class=\"circles__container\">\n      <div class=\"circles__head\">\n        <h2 class=\"head display-lg weight-bold\">Oblasti p\u016fsobnosti<\/h2>\n        <div class=\"desc\"><\/div>\n      <\/div>\n\n      <div class=\"circles__content\">\n        <div class=\"circles__technologies\">\n                                    <div class=\"technologies__item\">\n                <div class=\"technologies__content\">\n                  <img decoding=\"async\" \n    src=\"https:\/\/thecodest.co\/app\/uploads\/2024\/04\/react-expertise.svg\" \n    width=\"54\" \n    height=\"54\" \n    srcset=\"\"\n    loading=\"lazy\"\n    alt=\"The Codest\"\n    >                <\/div>\n                <div id=\"curved-corner-bottomleft\"><\/div>\n                <div id=\"curved-corner-bottomright\"><\/div>\n                <div id=\"curved-corner-topleft\"><\/div>\n                <div id=\"curved-corner-topright\"><\/div>\n              <\/div>\n                                                <div class=\"technologies__item\">\n                <div class=\"technologies__content\">\n                  <img decoding=\"async\" \n    src=\"https:\/\/thecodest.co\/app\/uploads\/2024\/04\/ruby-expertise.svg\" \n    width=\"54\" \n    height=\"54\" \n    srcset=\"\"\n    loading=\"lazy\"\n    alt=\"The Codest\"\n    >                <\/div>\n                <div id=\"curved-corner-bottomleft\"><\/div>\n                <div id=\"curved-corner-bottomright\"><\/div>\n                <div id=\"curved-corner-topleft\"><\/div>\n                <div id=\"curved-corner-topright\"><\/div>\n              <\/div>\n                                                <div class=\"technologies__item\">\n                <div class=\"technologies__content\">\n                  <img decoding=\"async\" \n    src=\"https:\/\/thecodest.co\/app\/uploads\/2024\/04\/typescript-expertise.svg\" \n    width=\"54\" \n    height=\"54\" \n    srcset=\"\"\n    loading=\"lazy\"\n    alt=\"The Codest\"\n    >                <\/div>\n                <div id=\"curved-corner-bottomleft\"><\/div>\n                <div id=\"curved-corner-bottomright\"><\/div>\n                <div id=\"curved-corner-topleft\"><\/div>\n                <div id=\"curved-corner-topright\"><\/div>\n              <\/div>\n                                                <div class=\"technologies__item\">\n                <div class=\"technologies__content\">\n                  <img decoding=\"async\" \n    src=\"https:\/\/thecodest.co\/app\/uploads\/2024\/04\/vue-expertise.svg\" \n    width=\"54\" \n    height=\"54\" \n    srcset=\"\"\n    loading=\"lazy\"\n    alt=\"The Codest\"\n    >                <\/div>\n                <div id=\"curved-corner-bottomleft\"><\/div>\n                <div id=\"curved-corner-bottomright\"><\/div>\n                <div id=\"curved-corner-topleft\"><\/div>\n                <div id=\"curved-corner-topright\"><\/div>\n              <\/div>\n                                                <div class=\"technologies__item\">\n                <div class=\"technologies__content\">\n                  <img decoding=\"async\" \n    src=\"https:\/\/thecodest.co\/app\/uploads\/2024\/04\/python-expertise.svg\" \n    width=\"54\" \n    height=\"54\" \n    srcset=\"\"\n    loading=\"lazy\"\n    alt=\"The Codest\"\n    >                <\/div>\n                <div id=\"curved-corner-bottomleft\"><\/div>\n                <div id=\"curved-corner-bottomright\"><\/div>\n                <div id=\"curved-corner-topleft\"><\/div>\n                <div id=\"curved-corner-topright\"><\/div>\n              <\/div>\n                                                <div class=\"technologies__item\">\n                <div class=\"technologies__content\">\n                  <img decoding=\"async\" \n    src=\"https:\/\/thecodest.co\/app\/uploads\/2024\/04\/php-expertise.svg\" \n    width=\"54\" \n    height=\"54\" \n    srcset=\"\"\n    loading=\"lazy\"\n    alt=\"The Codest\"\n    >                <\/div>\n                <div id=\"curved-corner-bottomleft\"><\/div>\n                <div id=\"curved-corner-bottomright\"><\/div>\n                <div id=\"curved-corner-topleft\"><\/div>\n                <div id=\"curved-corner-topright\"><\/div>\n              <\/div>\n                                                <div class=\"technologies__item\">\n                <div class=\"technologies__content\">\n                  <img decoding=\"async\" \n    src=\"https:\/\/thecodest.co\/app\/uploads\/2024\/04\/java-expertise.svg\" \n    width=\"54\" \n    height=\"54\" \n    srcset=\"\"\n    loading=\"lazy\"\n    alt=\"The Codest\"\n    >                <\/div>\n                <div id=\"curved-corner-bottomleft\"><\/div>\n                <div id=\"curved-corner-bottomright\"><\/div>\n                <div id=\"curved-corner-topleft\"><\/div>\n                <div id=\"curved-corner-topright\"><\/div>\n              <\/div>\n                              <\/div>\n      <\/div>\n    <\/div>\n  <\/div>\n<\/section>\n\n\n\n<section id=\"description-block_63ecbf8f4a7a687afce783d7413ab9f0\"\n         class=\"section description description--light description--right description--short description--start\">\n  <div class=\"wrapper\">\n    <div class=\"description__container\">\n      <div class=\"description__content\">\n        <h2 class=\"display-lg\">Na\u0161e kultura je vytvo\u0159ena pro talentovan\u00e9 IT profesion\u00e1ly<\/h2>\n        <div class=\"description__desc\">\n          <p>Ve spole\u010dnosti The Codest se sna\u017e\u00edme vytv\u00e1\u0159et otev\u0159en\u00e9 a ambici\u00f3zn\u00ed prost\u0159ed\u00ed pro r\u016fst ka\u017ed\u00e9ho zam\u011bstnance.<\/p>\n        <\/div>\n                              <a href=\"https:\/\/thecodest.co\/cs\/our-team\/\" class=\"description__button\">\n              Seznamte se s na\u0161\u00edm t\u00fdmem            <\/a>\n                        <\/div>\n      <div class=\"description__image horizontal start\">\n                  <img decoding=\"async\" \n    src=\"https:\/\/thecodest.co\/app\/uploads\/2024\/04\/v8a6125-1--1024x682.jpg\" \n    width=\"520\" \n    height=\"345\" \n    srcset=\"https:\/\/thecodest.co\/app\/uploads\/2024\/04\/v8a6125-1--1024x682.jpg 1024w, https:\/\/thecodest.co\/app\/uploads\/2024\/04\/v8a6125-1--300x200.jpg 300w, https:\/\/thecodest.co\/app\/uploads\/2024\/04\/v8a6125-1--768x512.jpg 768w, https:\/\/thecodest.co\/app\/uploads\/2024\/04\/v8a6125-1--1536x1024.jpg 1536w, https:\/\/thecodest.co\/app\/uploads\/2024\/04\/v8a6125-1--18x12.jpg 18w, https:\/\/thecodest.co\/app\/uploads\/2024\/04\/v8a6125-1--36x24.jpg 36w, https:\/\/thecodest.co\/app\/uploads\/2024\/04\/v8a6125-1-.jpg 2000w\" sizes=\"auto, (max-width: 1024px) 100vw, 1024px\"\n    loading=\"lazy\"\n    alt=\"The Codest\"\n    >              <\/div>\n    <\/div>\n  <\/div>\n  <\/section>\n\n\n\n<section id=\"content-box-block_d5284c49740c79ed50954003c1b78f4d\" class=\"section content-box\">\n  <div class=\"wrapper\">\n    <div class=\"content-box__container\">\n              <div class=\"content-box__head\">\n                      <h2 class=\"head display-lg weight-bold\">\n              The Codest se pod\u00edl\u00ed na projektech po cel\u00e9m sv\u011bt\u011b            <\/h2>\n                                <p>B\u011bhem na\u0161\u00ed v\u00edce ne\u017e 15let\u00e9 cesty v oboru jsme m\u011bli mo\u017enost spolupracovat s n\u011bkolika partnery z cel\u00e9ho sv\u011bta. Spolupracovali jsme s partnery z v\u00edce ne\u017e 15+ zem\u00ed a vytv\u00e1\u0159eli jsme \u0161pi\u010dkov\u00e9 digit\u00e1ln\u00ed produkty, kter\u00e9 pom\u00e1haj\u00ed r\u016fst podnik\u00e1n\u00ed na\u0161ich klient\u016f.<\/p>\n                  <\/div>\n      \n              <div class=\"content-box__content\">\n                      <img decoding=\"async\" \n    src=\"https:\/\/thecodest.co\/app\/uploads\/2024\/04\/map-about-us.svg\" \n    width=\"1024\" \n    height=\"504\" \n    srcset=\"\"\n    loading=\"lazy\"\n    alt=\"The Codest\"\n    >                                <a href=\"https:\/\/thecodest.co\/case-studies\/\" class=\"button button--primary button--inverted\">\n              <span class=\"button__content\">Objevte na\u0161e p\u0159\u00edpady<\/span>\n            <\/a>\n                  <\/div>\n          <\/div>\n  <\/div>\n<\/section>\n\n\n\n<section id=\"banner-block_7185d58f2dd9735849764dfeec48bbc2\" class=\"section banner banner--default\">\n  <lottie-player\n      data-src=\"https:\/\/assets5.lottiefiles.com\/private_files\/lf30_oesx2rbi.json\"\n      background-color=\"transparent\"\n      :speed=\"1\"\n      loop\n autoplay\n class=\"lottie-box lottie-box--one\"\n  ><\/lottie-player>\n  <div class=\"wrapper\">\n    <div class=\"banner__container\">\n      <div class=\"banner__content\">\n                  <h2 class=\"display-xl\">Promluvme si o va\u0161em n\u00e1padu<\/h2>\n                                  <a href=\"https:\/\/thecodest.co\/cs\/contact\/\" class=\"button button--primary\">\n            <span class=\"button__content\">Kontaktujte n\u00e1s<\/span>\n          <\/a>\n              <\/div>\n    <\/div>\n  <\/div>\n  <lottie-player\n      data-src=\"https:\/\/assets10.lottiefiles.com\/private_files\/lf30_eymwl02x.json\"\n      :speed=\"1\"\n      loop\n autoplay\n class=\"lottie-box lottie-box--two\"\n  ><\/lottie-player>\n<\/section>","protected":false},"excerpt":{"rendered":"","protected":false},"author":1,"featured_media":0,"parent":0,"menu_order":0,"comment_status":"closed","ping_status":"closed","template":"","meta":{"_acf_changed":false,"inline_featured_image":false,"footnotes":""},"class_list":["post-901","page","type-page","status-publish","hentry"],"acf":[],"yoast_head":"<!-- This site is optimized with the Yoast SEO Premium plugin v27.3 (Yoast SEO v27.3) - https:\/\/yoast.com\/product\/yoast-seo-premium-wordpress\/ -->\n<title>About us - The Codest<\/title>\n<meta name=\"description\" content=\"Meet The Codest, an international tech software company helping businesses grow with experienced developers, scalable teams, and strong product development expertise.\" \/>\n<meta name=\"robots\" content=\"index, follow, max-snippet:-1, max-image-preview:large, max-video-preview:-1\" \/>\n<link rel=\"canonical\" href=\"https:\/\/thecodest.co\/cs\/o-nas\/\" \/>\n<meta property=\"og:locale\" content=\"cs_CZ\" \/>\n<meta property=\"og:type\" content=\"article\" \/>\n<meta property=\"og:title\" content=\"About us\" \/>\n<meta property=\"og:description\" content=\"Meet The Codest, an international tech software company helping businesses grow with experienced developers, scalable teams, and strong product development expertise.\" \/>\n<meta property=\"og:url\" content=\"https:\/\/thecodest.co\/cs\/o-nas\/\" \/>\n<meta property=\"og:site_name\" content=\"The Codest\" \/>\n<meta property=\"article:modified_time\" content=\"2026-03-30T12:14:55+00:00\" \/>\n<meta property=\"og:image\" content=\"https:\/\/thecodest.co\/app\/uploads\/2024\/06\/cover-image.png\" \/>\n\t<meta property=\"og:image:width\" content=\"1200\" \/>\n\t<meta property=\"og:image:height\" content=\"675\" \/>\n\t<meta property=\"og:image:type\" content=\"image\/png\" \/>\n<meta name=\"twitter:card\" content=\"summary_large_image\" \/>\n<script type=\"application\/ld+json\" class=\"yoast-schema-graph\">{\"@context\":\"https:\\\/\\\/schema.org\",\"@graph\":[{\"@type\":\"WebPage\",\"@id\":\"https:\\\/\\\/thecodest.co\\\/about-us\\\/\",\"url\":\"https:\\\/\\\/thecodest.co\\\/about-us\\\/\",\"name\":\"About us - The Codest\",\"isPartOf\":{\"@id\":\"https:\\\/\\\/thecodest.co\\\/#website\"},\"datePublished\":\"2024-03-22T12:44:41+00:00\",\"dateModified\":\"2026-03-30T12:14:55+00:00\",\"description\":\"Meet The Codest, an international tech software company helping businesses grow with experienced developers, scalable teams, and strong product development expertise.\",\"breadcrumb\":{\"@id\":\"https:\\\/\\\/thecodest.co\\\/about-us\\\/#breadcrumb\"},\"inLanguage\":\"cs-CZ\",\"potentialAction\":[{\"@type\":\"ReadAction\",\"target\":[\"https:\\\/\\\/thecodest.co\\\/about-us\\\/\"]}]},{\"@type\":\"BreadcrumbList\",\"@id\":\"https:\\\/\\\/thecodest.co\\\/about-us\\\/#breadcrumb\",\"itemListElement\":[{\"@type\":\"ListItem\",\"position\":1,\"name\":\"Home\",\"item\":\"https:\\\/\\\/thecodest.co\\\/\"},{\"@type\":\"ListItem\",\"position\":2,\"name\":\"About us\"}]},{\"@type\":\"WebSite\",\"@id\":\"https:\\\/\\\/thecodest.co\\\/#website\",\"url\":\"https:\\\/\\\/thecodest.co\\\/\",\"name\":\"The Codest\",\"description\":\"\",\"publisher\":{\"@id\":\"https:\\\/\\\/thecodest.co\\\/#organization\"},\"potentialAction\":[{\"@type\":\"SearchAction\",\"target\":{\"@type\":\"EntryPoint\",\"urlTemplate\":\"https:\\\/\\\/thecodest.co\\\/?s={search_term_string}\"},\"query-input\":{\"@type\":\"PropertyValueSpecification\",\"valueRequired\":true,\"valueName\":\"search_term_string\"}}],\"inLanguage\":\"cs-CZ\"},{\"@type\":\"Organization\",\"@id\":\"https:\\\/\\\/thecodest.co\\\/#organization\",\"name\":\"The Codest\",\"url\":\"https:\\\/\\\/thecodest.co\\\/\",\"logo\":{\"@type\":\"ImageObject\",\"inLanguage\":\"cs-CZ\",\"@id\":\"https:\\\/\\\/thecodest.co\\\/#\\\/schema\\\/logo\\\/image\\\/\",\"url\":\"https:\\\/\\\/thecodest.co\\\/app\\\/uploads\\\/2024\\\/03\\\/thecodest-logo.svg\",\"contentUrl\":\"https:\\\/\\\/thecodest.co\\\/app\\\/uploads\\\/2024\\\/03\\\/thecodest-logo.svg\",\"width\":144,\"height\":36,\"caption\":\"The Codest\"},\"image\":{\"@id\":\"https:\\\/\\\/thecodest.co\\\/#\\\/schema\\\/logo\\\/image\\\/\"},\"sameAs\":[\"https:\\\/\\\/pl.linkedin.com\\\/company\\\/codest\",\"https:\\\/\\\/clutch.co\\\/profile\\\/codest\"]}]}<\/script>\n<!-- \/ Yoast SEO Premium plugin. -->","yoast_head_json":{"title":"O n\u00e1s - The Codest","description":"Seznamte se s The Codest, mezin\u00e1rodn\u00ed technologickou softwarovou spole\u010dnost\u00ed, kter\u00e1 pom\u00e1h\u00e1 firm\u00e1m r\u016fst d\u00edky zku\u0161en\u00fdm v\u00fdvoj\u00e1\u0159\u016fm, \u0161k\u00e1lovateln\u00fdm t\u00fdm\u016fm a siln\u00fdm odborn\u00fdm znalostem v oblasti v\u00fdvoje produkt\u016f.","robots":{"index":"index","follow":"follow","max-snippet":"max-snippet:-1","max-image-preview":"max-image-preview:large","max-video-preview":"max-video-preview:-1"},"canonical":"https:\/\/thecodest.co\/cs\/o-nas\/","og_locale":"cs_CZ","og_type":"article","og_title":"About us","og_description":"Meet The Codest, an international tech software company helping businesses grow with experienced developers, scalable teams, and strong product development expertise.","og_url":"https:\/\/thecodest.co\/cs\/o-nas\/","og_site_name":"The Codest","article_modified_time":"2026-03-30T12:14:55+00:00","og_image":[{"width":1200,"height":675,"url":"https:\/\/thecodest.co\/app\/uploads\/2024\/06\/cover-image.png","type":"image\/png"}],"twitter_card":"summary_large_image","schema":{"@context":"https:\/\/schema.org","@graph":[{"@type":"WebPage","@id":"https:\/\/thecodest.co\/about-us\/","url":"https:\/\/thecodest.co\/about-us\/","name":"O n\u00e1s - The Codest","isPartOf":{"@id":"https:\/\/thecodest.co\/#website"},"datePublished":"2024-03-22T12:44:41+00:00","dateModified":"2026-03-30T12:14:55+00:00","description":"Seznamte se s The Codest, mezin\u00e1rodn\u00ed technologickou softwarovou spole\u010dnost\u00ed, kter\u00e1 pom\u00e1h\u00e1 firm\u00e1m r\u016fst d\u00edky zku\u0161en\u00fdm v\u00fdvoj\u00e1\u0159\u016fm, \u0161k\u00e1lovateln\u00fdm t\u00fdm\u016fm a siln\u00fdm odborn\u00fdm znalostem v oblasti v\u00fdvoje produkt\u016f.","breadcrumb":{"@id":"https:\/\/thecodest.co\/about-us\/#breadcrumb"},"inLanguage":"cs-CZ","potentialAction":[{"@type":"ReadAction","target":["https:\/\/thecodest.co\/about-us\/"]}]},{"@type":"BreadcrumbList","@id":"https:\/\/thecodest.co\/about-us\/#breadcrumb","itemListElement":[{"@type":"ListItem","position":1,"name":"Home","item":"https:\/\/thecodest.co\/"},{"@type":"ListItem","position":2,"name":"About us"}]},{"@type":"WebSite","@id":"https:\/\/thecodest.co\/#website","url":"https:\/\/thecodest.co\/","name":"The Codest","description":"","publisher":{"@id":"https:\/\/thecodest.co\/#organization"},"potentialAction":[{"@type":"SearchAction","target":{"@type":"EntryPoint","urlTemplate":"https:\/\/thecodest.co\/?s={search_term_string}"},"query-input":{"@type":"PropertyValueSpecification","valueRequired":true,"valueName":"search_term_string"}}],"inLanguage":"cs-CZ"},{"@type":"Organization","@id":"https:\/\/thecodest.co\/#organization","name":"The Codest","url":"https:\/\/thecodest.co\/","logo":{"@type":"ImageObject","inLanguage":"cs-CZ","@id":"https:\/\/thecodest.co\/#\/schema\/logo\/image\/","url":"https:\/\/thecodest.co\/app\/uploads\/2024\/03\/thecodest-logo.svg","contentUrl":"https:\/\/thecodest.co\/app\/uploads\/2024\/03\/thecodest-logo.svg","width":144,"height":36,"caption":"The Codest"},"image":{"@id":"https:\/\/thecodest.co\/#\/schema\/logo\/image\/"},"sameAs":["https:\/\/pl.linkedin.com\/company\/codest","https:\/\/clutch.co\/profile\/codest"]}]}},"_links":{"self":[{"href":"https:\/\/thecodest.co\/cs\/wp-json\/wp\/v2\/pages\/901","targetHints":{"allow":["GET"]}}],"collection":[{"href":"https:\/\/thecodest.co\/cs\/wp-json\/wp\/v2\/pages"}],"about":[{"href":"https:\/\/thecodest.co\/cs\/wp-json\/wp\/v2\/types\/page"}],"author":[{"embeddable":true,"href":"https:\/\/thecodest.co\/cs\/wp-json\/wp\/v2\/users\/1"}],"replies":[{"embeddable":true,"href":"https:\/\/thecodest.co\/cs\/wp-json\/wp\/v2\/comments?post=901"}],"version-history":[{"count":97,"href":"https:\/\/thecodest.co\/cs\/wp-json\/wp\/v2\/pages\/901\/revisions"}],"predecessor-version":[{"id":9138,"href":"https:\/\/thecodest.co\/cs\/wp-json\/wp\/v2\/pages\/901\/revisions\/9138"}],"wp:attachment":[{"href":"https:\/\/thecodest.co\/cs\/wp-json\/wp\/v2\/media?parent=901"}],"curies":[{"name":"wp","href":"https:\/\/api.w.org\/{rel}","templated":true}]}}